{"id":694518,"date":"2024-08-18T12:10:35","date_gmt":"2024-08-18T09:10:35","guid":{"rendered":"https:\/\/nbg.eu\/product\/slide-stop-26-recessed-kmr\/"},"modified":"2026-05-13T16:02:08","modified_gmt":"2026-05-13T13:02:08","slug":"slide-stop-26-recessed-kmr","status":"publish","type":"product","link":"https:\/\/nbg.eu\/fi\/tuote\/slide-stop-26-recessed-kmr\/","title":{"rendered":"KMR Luistin Pys\u00e4ytin 26 Upotettu"},"content":{"rendered":"<h2>SLIDE STOP 26 UPOTETTU KMR<\/h2>\n<p>Liikkumaton lukko on suunniteltu helposti saavutettavaksi ja k\u00e4ytett\u00e4v\u00e4ksi ampumisen ja lipastenvaihdon aikana.<\/p>\n<p>K\u00e4ytet\u00e4\u00e4n liikkuvan osan lukitsemiseen takimmaiseen asentoon, yleens\u00e4 sen j\u00e4lkeen, kun lipas on tyhjennetty. T\u00e4m\u00e4 ominaisuus sis\u00e4ltyy useimpiin nykyaikaisiin itselataaviin pistoolehin.<\/p>\n<p>Liikkuvan osan lukitus takimmaiseen asentoon &#8211; kun lipas on tyhj\u00e4, liikkuvan osan pid\u00e4tin lukitsee automaattisesti liikkuvan osan takimmaiseen asentoon, ilmoittaen ampujalle, ett\u00e4 lipas on vaihdettava.<\/p>\n<p>Uuden patruunan lataamisen mahdollistaminen &#8211; kun uusi lipas on ladattu, ampuja painaa yleens\u00e4 liikkuvan osan pid\u00e4tint\u00e4, mik\u00e4 sallii liikkuvan osan liikkua eteenp\u00e4in ja ladata ensimm\u00e4isen patruunan kammioon.<\/p>\n<p>Turvaj\u00e4rjestelm\u00e4 &#8211; Liikkuvan osan pid\u00e4tin voi my\u00f6s olla turvaj\u00e4rjestelm\u00e4, joka est\u00e4\u00e4 tahattoman laukaisun, kunnes lipas on asianmukaisesti asennettu ja ase on valmis k\u00e4ytt\u00f6\u00f6n.<\/p>\n<p>Aseille KMR<br \/>KMR L-02 UMBRA VUOTEEN 2023 ASTI<\/p>\n","protected":false},"excerpt":{"rendered":"<p>SLIDE STOP 26 RECESSED KMR on k\u00e4tev\u00e4 ja turvallinen liukuva lukko, joka on suunniteltu nykyaikaisille itselataville pistooleille ja helpottaa lippaanvaihtoa sek\u00e4 varmistaa turvallista toimintaa.<\/p>\n","protected":false},"featured_media":25842,"template":"","meta":{"_acf_changed":false},"product_brand":[11494],"product_cat":[13175],"product_tag":[],"class_list":{"0":"post-694518","1":"product","2":"type-product","3":"status-publish","4":"has-post-thumbnail","6":"product_brand-kmr-precision","7":"product_cat-kmr-osat","9":"first","10":"instock","11":"taxable","12":"shipping-taxable","13":"product-type-simple"},"acf":[],"_links":{"self":[{"href":"https:\/\/nbg.eu\/fi\/wp-json\/wp\/v2\/product\/694518","targetHints":{"allow":["GET"]}}],"collection":[{"href":"https:\/\/nbg.eu\/fi\/wp-json\/wp\/v2\/product"}],"about":[{"href":"https:\/\/nbg.eu\/fi\/wp-json\/wp\/v2\/types\/product"}],"wp:featuredmedia":[{"embeddable":true,"href":"https:\/\/nbg.eu\/fi\/wp-json\/wp\/v2\/media\/25842"}],"wp:attachment":[{"href":"https:\/\/nbg.eu\/fi\/wp-json\/wp\/v2\/media?parent=694518"}],"wp:term":[{"taxonomy":"product_brand","embeddable":true,"href":"https:\/\/nbg.eu\/fi\/wp-json\/wp\/v2\/product_brand?post=694518"},{"taxonomy":"product_cat","embeddable":true,"href":"https:\/\/nbg.eu\/fi\/wp-json\/wp\/v2\/product_cat?post=694518"},{"taxonomy":"product_tag","embeddable":true,"href":"https:\/\/nbg.eu\/fi\/wp-json\/wp\/v2\/product_tag?post=694518"}],"curies":[{"name":"wp","href":"https:\/\/api.w.org\/{rel}","templated":true}]}}