{"id":694586,"date":"2024-08-17T18:04:38","date_gmt":"2024-08-17T15:04:38","guid":{"rendered":"https:\/\/nbg.eu\/product\/slide-stop-spring-kmr\/"},"modified":"2026-05-13T15:09:53","modified_gmt":"2026-05-13T12:09:53","slug":"slide-stop-spring-kmr","status":"publish","type":"product","link":"https:\/\/nbg.eu\/fi\/tuote\/slide-stop-spring-kmr\/","title":{"rendered":"KMR Luistin Pys\u00e4yttimen Jousi"},"content":{"rendered":"<h2>Slide Stop Spring KMR<\/h2>\n<p>T\u00e4m\u00e4 jousi on t\u00e4rke\u00e4 osa useisiin KMR-tuotelinjan aseissa. Se on suunniteltu tarjoamaan luotettavaa ja tasaista suorituskyky\u00e4.<\/p>\n<p>T\u00e4m\u00e4 jousi on valmistettu tarkkuudella ja huolella, mik\u00e4 takaa tasaisen ja luotettavan toiminnan, parantaen aseesi yleist\u00e4 suorituskyky\u00e4 ja luotettavuutta. Sen kest\u00e4v\u00e4 rakenne ja tarkka suunnittelu tekev\u00e4t siit\u00e4 kriittisen komponentin KMR-yhteensopivien aseiden eheyden ja toiminnallisuuden yll\u00e4pit\u00e4misess\u00e4.<\/p>\n<p>T\u00e4m\u00e4 jousi on olennainen lis\u00e4varuste, jolla varmistat KMR-varusteltujen aseidesi parhaan mahdollisen suorituskyvyn. Sijoita t\u00e4h\u00e4n laadukkaasen komponenttiin varmistaaksesi aseesi jatkuvan luotettavuuden ja tasaisen toiminnan.<\/p>\n<p>K\u00e4ytt\u00f6kohteet KMR-aseissa:<\/p>\n<p>KMR L-02 EMIQ<\/p>\n<p>KMR L-02 EMIQ (OR)<\/p>\n<p>KMR L-02 ORCA VUOTEEN 2023 SAAKKA<\/p>\n<p>KMR L-02 SPECTRA VUODESTA 2024 ALKAEN<\/p>\n<p>KMR L-02 SPECTRA VUOTEEN 2023 SAAKKA<\/p>\n<p>KMR L-02 UMBRA (OR) SR<\/p>\n<p>KMR S-01 LANCE (OR)<\/p>\n<p>KMR S-02 VUODESTA 2024 ALKAEN<\/p>\n<p>KMR S-02 VUOTEEN 2023 SAAKKA<\/p>\n<p>KMR W-02 CUDA (OR)<\/p>\n<p>KMR W-02 UMBRA<\/p>\n<p>KMR W-02 UMBRA (OR)<\/p>\n","protected":false},"excerpt":{"rendered":"<p>Liukusalpajousi KMR &#8211; Yhteensopiva useiden eri KMR-aseiden kanssa.<\/p>\n","protected":false},"featured_media":24873,"template":"","meta":{"_acf_changed":false},"product_brand":[11494],"product_cat":[13193,13175],"product_tag":[],"class_list":{"0":"post-694586","1":"product","2":"type-product","3":"status-publish","4":"has-post-thumbnail","6":"product_brand-kmr-precision","7":"product_cat-jouset","8":"product_cat-kmr-osat","10":"first","11":"instock","12":"taxable","13":"shipping-taxable","14":"product-type-simple"},"acf":[],"_links":{"self":[{"href":"https:\/\/nbg.eu\/fi\/wp-json\/wp\/v2\/product\/694586","targetHints":{"allow":["GET"]}}],"collection":[{"href":"https:\/\/nbg.eu\/fi\/wp-json\/wp\/v2\/product"}],"about":[{"href":"https:\/\/nbg.eu\/fi\/wp-json\/wp\/v2\/types\/product"}],"wp:featuredmedia":[{"embeddable":true,"href":"https:\/\/nbg.eu\/fi\/wp-json\/wp\/v2\/media\/24873"}],"wp:attachment":[{"href":"https:\/\/nbg.eu\/fi\/wp-json\/wp\/v2\/media?parent=694586"}],"wp:term":[{"taxonomy":"product_brand","embeddable":true,"href":"https:\/\/nbg.eu\/fi\/wp-json\/wp\/v2\/product_brand?post=694586"},{"taxonomy":"product_cat","embeddable":true,"href":"https:\/\/nbg.eu\/fi\/wp-json\/wp\/v2\/product_cat?post=694586"},{"taxonomy":"product_tag","embeddable":true,"href":"https:\/\/nbg.eu\/fi\/wp-json\/wp\/v2\/product_tag?post=694586"}],"curies":[{"name":"wp","href":"https:\/\/api.w.org\/{rel}","templated":true}]}}