{"id":694683,"date":"2024-09-18T14:06:30","date_gmt":"2024-09-18T11:06:30","guid":{"rendered":"https:\/\/nbg.eu\/product\/thumbrest-3-20-alu-black-kmr\/"},"modified":"2026-05-13T16:02:08","modified_gmt":"2026-05-13T13:02:08","slug":"thumbrest-3-20-alu-black-kmr","status":"publish","type":"product","link":"https:\/\/nbg.eu\/fi\/tuote\/thumbrest-3-20-alu-black-kmr\/","title":{"rendered":"KMR Peukalotuki 3-20\u00b0 ALU Musta"},"content":{"rendered":"<h2>PEUKALOTUKI 3-20\u00b0 ALU MUSTA KMR<\/h2>\n<p>PEUKALOTUKI 3-20\u00b0 ALU MUSTA KMR on monipuolinen ja ergonominen lis\u00e4varuste, joka on suunniteltu parantamaan ampumiskokemusta KMR-asealustan k\u00e4ytt\u00e4jille. T\u00e4m\u00e4 peukalotuki mahdollistaa mukavan ja vakaan otteen, auttaen ampujia s\u00e4ilytt\u00e4m\u00e4\u00e4n paremman hallinnan ja tarkkuuden tulittaessaan aseitaan.<\/p>\n<p>Yhteensopiva KMR L-02 ORCA -mallin kanssa vuoteen 2023 asti, PEUKALOTUKI 3-20\u00b0 ALU MUSTA KMR on monipuolinen ja luotettava lis\u00e4varuste, joka voi parantaa aseen toiminnallisuutta ja ergonomiaa. Oletpa sitten kokenut ampuja tai aloittelija, t\u00e4m\u00e4 peukalotuki voi auttaa sinua saavuttamaan paremman hallinnan, vakauden ja tarkkuuden kohdattaessasi maalisi.<\/p>\n","protected":false},"excerpt":{"rendered":"<p>Mukava ote, vakauttaa asetta, parempi hallinta KMR L-02 ORCA:lle.<\/p>\n","protected":false},"featured_media":24221,"template":"","meta":{"_acf_changed":false},"product_brand":[11494],"product_cat":[13175],"product_tag":[],"class_list":{"0":"post-694683","1":"product","2":"type-product","3":"status-publish","4":"has-post-thumbnail","6":"product_brand-kmr-precision","7":"product_cat-kmr-osat","9":"first","10":"outofstock","11":"taxable","12":"shipping-taxable","13":"product-type-simple"},"acf":[],"_links":{"self":[{"href":"https:\/\/nbg.eu\/fi\/wp-json\/wp\/v2\/product\/694683","targetHints":{"allow":["GET"]}}],"collection":[{"href":"https:\/\/nbg.eu\/fi\/wp-json\/wp\/v2\/product"}],"about":[{"href":"https:\/\/nbg.eu\/fi\/wp-json\/wp\/v2\/types\/product"}],"wp:featuredmedia":[{"embeddable":true,"href":"https:\/\/nbg.eu\/fi\/wp-json\/wp\/v2\/media\/24221"}],"wp:attachment":[{"href":"https:\/\/nbg.eu\/fi\/wp-json\/wp\/v2\/media?parent=694683"}],"wp:term":[{"taxonomy":"product_brand","embeddable":true,"href":"https:\/\/nbg.eu\/fi\/wp-json\/wp\/v2\/product_brand?post=694683"},{"taxonomy":"product_cat","embeddable":true,"href":"https:\/\/nbg.eu\/fi\/wp-json\/wp\/v2\/product_cat?post=694683"},{"taxonomy":"product_tag","embeddable":true,"href":"https:\/\/nbg.eu\/fi\/wp-json\/wp\/v2\/product_tag?post=694683"}],"curies":[{"name":"wp","href":"https:\/\/api.w.org\/{rel}","templated":true}]}}