{"id":694743,"date":"2024-08-18T11:09:22","date_gmt":"2024-08-18T08:09:22","guid":{"rendered":"https:\/\/nbg.eu\/product\/thumbrest-screw-m4x8-din-965-kmr\/"},"modified":"2026-05-13T16:01:00","modified_gmt":"2026-05-13T13:01:00","slug":"thumbrest-screw-m4x8-din-965-kmr","status":"publish","type":"product","link":"https:\/\/nbg.eu\/fi\/tuote\/thumbrest-screw-m4x8-din-965-kmr\/","title":{"rendered":"KMR Peukalotuen Ruuvi M4x8 DIN 965"},"content":{"rendered":"<h2>Peukalopainike M4X8 Din 965 KMR<\/h2>\n<p>Peukalopainike M4X8 Din 965 KMR on olennainen osa yhteensopivien KMR-asemallienmalleja.<\/p>\n<p>Kest\u00e4vist\u00e4 materiaaleista valmistettu Peukalopainike M4X8 Din 965 KMR on suunniteltu kest\u00e4m\u00e4\u00e4n taktisten ymp\u00e4rist\u00f6jen vaatimuksia. Sen korroosionkest\u00e4v\u00e4 pinnoite ja tukeva rakenne tekev\u00e4t siit\u00e4 luotettavan valinnan aseen muokkaamiseen ja parantamiseen. Oletpa p\u00e4ivitt\u00e4m\u00e4ss\u00e4 KMR-asettasi tai vaihtamassa kulunutta ruuvia, t\u00e4m\u00e4 komponentti on v\u00e4ltt\u00e4m\u00e4t\u00f6n aseesi optimaalisen suorituskyvyn ja toiminnallisuuden yll\u00e4pit\u00e4misess\u00e4.<\/p>\n<\/p>\n<p>Aseille KMR:<\/p>\n<\/p>\n<p>KMR L-02 EMIQ<\/p>\n<\/p>\n<p>KMR L-02 EMIQ (OR)<\/p>\n<\/p>\n<p>KMR L-02 ORCA VUODESTA 2024<\/p>\n<\/p>\n<p>KMR L-02 ORCA VUOTEEN 2023 ASTI<\/p>\n","protected":false},"excerpt":{"rendered":"<p>Peukalonkiinnike ruuvi M4x8 DIN 965 KMR L-02 EMIQ ja ORCA aseita varten.<\/p>\n","protected":false},"featured_media":25311,"template":"","meta":{"_acf_changed":false},"product_brand":[11494],"product_cat":[13175],"product_tag":[],"class_list":{"0":"post-694743","1":"product","2":"type-product","3":"status-publish","4":"has-post-thumbnail","6":"product_brand-kmr-precision","7":"product_cat-kmr-osat","9":"first","10":"instock","11":"taxable","12":"shipping-taxable","13":"product-type-simple"},"acf":[],"_links":{"self":[{"href":"https:\/\/nbg.eu\/fi\/wp-json\/wp\/v2\/product\/694743","targetHints":{"allow":["GET"]}}],"collection":[{"href":"https:\/\/nbg.eu\/fi\/wp-json\/wp\/v2\/product"}],"about":[{"href":"https:\/\/nbg.eu\/fi\/wp-json\/wp\/v2\/types\/product"}],"wp:featuredmedia":[{"embeddable":true,"href":"https:\/\/nbg.eu\/fi\/wp-json\/wp\/v2\/media\/25311"}],"wp:attachment":[{"href":"https:\/\/nbg.eu\/fi\/wp-json\/wp\/v2\/media?parent=694743"}],"wp:term":[{"taxonomy":"product_brand","embeddable":true,"href":"https:\/\/nbg.eu\/fi\/wp-json\/wp\/v2\/product_brand?post=694743"},{"taxonomy":"product_cat","embeddable":true,"href":"https:\/\/nbg.eu\/fi\/wp-json\/wp\/v2\/product_cat?post=694743"},{"taxonomy":"product_tag","embeddable":true,"href":"https:\/\/nbg.eu\/fi\/wp-json\/wp\/v2\/product_tag?post=694743"}],"curies":[{"name":"wp","href":"https:\/\/api.w.org\/{rel}","templated":true}]}}