{"id":694812,"date":"2024-09-17T08:12:35","date_gmt":"2024-09-17T05:12:35","guid":{"rendered":"https:\/\/nbg.eu\/product\/trigger-bar-sa-kmr-l\/"},"modified":"2026-05-13T15:59:48","modified_gmt":"2026-05-13T12:59:48","slug":"trigger-bar-sa-kmr-l","status":"publish","type":"product","link":"https:\/\/nbg.eu\/fi\/tuote\/trigger-bar-sa-kmr-l\/","title":{"rendered":"KMR Liipaisintanko SA L"},"content":{"rendered":"<h2>Trigger Bar SA KMR L<\/h2>\n<p>Trigger Bar SA KMR L on kriittinen sis\u00e4inen komponentti KMR L-mallin pistoolin yksitt\u00e4istoiminnolla (SA). T\u00e4m\u00e4 komponentti siirt\u00e4\u00e4 liipaisimen liikkeen laukaisu-mekanismiin, mahdollistaen aseen tasaisen ja luotettavan toiminnan.<\/p>\n<p>Suunniteltu k\u00e4ytett\u00e4v\u00e4ksi seuraavien KMR-mallien kanssa:<\/p>\n<ul>\n<p>KMR L-02 EMIQ<\/p>\n<p>KMR L-02 EMIQ (OR)<\/p>\n<p>KMR L-02 ORCA UNTIL 2023<\/p>\n<\/ul>\n<p>Osanumero 0900-00303-0900<\/p>\n","protected":false},"excerpt":{"rendered":"<p>Laukaisimeensiirrosta laukaisumekanismiin KMR L SA -pistoolissa.<\/p>\n","protected":false},"featured_media":63604,"template":"","meta":{"_acf_changed":false},"product_brand":[11494],"product_cat":[13175],"product_tag":[],"class_list":{"0":"post-694812","1":"product","2":"type-product","3":"status-publish","4":"has-post-thumbnail","6":"product_brand-kmr-precision","7":"product_cat-kmr-osat","9":"first","10":"outofstock","11":"taxable","12":"shipping-taxable","13":"product-type-simple"},"acf":[],"_links":{"self":[{"href":"https:\/\/nbg.eu\/fi\/wp-json\/wp\/v2\/product\/694812","targetHints":{"allow":["GET"]}}],"collection":[{"href":"https:\/\/nbg.eu\/fi\/wp-json\/wp\/v2\/product"}],"about":[{"href":"https:\/\/nbg.eu\/fi\/wp-json\/wp\/v2\/types\/product"}],"wp:featuredmedia":[{"embeddable":true,"href":"https:\/\/nbg.eu\/fi\/wp-json\/wp\/v2\/media\/63604"}],"wp:attachment":[{"href":"https:\/\/nbg.eu\/fi\/wp-json\/wp\/v2\/media?parent=694812"}],"wp:term":[{"taxonomy":"product_brand","embeddable":true,"href":"https:\/\/nbg.eu\/fi\/wp-json\/wp\/v2\/product_brand?post=694812"},{"taxonomy":"product_cat","embeddable":true,"href":"https:\/\/nbg.eu\/fi\/wp-json\/wp\/v2\/product_cat?post=694812"},{"taxonomy":"product_tag","embeddable":true,"href":"https:\/\/nbg.eu\/fi\/wp-json\/wp\/v2\/product_tag?post=694812"}],"curies":[{"name":"wp","href":"https:\/\/api.w.org\/{rel}","templated":true}]}}