{"id":694845,"date":"2024-08-17T17:23:25","date_gmt":"2024-08-17T14:23:25","guid":{"rendered":"https:\/\/nbg.eu\/product\/trigger-bar-spring-kmr\/"},"modified":"2026-02-26T12:13:55","modified_gmt":"2026-02-26T09:13:55","slug":"trigger-bar-spring-kmr","status":"publish","type":"product","link":"https:\/\/nbg.eu\/fi\/tuote\/trigger-bar-spring-kmr\/","title":{"rendered":"Liipaisin jousi KMR"},"content":{"rendered":"<h2>Liipasinjousi KMR -aseisiin KMR<\/h2>\n<p>T\u00e4m\u00e4 jousi on suunniteltu tarkkuudella ja kest\u00e4vyydell\u00e4. Se takaa tasaisen ja luotettavan liipasinominaisuuden n\u00e4ihin edistykselisiin asej\u00e4rjestelmiin. Sen vahva rakenne ja huolellinen suunnittelu takaavat johdonmukaisen suorituskyvyn, jopa vaativimmissa ymp\u00e4rist\u00f6iss\u00e4.<\/p>\n<p>Oletpa sitten ammattiampuja tai intohimoinen harrastelija, t\u00e4m\u00e4 osa on olennainen vaihto-osa KMR-aseidesi optimaalisen toiminnallisuuden yll\u00e4pit\u00e4misess\u00e4. Investoi t\u00e4h\u00e4n korkealaatuiseen komponenttiin ja pid\u00e4 aseesi huipputehokkaana.<\/p>\n<p>KMR-aseille:<\/p>\n<p>KMR L-02 SPECTRA vuodesta 2024<\/p>\n<p>KMR L-02 SPECTRA vuoteen 2023<\/p>\n<p>KMR L-02 UMBRA (TAI) SR<\/p>\n<p>KMR S-01 LANCE (TAI)<\/p>\n<p>KMR S-02 vuodesta 2024<\/p>\n<p>KMR S-02 vuoteen 2023<\/p>\n<p>KMR W-02 CUDA (TAI)<\/p>\n<p>KMR W-02 UMBRA<\/p>\n<p>KMR W-02 UMBRA (TAI)<\/p>\n","protected":false},"excerpt":{"rendered":"<p>Liipaisimen jousipalkin KMR-malleihin.<\/p>\n","protected":false},"featured_media":24637,"template":"","meta":{"_acf_changed":false},"product_brand":[11494],"product_cat":[13193,13175],"product_tag":[],"class_list":{"0":"post-694845","1":"product","2":"type-product","3":"status-publish","4":"has-post-thumbnail","6":"product_brand-kmr-precision","7":"product_cat-jouset","8":"product_cat-kmr-osat","10":"first","11":"instock","12":"taxable","13":"shipping-taxable","14":"product-type-simple"},"acf":[],"_links":{"self":[{"href":"https:\/\/nbg.eu\/fi\/wp-json\/wp\/v2\/product\/694845","targetHints":{"allow":["GET"]}}],"collection":[{"href":"https:\/\/nbg.eu\/fi\/wp-json\/wp\/v2\/product"}],"about":[{"href":"https:\/\/nbg.eu\/fi\/wp-json\/wp\/v2\/types\/product"}],"wp:featuredmedia":[{"embeddable":true,"href":"https:\/\/nbg.eu\/fi\/wp-json\/wp\/v2\/media\/24637"}],"wp:attachment":[{"href":"https:\/\/nbg.eu\/fi\/wp-json\/wp\/v2\/media?parent=694845"}],"wp:term":[{"taxonomy":"product_brand","embeddable":true,"href":"https:\/\/nbg.eu\/fi\/wp-json\/wp\/v2\/product_brand?post=694845"},{"taxonomy":"product_cat","embeddable":true,"href":"https:\/\/nbg.eu\/fi\/wp-json\/wp\/v2\/product_cat?post=694845"},{"taxonomy":"product_tag","embeddable":true,"href":"https:\/\/nbg.eu\/fi\/wp-json\/wp\/v2\/product_tag?post=694845"}],"curies":[{"name":"wp","href":"https:\/\/api.w.org\/{rel}","templated":true}]}}