{"id":694865,"date":"2025-03-09T15:43:31","date_gmt":"2025-03-09T12:43:31","guid":{"rendered":"https:\/\/nbg.eu\/product\/blue-force-gear-trauma-kit-now-medium-medical-supplies\/"},"modified":"2026-05-13T16:43:13","modified_gmt":"2026-05-13T13:43:13","slug":"blue-force-gear-trauma-kit-now-medium-medical-supplies","status":"publish","type":"product","link":"https:\/\/nbg.eu\/fi\/tuote\/blue-force-gear-trauma-kit-now-medium-medical-supplies\/","title":{"rendered":"Blue Force Gear Trauma Kit NOW! Medium Medical Supplies"},"content":{"rendered":"<h2>Blue Force Gear Trauma Kit NOW! (Medium)<\/h2>\n<p>P\u00e4\u00e4set nopeasti k\u00e4siksi el\u00e4m\u00e4\u00e4 pelastavaan l\u00e4\u00e4kinn\u00e4lliseen kalustoon Blue Force Gear Trauma Kit NOW! (Medium) -tuotteen avulla. T\u00e4m\u00e4 tuote on suunniteltu &#8221;v\u00e4litt\u00f6m\u00e4\u00e4n toimintaan&#8221; tarkoitettuihin l\u00e4\u00e4kinn\u00e4llisiin h\u00e4t\u00e4tilanteisiin ja siin\u00e4 on yhden k\u00e4den toiminta. Vetonupilla voit avata koko l\u00e4\u00e4ketieteellisen sis\u00e4pussin yhdell\u00e4 liikkeell\u00e4 kummasta k\u00e4dest\u00e4 tahansa, joten kriittiset tarvikkeet, kuten kiristyssiteet, rintaplaastit ja verenvuotoa tyrehdytt\u00e4v\u00e4t aineet, ovat saatavilla sekunneissa, kun jokainen hetki on t\u00e4rke\u00e4.<\/p>\n<p>Trauma Kit NOW! (Medium) on kest\u00e4v\u00e4 ja luotettava ratkaisu l\u00e4\u00e4kinn\u00e4llisiin valmiuksiin. Siin\u00e4 on BLIP-tekniikkaan (Ballistic Line Integrated Pull) perustuva vetonuppi, Helium Whisper -kiinnitysj\u00e4rjestelm\u00e4 ja MIL-SPEC 500D Cordura -rakenne. Tuotteen kaksiosainen rakenne, johon kuuluu ulkopussi ja irrotettava sis\u00e4osa, tarjoaa joustavuutta ja organisointimahdollisuuksia, joten olet valmis selviytym\u00e4\u00e4n kaikista h\u00e4t\u00e4tilanteista.<\/p>\n","protected":false},"excerpt":{"rendered":"<p>Nopea-toiminen traumasetti, jossa on v\u00e4ltt\u00e4m\u00e4tt\u00f6m\u00e4t ensiapuv\u00e4lineet.<\/p>\n","protected":false},"featured_media":251680,"template":"","meta":{"_acf_changed":false},"product_brand":[11127],"product_cat":[13182],"product_tag":[],"class_list":{"0":"post-694865","1":"product","2":"type-product","3":"status-publish","4":"has-post-thumbnail","6":"product_brand-blue-force-gear","7":"product_cat-laeaekintae","9":"first","10":"instock","11":"taxable","12":"shipping-taxable","13":"purchasable","14":"product-type-variable","15":"wvs-archive-product-wrapper"},"acf":[],"_links":{"self":[{"href":"https:\/\/nbg.eu\/fi\/wp-json\/wp\/v2\/product\/694865","targetHints":{"allow":["GET"]}}],"collection":[{"href":"https:\/\/nbg.eu\/fi\/wp-json\/wp\/v2\/product"}],"about":[{"href":"https:\/\/nbg.eu\/fi\/wp-json\/wp\/v2\/types\/product"}],"wp:featuredmedia":[{"embeddable":true,"href":"https:\/\/nbg.eu\/fi\/wp-json\/wp\/v2\/media\/251680"}],"wp:attachment":[{"href":"https:\/\/nbg.eu\/fi\/wp-json\/wp\/v2\/media?parent=694865"}],"wp:term":[{"taxonomy":"product_brand","embeddable":true,"href":"https:\/\/nbg.eu\/fi\/wp-json\/wp\/v2\/product_brand?post=694865"},{"taxonomy":"product_cat","embeddable":true,"href":"https:\/\/nbg.eu\/fi\/wp-json\/wp\/v2\/product_cat?post=694865"},{"taxonomy":"product_tag","embeddable":true,"href":"https:\/\/nbg.eu\/fi\/wp-json\/wp\/v2\/product_tag?post=694865"}],"curies":[{"name":"wp","href":"https:\/\/api.w.org\/{rel}","templated":true}]}}