{"id":695149,"date":"2024-08-16T23:17:10","date_gmt":"2024-08-16T20:17:10","guid":{"rendered":"https:\/\/nbg.eu\/product\/trigger-hammer-pin-kmr\/"},"modified":"2026-05-13T16:02:03","modified_gmt":"2026-05-13T13:02:03","slug":"trigger-hammer-pin-kmr","status":"publish","type":"product","link":"https:\/\/nbg.eu\/fi\/tuote\/trigger-hammer-pin-kmr\/","title":{"rendered":"KMR Liipaisin &amp; Hammer Pin"},"content":{"rendered":"<h2>LIIPAISIN- JA VASARANAVETTA<\/h2>\n<p>P\u00e4ivit\u00e4 ampuma-aseesi suorituskyky\u00e4 LIIPAISIN- JA VASARANAVETAN avulla, joka on premium-tason vaihto-osa, joka on suunniteltu parantamaan liipaisintuntumaa ja koko ampumiskokemusta. T\u00e4m\u00e4 navettasarja on valmistettu korkealaatuisista materiaaleista ja on suunniteltu tarjoamaan tasainen ja johdonmukainen liipaisinliike, joka parantaa tarkkuutta ja hallintaa.<\/p>\n<p>Tarkasti koneistettu suunnittelu takaa LIIPAISIN- JA VASARANAVETAN t\u00e4ydellisen sopivuuden ampuma-aseessasi, minimoiden v\u00e4lyksen ja parantaen liipaisinvasteita. Sen kest\u00e4v\u00e4 rakenne on suunniteltu kest\u00e4m\u00e4\u00e4n tihe\u00e4n k\u00e4yt\u00f6n rasitukset, taaten pitk\u00e4aikaisen luotettavuuden ja suorituskyvyn.<\/p>\n<p>Suunniteltu helppoon asennukseen, LIIPAISIN- JA VASARANAVETTA on nopea ja vaivaton p\u00e4ivitt\u00e4\u00e4 ampuma-aseesi ilman erikoisty\u00f6kaluja tai laajamittaisia muutoksia. Oletpa kilpaileva ampuja, taktinen toimija tai harrastaja, t\u00e4m\u00e4 navettasarja nostaa ampumistaitosi uudelle tasolle ja vie ampuma-aseesi suorituskyvyn uusiin ulottuvuuksiin.<\/p>\n<p>Sopii KMR-aseisiin, kuten:<br \/>\nKMR L-02 EMIQ<br \/>\nKMR L-02 EMIQ (OR)<br \/>\nKMR L-02 ORCA VUODESTA 2024<br \/>\nKMR L-02 ORCA VUOTEEN 2023<br \/>\nKMR L-02 SPECTRA VUODESTA 2024<br \/>\nKMR L-02 SPECTRA VUOTEEN 2023<br \/>\nKMR L-02 UMBRA VUODESTA 2024<br \/>\nKMR L-02 UMBRA VUOTEEN 2023<br \/>\nKMR S-01 LANCE (OR)<br \/>\nKMR S-02 VUODESTA 2024<br \/>\nKMR S-02 VUOTEEN 2023<br \/>\nKMR W-02 CUDA VUODESTA 2024<br \/>\nKMR W-02 CUDA VUOTEEN 2023<br \/>\nKMR W-02 UMBRA<br \/>\nKMR W-02 UMBRA (OR)<\/p>\n","protected":false},"excerpt":{"rendered":"<p>Korkealaatuinen liipaisin- ja vasarapinni KMR-pistooleille, tarkkaan suunniteltu.<\/p>\n","protected":false},"featured_media":720190,"template":"","meta":{"_acf_changed":false},"product_brand":[11494],"product_cat":[13175],"product_tag":[],"class_list":{"0":"post-695149","1":"product","2":"type-product","3":"status-publish","4":"has-post-thumbnail","6":"product_brand-kmr-precision","7":"product_cat-kmr-osat","9":"first","10":"instock","11":"taxable","12":"shipping-taxable","13":"product-type-simple"},"acf":[],"_links":{"self":[{"href":"https:\/\/nbg.eu\/fi\/wp-json\/wp\/v2\/product\/695149","targetHints":{"allow":["GET"]}}],"collection":[{"href":"https:\/\/nbg.eu\/fi\/wp-json\/wp\/v2\/product"}],"about":[{"href":"https:\/\/nbg.eu\/fi\/wp-json\/wp\/v2\/types\/product"}],"wp:featuredmedia":[{"embeddable":true,"href":"https:\/\/nbg.eu\/fi\/wp-json\/wp\/v2\/media\/720190"}],"wp:attachment":[{"href":"https:\/\/nbg.eu\/fi\/wp-json\/wp\/v2\/media?parent=695149"}],"wp:term":[{"taxonomy":"product_brand","embeddable":true,"href":"https:\/\/nbg.eu\/fi\/wp-json\/wp\/v2\/product_brand?post=695149"},{"taxonomy":"product_cat","embeddable":true,"href":"https:\/\/nbg.eu\/fi\/wp-json\/wp\/v2\/product_cat?post=695149"},{"taxonomy":"product_tag","embeddable":true,"href":"https:\/\/nbg.eu\/fi\/wp-json\/wp\/v2\/product_tag?post=695149"}],"curies":[{"name":"wp","href":"https:\/\/api.w.org\/{rel}","templated":true}]}}