{"id":695194,"date":"2024-08-16T23:16:32","date_gmt":"2024-08-16T20:16:32","guid":{"rendered":"https:\/\/nbg.eu\/product\/trigger-pin-kmr\/"},"modified":"2026-05-13T16:03:22","modified_gmt":"2026-05-13T13:03:22","slug":"trigger-pin-kmr","status":"publish","type":"product","link":"https:\/\/nbg.eu\/fi\/tuote\/trigger-pin-kmr\/","title":{"rendered":"KMR Liipaisintappi"},"content":{"rendered":"<h2>Tarkkuuden liipaisimen nivele KMR-pistooleille<\/h2>\n<p>Vapauta KMR-pistoolisi t\u00e4ysi potentiaali k\u00e4ytt\u00e4m\u00e4ll\u00e4 premium-luokan liipaisinpulttimme. Se on valmistettu karkaistusta ty\u00f6ter\u00e4ksest\u00e4 ja sen pinta on huolellisesti viimeistelty, mik\u00e4 tarjoaa vakaan, v\u00e4h\u00e4kitkaisen kiertoakselin liipasimen py\u00f6rimiseen. Toisin kuin alkuper\u00e4iset osat, liipaisinpulttimme eliminoi sivuttaisen &#8221;l\u00f6ysyyden&#8221;, varmistaen johdonmukaisen ja toistuvan liipaisinvedon sek\u00e4 est\u00e4en rungon kulumisen tuhansien k\u00e4ytt\u00f6kertojen aikana.<\/p>\n<p>Suunniteltu t\u00e4sm\u00e4llisesti KMR-toleransseihin, liipaisinpulttimme sopii t\u00e4ydellisesti ja integroituu saumattomasti pistoolisi alkuper\u00e4iseen liipaisinkokoonpanoon. T\u00e4m\u00e4 kest\u00e4v\u00e4 ja luja rakenne optimoi kriittisen liittym\u00e4kohdan sormesi ja laukaisuj\u00e4rjestelm\u00e4n v\u00e4lill\u00e4, mik\u00e4 johtaa parantuneeseen tarkkuuteen, t\u00e4sm\u00e4llisyyteen ja hallintaan jokaisella laukauksella.<\/p>\n<p>Oletpa kilpatasolla harrastava ampuja, joka haluaa hienos\u00e4\u00e4t\u00e4\u00e4 asetuksensa, tai virkistysk\u00e4ytt\u00e4j\u00e4, joka haluaa p\u00e4ivitt\u00e4\u00e4 KMR-pistooliaan, liipaisinpulttimme on se puuttuva linkki, joka vapauttaa aseesi t\u00e4yden potentiaalin. Koe eron, jonka todella tarkka ja v\u00e4h\u00e4kitkainen liipaisimen nivel voi tuoda suoritukseen ja luotettavuuteen.<\/p>\n","protected":false},"excerpt":{"rendered":"<p>Tarkka k\u00e4\u00e4nt\u00f6akseli liipaisinkokoelmalle. Tarkkuustirlaisin karaistu ty\u00f6ter\u00e4st\u00e4, eritt\u00e4in sile\u00e4 pintak\u00e4sittely ja t\u00e4sm\u00e4llinen halkaisija KMR-tehtaan toleransseille. Tarjoaa vakaan, v\u00e4h\u00e4n kitkaa vaativan akselin, joka tarvitaan liipaisimen py\u00f6rimiseen tasaisesti; vahva rakenne eliminoi sivuttaisen &#8220;heilumisen&#8221; ja varmistaa tasaisen, toistuvan liipaisinvedon ja est\u00e4\u00e4 rungon kulumisen tuhansissa sykleiss\u00e4.<\/p>\n","protected":false},"featured_media":23730,"template":"","meta":{"_acf_changed":false},"product_brand":[11494],"product_cat":[13175],"product_tag":[],"class_list":{"0":"post-695194","1":"product","2":"type-product","3":"status-publish","4":"has-post-thumbnail","6":"product_brand-kmr-precision","7":"product_cat-kmr-osat","9":"first","10":"instock","11":"taxable","12":"shipping-taxable","13":"product-type-simple"},"acf":[],"_links":{"self":[{"href":"https:\/\/nbg.eu\/fi\/wp-json\/wp\/v2\/product\/695194","targetHints":{"allow":["GET"]}}],"collection":[{"href":"https:\/\/nbg.eu\/fi\/wp-json\/wp\/v2\/product"}],"about":[{"href":"https:\/\/nbg.eu\/fi\/wp-json\/wp\/v2\/types\/product"}],"wp:featuredmedia":[{"embeddable":true,"href":"https:\/\/nbg.eu\/fi\/wp-json\/wp\/v2\/media\/23730"}],"wp:attachment":[{"href":"https:\/\/nbg.eu\/fi\/wp-json\/wp\/v2\/media?parent=695194"}],"wp:term":[{"taxonomy":"product_brand","embeddable":true,"href":"https:\/\/nbg.eu\/fi\/wp-json\/wp\/v2\/product_brand?post=695194"},{"taxonomy":"product_cat","embeddable":true,"href":"https:\/\/nbg.eu\/fi\/wp-json\/wp\/v2\/product_cat?post=695194"},{"taxonomy":"product_tag","embeddable":true,"href":"https:\/\/nbg.eu\/fi\/wp-json\/wp\/v2\/product_tag?post=695194"}],"curies":[{"name":"wp","href":"https:\/\/api.w.org\/{rel}","templated":true}]}}