{"id":695234,"date":"2024-08-17T17:20:46","date_gmt":"2024-08-17T14:20:46","guid":{"rendered":"https:\/\/nbg.eu\/product\/trigger-spring-sa-da-kmr\/"},"modified":"2026-05-13T16:03:41","modified_gmt":"2026-05-13T13:03:41","slug":"trigger-spring-sa-da-kmr","status":"publish","type":"product","link":"https:\/\/nbg.eu\/fi\/tuote\/trigger-spring-sa-da-kmr\/","title":{"rendered":"KMR Liipaisinjousi SA\/DA"},"content":{"rendered":"<h2>Trigger Spring SA\/DA KMR: Aseen suorituskyvyn parantaminen useilla alustoilla<\/h2>\n<p>Trigger Spring SA\/DA KMR on monipuolinen ja luotettava lis\u00e4varuste, joka on suunniteltu parantamaan KMR-sarjan erilaisten aseiden toimintaa. Se on yhteensopiva laajan valikoiman mallien kanssa, ja t\u00e4m\u00e4 laukaisinkourukoostumus varmistaa saumattoman integroinnin ja parannetun suorituskyvyn aseessasi.<\/p>\n<p>Oletpa kilpailutasoinen ampuja, taktinen harrastaja tai vastuullinen aseen omistaja, Trigger Spring SA\/DA KMR on v\u00e4ltt\u00e4m\u00e4t\u00f6n lis\u00e4varuste, jolla voit optimoida aseesi suorituskyky\u00e4. Kohota ampumakokemustasi t\u00e4ll\u00e4 luotettavalla ja monipuolisella komponentilla.<\/p>\n<p>Aseille KMR:<\/p>\n<p>KMR L-02 SPECTRA vuodesta 2024<\/p>\n<p>KMR L-02 SPECTRA vuoteen 2023<\/p>\n<p>KMR L-02 UMBRA (TAI) SR<\/p>\n<p>KMR S-01 LANCE (TAI)<\/p>\n<p>KMR S-02 vuodesta 2024<\/p>\n<p>KMR S-02 vuoteen 2023<\/p>\n<p>KMR W-02 CUDA (TAI)<\/p>\n<p>KMR W-02 UMBRA<\/p>\n<p>KMR W-02 UMBRA (TAI)<\/p>\n","protected":false},"excerpt":{"rendered":"<p>Laukaistava jousi SA\/DA KMR KMR L-02 SPECTRA-, S-01 LANCE-, S-02-, W-02 CUDA\/UMBRA-aseille.<\/p>\n","protected":false},"featured_media":24590,"template":"","meta":{"_acf_changed":false},"product_brand":[11494],"product_cat":[13193,13175,15044],"product_tag":[],"class_list":{"0":"post-695234","1":"product","2":"type-product","3":"status-publish","4":"has-post-thumbnail","6":"product_brand-kmr-precision","7":"product_cat-jouset","8":"product_cat-kmr-osat","9":"product_cat-trigger-springs-fi-2","11":"first","12":"instock","13":"taxable","14":"shipping-taxable","15":"product-type-simple"},"acf":[],"_links":{"self":[{"href":"https:\/\/nbg.eu\/fi\/wp-json\/wp\/v2\/product\/695234","targetHints":{"allow":["GET"]}}],"collection":[{"href":"https:\/\/nbg.eu\/fi\/wp-json\/wp\/v2\/product"}],"about":[{"href":"https:\/\/nbg.eu\/fi\/wp-json\/wp\/v2\/types\/product"}],"wp:featuredmedia":[{"embeddable":true,"href":"https:\/\/nbg.eu\/fi\/wp-json\/wp\/v2\/media\/24590"}],"wp:attachment":[{"href":"https:\/\/nbg.eu\/fi\/wp-json\/wp\/v2\/media?parent=695234"}],"wp:term":[{"taxonomy":"product_brand","embeddable":true,"href":"https:\/\/nbg.eu\/fi\/wp-json\/wp\/v2\/product_brand?post=695234"},{"taxonomy":"product_cat","embeddable":true,"href":"https:\/\/nbg.eu\/fi\/wp-json\/wp\/v2\/product_cat?post=695234"},{"taxonomy":"product_tag","embeddable":true,"href":"https:\/\/nbg.eu\/fi\/wp-json\/wp\/v2\/product_tag?post=695234"}],"curies":[{"name":"wp","href":"https:\/\/api.w.org\/{rel}","templated":true}]}}