{"id":695255,"date":"2024-08-16T23:17:42","date_gmt":"2024-08-16T20:17:42","guid":{"rendered":"https:\/\/nbg.eu\/product\/trigger-pin-kmr-s-02\/"},"modified":"2026-04-16T16:56:09","modified_gmt":"2026-04-16T13:56:09","slug":"trigger-pin-kmr-s-02","status":"publish","type":"product","link":"https:\/\/nbg.eu\/fi\/tuote\/trigger-pin-kmr-s-02\/","title":{"rendered":"KMR Liipaisintappi S-02"},"content":{"rendered":"<h2>KMR S-02:n liipaisinapin: tarkkuuden nivelen optimaalinen liipaisintoiminta<\/h2>\n<p>KMR S-02:n liipaisinapin on tarkasti suunniteltu komponentti, joka tarjoaa kriittisen mekaanisen akselin liipaisinkokoonpanolle. T\u00e4m\u00e4 erikoistunut niveltappi on valmistettu karkaistusta ty\u00f6ter\u00e4ksest\u00e4 ja varmistaa nolla-aukkosovituksen S-02-runkomittoihin, mik\u00e4 johtaa vakaampaan liipaisintoimintaan ja ennakoitavampaan, ter\u00e4v\u00e4\u00e4n laukeamiseen.<\/p>\n<p>Eritt\u00e4in pienen kitkaiseen pintaan ja suureen leikkauslujuuteen perustuva liipaisinapin suojaa S-02-runkoa sis\u00e4iselt\u00e4 kulumiselta korkean k\u00e4ytt\u00f6m\u00e4\u00e4r\u00e4n aikana, s\u00e4ilytt\u00e4en liipaisinj\u00e4rjestelm\u00e4n eheyden luotettavaa suorituskyky\u00e4 varten ajan my\u00f6t\u00e4. T\u00e4m\u00e4 tarkkuus ja huolellisuus on olennaista ampujille, jotka vaativat parhaan mahdollisen liipaisintuntemusten ja -johdonmukaisuuden.<\/p>\n<p>Oletpa kilpa-ampuja, taktinen operaattori tai innokas harrastaja, KMR S-02:n liipaisinapin tarjoaa mukautetun ratkaisun parantamaan tulesi yleist\u00e4 liipaisinkokemusta. Paranna ampumatarkkuuttasi ja itseluottamustasi t\u00e4ll\u00e4 huolellisesti suunnitellulla komponentilla, joka on suunniteltu sopimaan saumattomasti S-02-alustaan ja tarjoamaan sinulle ansaitsemasi suorituskyvyn.<\/p>\n","protected":false},"excerpt":{"rendered":"<p>Tarkka k\u00e4\u00e4nn\u00f6spiste KMR S-02 -alustalle, karkaistua ter\u00e4st\u00e4, ultra-matala kitka.<\/p>\n","protected":false},"featured_media":23753,"template":"","meta":{"_acf_changed":false},"product_brand":[11494],"product_cat":[13175],"product_tag":[],"class_list":{"0":"post-695255","1":"product","2":"type-product","3":"status-publish","4":"has-post-thumbnail","6":"product_brand-kmr-precision","7":"product_cat-kmr-osat","9":"first","10":"instock","11":"taxable","12":"shipping-taxable","13":"product-type-simple"},"acf":[],"_links":{"self":[{"href":"https:\/\/nbg.eu\/fi\/wp-json\/wp\/v2\/product\/695255","targetHints":{"allow":["GET"]}}],"collection":[{"href":"https:\/\/nbg.eu\/fi\/wp-json\/wp\/v2\/product"}],"about":[{"href":"https:\/\/nbg.eu\/fi\/wp-json\/wp\/v2\/types\/product"}],"wp:featuredmedia":[{"embeddable":true,"href":"https:\/\/nbg.eu\/fi\/wp-json\/wp\/v2\/media\/23753"}],"wp:attachment":[{"href":"https:\/\/nbg.eu\/fi\/wp-json\/wp\/v2\/media?parent=695255"}],"wp:term":[{"taxonomy":"product_brand","embeddable":true,"href":"https:\/\/nbg.eu\/fi\/wp-json\/wp\/v2\/product_brand?post=695255"},{"taxonomy":"product_cat","embeddable":true,"href":"https:\/\/nbg.eu\/fi\/wp-json\/wp\/v2\/product_cat?post=695255"},{"taxonomy":"product_tag","embeddable":true,"href":"https:\/\/nbg.eu\/fi\/wp-json\/wp\/v2\/product_tag?post=695255"}],"curies":[{"name":"wp","href":"https:\/\/api.w.org\/{rel}","templated":true}]}}