{"id":696306,"date":"2025-12-22T17:18:06","date_gmt":"2025-12-22T14:18:06","guid":{"rendered":"https:\/\/nbg.eu\/product\/atlas-retkeilylaukku\/"},"modified":"2026-04-15T14:18:28","modified_gmt":"2026-04-15T11:18:28","slug":"atlas-retkeilylaukku","status":"publish","type":"product","link":"https:\/\/nbg.eu\/fi\/tuote\/atlas-retkeilylaukku\/","title":{"rendered":"Eberlestock Duffel-laukku Atlas"},"content":{"rendered":"<h2>Atlas-reisulaukku: Varusteiden kuljettaminen tyylikk\u00e4\u00e4sti ja vaivattomasti<\/h2>\n<p>Atlas-reisulaukku on suositun Hercules-reisulaukun pikkuveli, joka tarjoaa kaikki samat ominaisuudet, jotka ihmiset rakastavat. Suurella p\u00e4\u00e4osastolla, pehmustetuilla v\u00e4liseinill\u00e4, kuudella ulkoisella vetoketjutaskulla ja kovalla pohjaosastolla varustettu t\u00e4m\u00e4 kest\u00e4v\u00e4 reisulaukku on suunniteltu pit\u00e4m\u00e4\u00e4n varusteet j\u00e4rjestyksess\u00e4 ja suojattuna.<\/p>\n<p>Lukittavilla YKK-turvavetokkeilla varmistettuina Atlas-reisulaukku varmistaa, ett\u00e4 tavaroisi ovat turvassa, jopa ankarimmissa oloissa. Mukana tuleva sadesuoja tarjoaa lis\u00e4kerroksen suojaa, suojaten varusteitasi kosteudelta ja p\u00f6lylt\u00e4.<\/p>\n<p>Vaikuttavilla mitoilla 29,5 korkeus x 16 leveys x 16 syvyys, tilavuudella 5 844 c.i. \/ 95,77 L ja painolla 12 lbs 12 oz, Atlas-reisulaukku tarjoaa runsaasti tilaa kaikkien v\u00e4ltt\u00e4m\u00e4tt\u00f6myystavaroiden s\u00e4ilytt\u00e4miseen. 4 tuuman syv\u00e4 pohjaosat tarjoaa k\u00e4tev\u00e4n paikan nopeasti tarvittavien tavaroiden s\u00e4ilytykseen.<\/p>\n<p>Kovalla pohjalla ja huoltokelpoisilla py\u00f6rill\u00e4 varustettu Atlas-reisulaukku on suunniteltu kest\u00e4m\u00e4\u00e4n matkustamisen rasitukset. Sen sis\u00e4taskut ja muunneltavat tarra-alueet mahdollistavat organisoinnin r\u00e4\u00e4t\u00e4l\u00f6imisen omiin tarpeisiin sopivaksi, tehden siit\u00e4 t\u00e4ydellisen kumppanin seikkailuihisi.<\/p>\n","protected":false},"excerpt":{"rendered":"<p>Atlas-laukku on tilava ja monipuolinen laukku, jossa on kova pohja, pehmustetut v\u00e4lisein\u00e4t ja sadesuoja kaikkiin s\u00e4ihin.<\/p>\n","protected":false},"featured_media":696360,"template":"","meta":{"_acf_changed":false},"product_brand":[15142],"product_cat":[13165],"product_tag":[],"class_list":{"0":"post-696306","1":"product","2":"type-product","3":"status-publish","4":"has-post-thumbnail","6":"product_brand-eberlestock","7":"product_cat-ampumalaukut","9":"first","10":"instock","11":"taxable","12":"shipping-taxable","13":"purchasable","14":"product-type-variable","15":"wvs-archive-product-wrapper"},"acf":[],"_links":{"self":[{"href":"https:\/\/nbg.eu\/fi\/wp-json\/wp\/v2\/product\/696306","targetHints":{"allow":["GET"]}}],"collection":[{"href":"https:\/\/nbg.eu\/fi\/wp-json\/wp\/v2\/product"}],"about":[{"href":"https:\/\/nbg.eu\/fi\/wp-json\/wp\/v2\/types\/product"}],"wp:featuredmedia":[{"embeddable":true,"href":"https:\/\/nbg.eu\/fi\/wp-json\/wp\/v2\/media\/696360"}],"wp:attachment":[{"href":"https:\/\/nbg.eu\/fi\/wp-json\/wp\/v2\/media?parent=696306"}],"wp:term":[{"taxonomy":"product_brand","embeddable":true,"href":"https:\/\/nbg.eu\/fi\/wp-json\/wp\/v2\/product_brand?post=696306"},{"taxonomy":"product_cat","embeddable":true,"href":"https:\/\/nbg.eu\/fi\/wp-json\/wp\/v2\/product_cat?post=696306"},{"taxonomy":"product_tag","embeddable":true,"href":"https:\/\/nbg.eu\/fi\/wp-json\/wp\/v2\/product_tag?post=696306"}],"curies":[{"name":"wp","href":"https:\/\/api.w.org\/{rel}","templated":true}]}}