{"id":696675,"date":"2025-12-22T15:43:37","date_gmt":"2025-12-22T12:43:37","guid":{"rendered":"https:\/\/nbg.eu\/product\/tehtavahyokkayspakkaus-multicam\/"},"modified":"2026-04-15T14:18:43","modified_gmt":"2026-04-15T11:18:43","slug":"tehtavahyokkayspakkaus-multicam","status":"publish","type":"product","link":"https:\/\/nbg.eu\/fi\/tuote\/tehtavahyokkayspakkaus-multicam\/","title":{"rendered":"Eberlestock Hy\u00f6kk\u00e4ysreppu Mission &#8211; Multicam"},"content":{"rendered":"<h2>Mission Assault Pack &#8211; Multicam<\/h2>\n<p>Pakka on rakennettu alusta l\u00e4htien sopimaan hyvin pinoon, ja se yhdistyy Mission-runkoon muodostaen kevyen ja kuormankantavan j\u00e4rjestelm\u00e4n. Siin\u00e4 on useita organisointiominaisuuksia, turvallinen ja s\u00e4\u00e4dett\u00e4v\u00e4 istuvuus sek\u00e4 nopea p\u00e4\u00e4sy sis\u00e4osaan, jolloin pakka pit\u00e4\u00e4 sinut kohdallasi. Mahdollisuus lis\u00e4t\u00e4 lis\u00e4varusteita ja toimintoja Mission EMOD -j\u00e4rjestelm\u00e4n avulla edelleen parantaa t\u00e4m\u00e4n pakan suorituskyky\u00e4.<\/p>\n<p>Painaessaan 1 lb 12 oz, Assault Pack on rakennettu kest\u00e4v\u00e4st\u00e4 500D Ripstop -materiaalista ja tarjoaa runsaan 2 000 kuutiotuuman kapasiteetin, joka riitt\u00e4\u00e4 t\u00e4rkeimpien varusteiden kuljettamiseen.<\/p>\n","protected":false},"excerpt":{"rendered":"<p>Monipuolinen ja modulaarinen hy\u00f6kk\u00e4yspakkaus, jossa on organisointitoimintoja ja EMOD-yhteensopivuus.<\/p>\n","protected":false},"featured_media":696702,"template":"","meta":{"_acf_changed":false},"product_brand":[15142],"product_cat":[13169],"product_tag":[],"class_list":{"0":"post-696675","1":"product","2":"type-product","3":"status-publish","4":"has-post-thumbnail","6":"product_brand-eberlestock","7":"product_cat-reput","9":"first","10":"outofstock","11":"taxable","12":"shipping-taxable","13":"purchasable","14":"product-type-variable","15":"wvs-archive-product-wrapper"},"acf":[],"_links":{"self":[{"href":"https:\/\/nbg.eu\/fi\/wp-json\/wp\/v2\/product\/696675","targetHints":{"allow":["GET"]}}],"collection":[{"href":"https:\/\/nbg.eu\/fi\/wp-json\/wp\/v2\/product"}],"about":[{"href":"https:\/\/nbg.eu\/fi\/wp-json\/wp\/v2\/types\/product"}],"wp:featuredmedia":[{"embeddable":true,"href":"https:\/\/nbg.eu\/fi\/wp-json\/wp\/v2\/media\/696702"}],"wp:attachment":[{"href":"https:\/\/nbg.eu\/fi\/wp-json\/wp\/v2\/media?parent=696675"}],"wp:term":[{"taxonomy":"product_brand","embeddable":true,"href":"https:\/\/nbg.eu\/fi\/wp-json\/wp\/v2\/product_brand?post=696675"},{"taxonomy":"product_cat","embeddable":true,"href":"https:\/\/nbg.eu\/fi\/wp-json\/wp\/v2\/product_cat?post=696675"},{"taxonomy":"product_tag","embeddable":true,"href":"https:\/\/nbg.eu\/fi\/wp-json\/wp\/v2\/product_tag?post=696675"}],"curies":[{"name":"wp","href":"https:\/\/api.w.org\/{rel}","templated":true}]}}