{"id":696836,"date":"2025-12-22T15:47:55","date_gmt":"2025-12-22T12:47:55","guid":{"rendered":"https:\/\/nbg.eu\/product\/tehtava-arc-multicam\/"},"modified":"2026-04-15T14:18:40","modified_gmt":"2026-04-15T11:18:40","slug":"tehtava-arc-multicam","status":"publish","type":"product","link":"https:\/\/nbg.eu\/fi\/tuote\/tehtava-arc-multicam\/","title":{"rendered":"Eberlestock Mission ARC &#8211; Multicam"},"content":{"rendered":"<h2>Mission ARC-Multicam: Optimoitu varusteenkantaja operatiiviseen tehokkuuteen<\/h2>\n<p>Mission Adjustable Rifle Carrier (ARC) on toiminnallinen resurssi ammattilaisille, jotka tarvitsevat kantaa lis\u00e4varusteita kent\u00e4ll\u00e4. ARC lis\u00e4\u00e4 operatiivista kapasiteettia ja on suunniteltu toimimaan yhdess\u00e4 Mission EMOD -rungon ja Mission Zipper Extension -laajennuksen kanssa. Kiinnittym\u00e4ll\u00e4 Mission-rungon takaosaan MOLLE-kudoksen avulla, ARC toimii kantajana tarkkuuskiv\u00e4\u00e4reille, AR-tyylisille alustoille ja voi kuljettaa muita operaatioon keskeisi\u00e4 varusteita.<\/p>\n<p>Toiminnan onnistuminen riippuu t\u00e4sm\u00e4llisest\u00e4 ajoituksesta, tarkkuudesta ja k\u00e4ytett\u00e4viss\u00e4 olevien resurssien tehokkaasta k\u00e4ytt\u00f6\u00f6notosta. ARC on rakennettu tukemaan varustevaatimuksia miss\u00e4 tahansa ymp\u00e4rist\u00f6ss\u00e4. Siin\u00e4 on 500D-kangas, s\u00e4\u00e4dett\u00e4v\u00e4 pohja, MOLLE-kudos, kiinnitysremme ja vahvistettu Hypalon-pohja, ja se on suunniteltu optimoimaan varusteiden j\u00e4rjest\u00e4mist\u00e4 ja saatavuutta kent\u00e4ll\u00e4.<\/p>\n<p>Mitat: 15&#8243;K x 3&#8243;L<\/p>\n","protected":false},"excerpt":{"rendered":"<p>Mission ARC-Multicam on toiminnallinen, s\u00e4\u00e4dett\u00e4v\u00e4 kiv\u00e4\u00e4rin kuljetusteline, joka kiinnittyy Mission EMOD -runkoon, mahdollistaen tarkkuuskiv\u00e4\u00e4rien, AR-tyyppisten alustojen ja toimintakriittisen varustuksen kuljetuksen.<\/p>\n","protected":false},"featured_media":696859,"template":"","meta":{"_acf_changed":false},"product_brand":[15142],"product_cat":[13169],"product_tag":[],"class_list":{"0":"post-696836","1":"product","2":"type-product","3":"status-publish","4":"has-post-thumbnail","6":"product_brand-eberlestock","7":"product_cat-reput","9":"first","10":"instock","11":"taxable","12":"shipping-taxable","13":"purchasable","14":"product-type-variable","15":"wvs-archive-product-wrapper"},"acf":[],"_links":{"self":[{"href":"https:\/\/nbg.eu\/fi\/wp-json\/wp\/v2\/product\/696836","targetHints":{"allow":["GET"]}}],"collection":[{"href":"https:\/\/nbg.eu\/fi\/wp-json\/wp\/v2\/product"}],"about":[{"href":"https:\/\/nbg.eu\/fi\/wp-json\/wp\/v2\/types\/product"}],"wp:featuredmedia":[{"embeddable":true,"href":"https:\/\/nbg.eu\/fi\/wp-json\/wp\/v2\/media\/696859"}],"wp:attachment":[{"href":"https:\/\/nbg.eu\/fi\/wp-json\/wp\/v2\/media?parent=696836"}],"wp:term":[{"taxonomy":"product_brand","embeddable":true,"href":"https:\/\/nbg.eu\/fi\/wp-json\/wp\/v2\/product_brand?post=696836"},{"taxonomy":"product_cat","embeddable":true,"href":"https:\/\/nbg.eu\/fi\/wp-json\/wp\/v2\/product_cat?post=696836"},{"taxonomy":"product_tag","embeddable":true,"href":"https:\/\/nbg.eu\/fi\/wp-json\/wp\/v2\/product_tag?post=696836"}],"curies":[{"name":"wp","href":"https:\/\/api.w.org\/{rel}","templated":true}]}}