{"id":697077,"date":"2025-12-22T16:18:10","date_gmt":"2025-12-22T13:18:10","guid":{"rendered":"https:\/\/nbg.eu\/product\/tehtava-vetoketju-laajennus-multicam\/"},"modified":"2026-04-15T14:18:36","modified_gmt":"2026-04-15T11:18:36","slug":"tehtava-vetoketju-laajennus-multicam","status":"publish","type":"product","link":"https:\/\/nbg.eu\/fi\/tuote\/tehtava-vetoketju-laajennus-multicam\/","title":{"rendered":"Eberlestock Vetoketju Jatke Mission EMOD &#8211; Multicam"},"content":{"rendered":"<h2>Mission-vetoketjun laajennus-Multicam<\/h2>\n<p>Mission-vetoketjun laajennus yhdist\u00e4\u00e4 tarkoituksen ja hy\u00f6dyllisyyden k\u00e4ytt\u00e4j\u00e4lle. Vetoketjun laajennus kiinnittyy Mission EMOD -kehyksen etupuolelle ja on suunniteltu k\u00e4ytett\u00e4v\u00e4ksi Mission ARC:n ja Mission-pakkauksen kanssa lis\u00e4\u00e4m\u00e4\u00e4n varustekapasiteettia ja -joustavuutta. MOLLE-kudos ja kaksikerroksinen 500D-laminaattirakenne tarjoavat tarvittavat ominaisuudet kaapelinhallintaan, antennien reitittykseen ja kiinnitett\u00e4vien kiristyshihnojen asettamiseen. Mission-vetoketjun laajennus toimii t\u00e4rke\u00e4n\u00e4 lis\u00e4varusteena, joka vahvistaa suorituskyky\u00e4si kent\u00e4ll\u00e4.<\/p>\n<h2>Mitat<\/h2>\n<p>Mitat: 15&#8243; x 3&#8243;<\/p>\n<h2>Ominaisuudet<\/h2>\n<ul>\n<li>500D-kangas<\/li>\n<li>YKK-vetoketjut<\/li>\n<li>Kaksikerroksinen laminaatti<\/li>\n<\/ul>\n","protected":false},"excerpt":{"rendered":"<p>Teht\u00e4v\u00e4n Vetoketju Lis\u00e4ys-Multicam kasvattaa varustelun kapasiteettia MOLLE-nauhoituksella ja 500D laminaattirakenteella kaapelinhallintaan ja antenniohjaukseen.<\/p>\n","protected":false},"featured_media":697096,"template":"","meta":{"_acf_changed":false},"product_brand":[15142],"product_cat":[13169],"product_tag":[],"class_list":{"0":"post-697077","1":"product","2":"type-product","3":"status-publish","4":"has-post-thumbnail","6":"product_brand-eberlestock","7":"product_cat-reput","9":"first","10":"instock","11":"taxable","12":"shipping-taxable","13":"purchasable","14":"product-type-variable","15":"wvs-archive-product-wrapper"},"acf":[],"_links":{"self":[{"href":"https:\/\/nbg.eu\/fi\/wp-json\/wp\/v2\/product\/697077","targetHints":{"allow":["GET"]}}],"collection":[{"href":"https:\/\/nbg.eu\/fi\/wp-json\/wp\/v2\/product"}],"about":[{"href":"https:\/\/nbg.eu\/fi\/wp-json\/wp\/v2\/types\/product"}],"wp:featuredmedia":[{"embeddable":true,"href":"https:\/\/nbg.eu\/fi\/wp-json\/wp\/v2\/media\/697096"}],"wp:attachment":[{"href":"https:\/\/nbg.eu\/fi\/wp-json\/wp\/v2\/media?parent=697077"}],"wp:term":[{"taxonomy":"product_brand","embeddable":true,"href":"https:\/\/nbg.eu\/fi\/wp-json\/wp\/v2\/product_brand?post=697077"},{"taxonomy":"product_cat","embeddable":true,"href":"https:\/\/nbg.eu\/fi\/wp-json\/wp\/v2\/product_cat?post=697077"},{"taxonomy":"product_tag","embeddable":true,"href":"https:\/\/nbg.eu\/fi\/wp-json\/wp\/v2\/product_tag?post=697077"}],"curies":[{"name":"wp","href":"https:\/\/api.w.org\/{rel}","templated":true}]}}