{"id":697215,"date":"2025-12-22T16:34:07","date_gmt":"2025-12-22T13:34:07","guid":{"rendered":"https:\/\/nbg.eu\/product\/mission-frame-emod-monisavy\/"},"modified":"2026-04-15T14:18:32","modified_gmt":"2026-04-15T11:18:32","slug":"mission-frame-emod-monisavy","status":"publish","type":"product","link":"https:\/\/nbg.eu\/fi\/tuote\/mission-frame-emod-monisavy\/","title":{"rendered":"Eberlestock Runko Mission EMOD &#8211; Multicam"},"content":{"rendered":"<h2>Mission Frame- EMOD -Multicam<\/h2>\n<p>Mission EMOD:n perusta, Mission Frame, tarjoaa kest\u00e4v\u00e4n, modulaarisen ja kompaktin l\u00e4ht\u00f6kohdan uudelle varustautumiselle. T\u00e4t\u00e4 kehikkoa on testattu ja kehitetty lukuisia tunteja yhdess\u00e4 kaikkien puolustushaarojen erikoisjoukkojen k\u00e4ytt\u00e4jien kanssa, ja se on suunniteltu toimimaan saumattomasti varusteidesi kanssa niin p\u00e4\u00e4ll\u00e4si kuin sen ulkopuolellakin.<\/p>\n<p>Mitat: 2 LB 15 OZ<\/p>\n","protected":false},"excerpt":{"rendered":"<p>T\u00e4rke\u00e4 teht\u00e4v\u00e4- EMOD -Multicam: kest\u00e4v\u00e4, modulaarinen ja kompakti l\u00e4ht\u00f6kohta varustautumiseesi, suunniteltu erikoisjoukkojen k\u00e4ytt\u00e4jille.<\/p>\n","protected":false},"featured_media":697330,"template":"","meta":{"_acf_changed":false},"product_brand":[15142],"product_cat":[13169],"product_tag":[],"class_list":{"0":"post-697215","1":"product","2":"type-product","3":"status-publish","4":"has-post-thumbnail","6":"product_brand-eberlestock","7":"product_cat-reput","9":"first","10":"instock","11":"taxable","12":"shipping-taxable","13":"purchasable","14":"product-type-variable","15":"wvs-archive-product-wrapper"},"acf":[],"_links":{"self":[{"href":"https:\/\/nbg.eu\/fi\/wp-json\/wp\/v2\/product\/697215","targetHints":{"allow":["GET"]}}],"collection":[{"href":"https:\/\/nbg.eu\/fi\/wp-json\/wp\/v2\/product"}],"about":[{"href":"https:\/\/nbg.eu\/fi\/wp-json\/wp\/v2\/types\/product"}],"wp:featuredmedia":[{"embeddable":true,"href":"https:\/\/nbg.eu\/fi\/wp-json\/wp\/v2\/media\/697330"}],"wp:attachment":[{"href":"https:\/\/nbg.eu\/fi\/wp-json\/wp\/v2\/media?parent=697215"}],"wp:term":[{"taxonomy":"product_brand","embeddable":true,"href":"https:\/\/nbg.eu\/fi\/wp-json\/wp\/v2\/product_brand?post=697215"},{"taxonomy":"product_cat","embeddable":true,"href":"https:\/\/nbg.eu\/fi\/wp-json\/wp\/v2\/product_cat?post=697215"},{"taxonomy":"product_tag","embeddable":true,"href":"https:\/\/nbg.eu\/fi\/wp-json\/wp\/v2\/product_tag?post=697215"}],"curies":[{"name":"wp","href":"https:\/\/api.w.org\/{rel}","templated":true}]}}