{"id":697533,"date":"2025-12-22T17:34:47","date_gmt":"2025-12-22T14:34:47","guid":{"rendered":"https:\/\/nbg.eu\/product\/patruunavyo\/"},"modified":"2026-04-15T14:18:24","modified_gmt":"2026-04-15T11:18:24","slug":"patruunavyo","status":"publish","type":"product","link":"https:\/\/nbg.eu\/fi\/tuote\/patruunavyo\/","title":{"rendered":"Eberlestock Ampumarata Laukku Bang-Bang"},"content":{"rendered":"<h2>Bang-Bang-kantolaukku<\/h2>\n<p>Bang Bang\u2122 -laukku on kehitetty kompaktiksi kantolaukuksi, joka pit\u00e4\u00e4 kaikki olennaiset varusteet suojassa s\u00e4\u00e4olosuhteilta. Polykarbonaattipohja tekee laukusta vedenkest\u00e4v\u00e4n, kiven- ja roskankest\u00e4v\u00e4n sek\u00e4 suojaa se ampumaradantolkulta.<\/p>\n<p>P\u00e4\u00e4osastossa on muunneltavat, pehmustetut v\u00e4lisein\u00e4t, jotka pit\u00e4v\u00e4t l\u00e4\u00e4kint\u00e4v\u00e4lineet, ty\u00f6kalut, kameran varusteet ja ampumaratavarusteet turvallisina ja j\u00e4rjestyksess\u00e4. Pohjaosasto sopii k\u00e4tev\u00e4sti k\u00e4siaseille, ty\u00f6kaluille tai jopa kompaktille karbiinikiv\u00e4\u00e4riille.<\/p>\n<h2>Mitat<\/h2>\n<p>Tilavuus: 2062,5 c.i. \/ 33,80L<br \/>\nPaino: 4 lbs<br \/>\nMitat: 10,25K x 21L x 10S<br \/>\nPohjaosaston mitat 21,5&#8243; P x 9,5&#8243; L x 2&#8243; S<\/p>\n<h2>Ominaisuudet<\/h2>\n<ul>\n<li>Polykarbonaattinen pohjakuori<\/li>\n<li>Pehmustettu, muunneltava p\u00e4\u00e4osasto<\/li>\n<li>S\u00e4\u00e4dett\u00e4v\u00e4 olkahihna<\/li>\n<li>Muokattavat j\u00e4rjestelyt\u00e4keet<\/li>\n<li>Pohjaosasto turvallista s\u00e4ilytyst\u00e4 varten<\/li>\n<\/ul>\n","protected":false},"excerpt":{"rendered":"<p>Pauk-Pauk-kantolaukku on kompakti, kest\u00e4v\u00e4 laukku polykarbonaattisella pohjalla ja muunneltavalla sis\u00e4osalla suojaamaan t\u00e4rkeint\u00e4 v\u00e4lineist\u00f6\u00e4si.<\/p>\n","protected":false},"featured_media":697568,"template":"","meta":{"_acf_changed":false},"product_brand":[15142],"product_cat":[13165],"product_tag":[],"class_list":{"0":"post-697533","1":"product","2":"type-product","3":"status-publish","4":"has-post-thumbnail","6":"product_brand-eberlestock","7":"product_cat-ampumalaukut","9":"first","10":"instock","11":"taxable","12":"shipping-taxable","13":"purchasable","14":"product-type-variable","15":"wvs-archive-product-wrapper"},"acf":[],"_links":{"self":[{"href":"https:\/\/nbg.eu\/fi\/wp-json\/wp\/v2\/product\/697533","targetHints":{"allow":["GET"]}}],"collection":[{"href":"https:\/\/nbg.eu\/fi\/wp-json\/wp\/v2\/product"}],"about":[{"href":"https:\/\/nbg.eu\/fi\/wp-json\/wp\/v2\/types\/product"}],"wp:featuredmedia":[{"embeddable":true,"href":"https:\/\/nbg.eu\/fi\/wp-json\/wp\/v2\/media\/697568"}],"wp:attachment":[{"href":"https:\/\/nbg.eu\/fi\/wp-json\/wp\/v2\/media?parent=697533"}],"wp:term":[{"taxonomy":"product_brand","embeddable":true,"href":"https:\/\/nbg.eu\/fi\/wp-json\/wp\/v2\/product_brand?post=697533"},{"taxonomy":"product_cat","embeddable":true,"href":"https:\/\/nbg.eu\/fi\/wp-json\/wp\/v2\/product_cat?post=697533"},{"taxonomy":"product_tag","embeddable":true,"href":"https:\/\/nbg.eu\/fi\/wp-json\/wp\/v2\/product_tag?post=697533"}],"curies":[{"name":"wp","href":"https:\/\/api.w.org\/{rel}","templated":true}]}}