{"id":697985,"date":"2025-12-22T17:41:31","date_gmt":"2025-12-22T14:41:31","guid":{"rendered":"https:\/\/nbg.eu\/product\/ylaperhonen-pakkaus\/"},"modified":"2026-01-07T13:14:45","modified_gmt":"2026-01-07T10:14:45","slug":"ylaperhonen-pakkaus","status":"publish","type":"product","link":"https:\/\/nbg.eu\/fi\/tuote\/ylaperhonen-pakkaus\/","title":{"rendered":"Yl\u00e4perhonen -pakkaus"},"content":{"rendered":"<h2>UpRanger-paketti: Muuta 3-Gun- ja ulkoilutarvikkeiden kuljetus vallankumoukselliseksi<\/h2>\n<p>Inspiroituneena mestari-3-Gunner-tarpeeseensa, UpRanger\u2122-paketti muuttaa pelin. Suunniteltu pudotettavaksi kest\u00e4v\u00e4lle polykarbonaattiselle ulkopinnalle, paketti voidaan avata kotelosta puolelta nopeasti p\u00e4\u00e4st\u00e4ksesi k\u00e4siksi varusteisiisi ilman tarpeetonta kulumista tai likaa. K\u00e4yt\u00e4 sit\u00e4 ampumaradalla, kest\u00e4v\u00e4n\u00e4 kameralaukkuna tai muussa ulkoiluretkess\u00e4, UpRangerissa on kapasiteetti ja ominaisuudet k\u00e4sitell\u00e4 kaikkea.<\/p>\n<p>Tilavan 3260 kuutioinchin (53,4 l) tilavuuden ja vain 6,45 lbs painavan pakkauksensa ansiosta UpRanger on eritt\u00e4in suorituskykyinen mutta kevyt paketti. Sen pehmustettu, s\u00e4\u00e4dett\u00e4v\u00e4 olkahihna varmistaa mukavankuljetuksen, kun taas kokoonpanoon muokattavat jakajat mahdollistavat sis\u00e4puolen asettelun mukauttamisen sinun tarpeisiisi. Lis\u00e4suojaukseksi paketti on yhteensopiva suuren k\u00e4\u00e4nnett\u00e4v\u00e4n sadetakkinsa kanssa pit\u00e4m\u00e4\u00e4n varusteet kuivina huonossa s\u00e4\u00e4ss\u00e4.<\/p>\n<p>T\u00e4ydelliseen 3-Gun-kokoonpanoon yhdist\u00e4 UpRanger Sidewinder-kiv\u00e4\u00e4rikoteloihisi kaikki-yhdess\u00e4-ratkaisuksi, joka pit\u00e4\u00e4 tulitikut turvallisina ja helposti saatavilla. Irrotettavat sivusiivipaneelit tarjoavat lis\u00e4\u00e4 joustavuutta, jolloin voit m\u00e4\u00e4ritt\u00e4\u00e4 pakkauksen omiin vaatimuksiisi.<\/p>\n<p>Nosta ulkoilutarvikkeiden hallintasi uudelle tasolle innovatiivisella UpRanger-pakkauksella, joka on suunniteltu yksinkertaistamaan toimintaasi ja pit\u00e4m\u00e4\u00e4n olennaiset v\u00e4lineesi organisoituna ja suojattuna.<\/p>\n","protected":false},"excerpt":{"rendered":"<p>Monipuolinen 3-Gun-reppu, jossa on polykarbonattipohja, jonka ansiosta se on nopea ja likaantumaton.<\/p>\n","protected":false},"featured_media":696432,"template":"","meta":{"_acf_changed":false},"product_brand":[15142],"product_cat":[13169],"product_tag":[],"class_list":{"0":"post-697985","1":"product","2":"type-product","3":"status-publish","4":"has-post-thumbnail","6":"product_brand-eberlestock","7":"product_cat-reput","9":"first","10":"instock","11":"taxable","12":"shipping-taxable","13":"purchasable","14":"product-type-variable","15":"wvs-archive-product-wrapper"},"acf":[],"_links":{"self":[{"href":"https:\/\/nbg.eu\/fi\/wp-json\/wp\/v2\/product\/697985","targetHints":{"allow":["GET"]}}],"collection":[{"href":"https:\/\/nbg.eu\/fi\/wp-json\/wp\/v2\/product"}],"about":[{"href":"https:\/\/nbg.eu\/fi\/wp-json\/wp\/v2\/types\/product"}],"wp:featuredmedia":[{"embeddable":true,"href":"https:\/\/nbg.eu\/fi\/wp-json\/wp\/v2\/media\/696432"}],"wp:attachment":[{"href":"https:\/\/nbg.eu\/fi\/wp-json\/wp\/v2\/media?parent=697985"}],"wp:term":[{"taxonomy":"product_brand","embeddable":true,"href":"https:\/\/nbg.eu\/fi\/wp-json\/wp\/v2\/product_brand?post=697985"},{"taxonomy":"product_cat","embeddable":true,"href":"https:\/\/nbg.eu\/fi\/wp-json\/wp\/v2\/product_cat?post=697985"},{"taxonomy":"product_tag","embeddable":true,"href":"https:\/\/nbg.eu\/fi\/wp-json\/wp\/v2\/product_tag?post=697985"}],"curies":[{"name":"wp","href":"https:\/\/api.w.org\/{rel}","templated":true}]}}