{"id":698310,"date":"2025-12-22T17:45:44","date_gmt":"2025-12-22T14:45:44","guid":{"rendered":"https:\/\/nbg.eu\/product\/maamatto\/"},"modified":"2026-04-15T14:18:21","modified_gmt":"2026-04-15T11:18:21","slug":"maamatto","status":"publish","type":"product","link":"https:\/\/nbg.eu\/fi\/tuote\/maamatto\/","title":{"rendered":"Eberlestock Ampumamatto Dirt Nap"},"content":{"rendered":"<h2>Dirt Nap Shooting Mat: Optimoitu Laukoava-asennon Mukavuudelle ja K\u00e4yt\u00e4nn\u00f6llisyydelle<\/h2>\n<p>Dirt Nap Shooting Mat on asiantuntevasti suunniteltu ja priorisoitu laukoava-asentoa varten. Se parantaa retki\u00e4si paremmalla mukavuudella ja k\u00e4yt\u00e4nn\u00f6llisyydell\u00e4, tehden siit\u00e4 olennaisen lis\u00e4n ampumaratapakettiisi.<\/p>\n<p>Dirt Nap sis\u00e4lt\u00e4\u00e4 yksil\u00f6llisesti p\u00e4\u00e4llystettyj\u00e4 kennoja, jotka luovat luonnollisia taitoksia, mahdollistaen helpon taittamisen ja kompaktin s\u00e4ilytyksen. T\u00e4ydell\u00e4 p\u00e4\u00e4llystyksell\u00e4 yl\u00e4puoliskossa ja keskelle ulottuen takimmaiseen puoliskoon, se tarjoaa maksimaalisen mukavuuden juuri siell\u00e4 miss\u00e4 sit\u00e4 tarvitset eniten.<\/p>\n<p>Mitoiltaan 94&#8243;P x 34&#8243;L ja taittuessaan kompaktiin 12&#8243; x 17&#8243;, Dirt Nap Shooting Mat painaa vain 4lbs. 13oz. Kest\u00e4v\u00e4 600D PVC-p\u00e4\u00e4llysteinen nailonrakenne, PVC-p\u00e4\u00e4llystetty alapuoli ja k\u00e4tev\u00e4 kantokahva tekev\u00e4t siit\u00e4 kulutusta kest\u00e4v\u00e4n ja k\u00e4yt\u00e4nn\u00f6llisen vaihtoehdon kaikille ampujille.<\/p>\n<p>S\u00e4ilytysl\u00e4pp\u00e4 20mm hihnoilla ja solilla takaa, ett\u00e4 Dirt Nap pysyy tukevasti paikallaan, kun taas huolellinen suunnittelu tekee siit\u00e4 v\u00e4ltt\u00e4m\u00e4tt\u00f6m\u00e4n varustuksen seuraavalle p\u00e4iv\u00e4lle ampumaradalla.<\/p>\n","protected":false},"excerpt":{"rendered":"<p>Dirt Nap -ampumamatto &#8211; asiantuntevasti suunniteltu makaavia ampumasuorituksia varten, joka tarjoaa erinomaista mukavuutta ja k\u00e4yt\u00e4nn\u00f6llisyytt\u00e4.<\/p>\n","protected":false},"featured_media":698471,"template":"","meta":{"_acf_changed":false},"product_brand":[15142],"product_cat":[13233],"product_tag":[],"class_list":{"0":"post-698310","1":"product","2":"type-product","3":"status-publish","4":"has-post-thumbnail","6":"product_brand-eberlestock","7":"product_cat-varusteet","9":"first","10":"instock","11":"taxable","12":"shipping-taxable","13":"purchasable","14":"product-type-variable","15":"wvs-archive-product-wrapper"},"acf":[],"_links":{"self":[{"href":"https:\/\/nbg.eu\/fi\/wp-json\/wp\/v2\/product\/698310","targetHints":{"allow":["GET"]}}],"collection":[{"href":"https:\/\/nbg.eu\/fi\/wp-json\/wp\/v2\/product"}],"about":[{"href":"https:\/\/nbg.eu\/fi\/wp-json\/wp\/v2\/types\/product"}],"wp:featuredmedia":[{"embeddable":true,"href":"https:\/\/nbg.eu\/fi\/wp-json\/wp\/v2\/media\/698471"}],"wp:attachment":[{"href":"https:\/\/nbg.eu\/fi\/wp-json\/wp\/v2\/media?parent=698310"}],"wp:term":[{"taxonomy":"product_brand","embeddable":true,"href":"https:\/\/nbg.eu\/fi\/wp-json\/wp\/v2\/product_brand?post=698310"},{"taxonomy":"product_cat","embeddable":true,"href":"https:\/\/nbg.eu\/fi\/wp-json\/wp\/v2\/product_cat?post=698310"},{"taxonomy":"product_tag","embeddable":true,"href":"https:\/\/nbg.eu\/fi\/wp-json\/wp\/v2\/product_tag?post=698310"}],"curies":[{"name":"wp","href":"https:\/\/api.w.org\/{rel}","templated":true}]}}