{"id":698719,"date":"2025-12-22T17:51:28","date_gmt":"2025-12-22T14:51:28","guid":{"rendered":"https:\/\/nbg.eu\/product\/lodrag-ii-pack\/"},"modified":"2026-04-15T14:18:17","modified_gmt":"2026-04-15T11:18:17","slug":"lodrag-ii-pack","status":"publish","type":"product","link":"https:\/\/nbg.eu\/fi\/tuote\/lodrag-ii-pack\/","title":{"rendered":"Eberlestock Reppu LoDrag II"},"content":{"rendered":"<h2>X31 LoDrag II\u2122 -taktinen reppu<\/h2>\n<p>Suunniteltu olemaan eritt\u00e4in toiminnallinen ja kevyt taktinen reppu, jossa on my\u00f6s taktinen aseen kokoinen suojapussukka. X31 LoDrag II\u2122 on ollut vakio tarkkuuskiv\u00e4\u00e4rin maailmassa. P\u00e4\u00e4osastossa LoDrag II:ssa on taitettava hylly erottamaan yl\u00e4- ja alaosan tilan, sek\u00e4 juomaj\u00e4rjestelm\u00e4n hihna 2L ja 3L juomaj\u00e4rjestelmi\u00e4 varten. Sivun puristusnauhat on varustettu kest\u00e4vill\u00e4 25 mm:n soljilla nopeaa irrotusta varten, kuten statiiveja pakattuina reppuun.<\/p>\n<h2>Mitat<\/h2>\n<p>Tilavuus: 2290 c.i. \/ 37,5L<br \/>\nPaino: 6,85 lb<br \/>\nMitat: 22,5K x 11L x 11,75S<br \/>\nAsesuppilomitat: 34&#8243; K x 10&#8243; L x 3S<\/p>\n<h2>Ominaisuudet<\/h2>\n<ul>\n<li>Taktinen aseen suojapussukka<\/li>\n<li>Taitettava hylly erottamaan yl\u00e4- ja alaosan tilan<\/li>\n<li>Mukana tuleva sadesuoja<\/li>\n<li>Juomaj\u00e4rjestelm\u00e4n hihna<\/li>\n<\/ul>\n","protected":false},"excerpt":{"rendered":"<p>Kevyt taktinen reppu, jossa on aseelle tarkoitettu tuppi, taitettava hylly ja hydraatiotasku.<\/p>\n","protected":false},"featured_media":698812,"template":"","meta":{"_acf_changed":false},"product_brand":[15142],"product_cat":[13169],"product_tag":[],"class_list":{"0":"post-698719","1":"product","2":"type-product","3":"status-publish","4":"has-post-thumbnail","6":"product_brand-eberlestock","7":"product_cat-reput","9":"first","10":"instock","11":"taxable","12":"shipping-taxable","13":"purchasable","14":"product-type-variable","15":"wvs-archive-product-wrapper"},"acf":[],"_links":{"self":[{"href":"https:\/\/nbg.eu\/fi\/wp-json\/wp\/v2\/product\/698719","targetHints":{"allow":["GET"]}}],"collection":[{"href":"https:\/\/nbg.eu\/fi\/wp-json\/wp\/v2\/product"}],"about":[{"href":"https:\/\/nbg.eu\/fi\/wp-json\/wp\/v2\/types\/product"}],"wp:featuredmedia":[{"embeddable":true,"href":"https:\/\/nbg.eu\/fi\/wp-json\/wp\/v2\/media\/698812"}],"wp:attachment":[{"href":"https:\/\/nbg.eu\/fi\/wp-json\/wp\/v2\/media?parent=698719"}],"wp:term":[{"taxonomy":"product_brand","embeddable":true,"href":"https:\/\/nbg.eu\/fi\/wp-json\/wp\/v2\/product_brand?post=698719"},{"taxonomy":"product_cat","embeddable":true,"href":"https:\/\/nbg.eu\/fi\/wp-json\/wp\/v2\/product_cat?post=698719"},{"taxonomy":"product_tag","embeddable":true,"href":"https:\/\/nbg.eu\/fi\/wp-json\/wp\/v2\/product_tag?post=698719"}],"curies":[{"name":"wp","href":"https:\/\/api.w.org\/{rel}","templated":true}]}}