{"id":699101,"date":"2025-12-22T17:57:48","date_gmt":"2025-12-22T14:57:48","guid":{"rendered":"https:\/\/nbg.eu\/product\/revolvermies-ii-pakkaus\/"},"modified":"2026-04-15T14:18:13","modified_gmt":"2026-04-15T11:18:13","slug":"revolvermies-ii-pakkaus","status":"publish","type":"product","link":"https:\/\/nbg.eu\/fi\/tuote\/revolvermies-ii-pakkaus\/","title":{"rendered":"Eberlestock Reppu G2 Gunslinger II"},"content":{"rendered":"<h2>Gunslinger II\u2122 Taktiikkapakkaus<\/h2>\n<p>Gunslinger II\u2122 on keskikokoinen taktiikkapakkaus, jossa on leve\u00e4 hihna paremmin sopivien aseiden tai kookkaiden optiikkojen k\u00e4ytt\u00f6\u00f6n. Leve\u00e4 hihna toimii my\u00f6s erinomaisena kannettavan tietokoneen tai sotilaallisen radion s\u00e4ilytykseen. Vaikka hihna on taitettuna, se sopii useimpiin lyhytt\u00e4 piippu-ase t\u00e4ydellisesti. Gunslinger II:ssa on 2100 kuutioinchinen tilavuus ja vakiona-tuleva Intex-II\u2122 No-Shelf -runkorakenne, t\u00e4ysin s\u00e4\u00e4dett\u00e4v\u00e4 olkahihna ja pehmustettu vy\u00f6.<\/p>\n<h2>Mitat<\/h2>\n<p>Pakkauksen tilavuus: 2 100 kuutuiolia \/ 34,41 l<br \/>\nHihnan tilavuus: 600 kuutioinchia<br \/>\n-Kokonaistilavuus: 44 litraa \/ 2 700 kuutioinchia<br \/>\n-Paino: 6,5 paunaa<br \/>\n-P\u00e4\u00e4pakkauksen mitat: 22&#8243; K x 10&#8243; L x 8&#8243; S<br \/>\n-Hihnan mitat: 34&#8243; P x 10&#8243; L x 3&#8243; S, aukolla ymp\u00e4rysmitaltaan 26&#8243;. GSTC-kuori sallii aseiden kuljettamisen jopa 60&#8243; asti.<br \/>\n-Todellinen paino: 6,5 paunaa (GSTC mukaan luettuna).<\/p>\n<h2>Ominaisuudet<\/h2>\n<p>Yl\u00e4kannen tasku<br \/>\n-Lastipaneeli<br \/>\n-Pullotaskut<br \/>\n-Integroitu asehihna<br \/>\n-Grapple-puristusnauhat<br \/>\n-Yl\u00e4osa- ja etuvetoketjukiinnitykset<br \/>\n-Intex II -putkirunko<\/p>\n","protected":false},"excerpt":{"rendered":"<p>Gunslinger II\u2122 on keskikokoinen taktinen reppu, jossa on t\u00e4ysi levyinen tuppilo, joka sopii paremmin aseisiin, joissa on suurempi poikkileikkaus tai kookkaat optiset laitteet.<\/p>\n","protected":false},"featured_media":699163,"template":"","meta":{"_acf_changed":false},"product_brand":[15142],"product_cat":[13169],"product_tag":[],"class_list":{"0":"post-699101","1":"product","2":"type-product","3":"status-publish","4":"has-post-thumbnail","6":"product_brand-eberlestock","7":"product_cat-reput","9":"first","10":"instock","11":"taxable","12":"shipping-taxable","13":"purchasable","14":"product-type-variable","15":"wvs-archive-product-wrapper"},"acf":[],"_links":{"self":[{"href":"https:\/\/nbg.eu\/fi\/wp-json\/wp\/v2\/product\/699101","targetHints":{"allow":["GET"]}}],"collection":[{"href":"https:\/\/nbg.eu\/fi\/wp-json\/wp\/v2\/product"}],"about":[{"href":"https:\/\/nbg.eu\/fi\/wp-json\/wp\/v2\/types\/product"}],"wp:featuredmedia":[{"embeddable":true,"href":"https:\/\/nbg.eu\/fi\/wp-json\/wp\/v2\/media\/699163"}],"wp:attachment":[{"href":"https:\/\/nbg.eu\/fi\/wp-json\/wp\/v2\/media?parent=699101"}],"wp:term":[{"taxonomy":"product_brand","embeddable":true,"href":"https:\/\/nbg.eu\/fi\/wp-json\/wp\/v2\/product_brand?post=699101"},{"taxonomy":"product_cat","embeddable":true,"href":"https:\/\/nbg.eu\/fi\/wp-json\/wp\/v2\/product_cat?post=699101"},{"taxonomy":"product_tag","embeddable":true,"href":"https:\/\/nbg.eu\/fi\/wp-json\/wp\/v2\/product_tag?post=699101"}],"curies":[{"name":"wp","href":"https:\/\/api.w.org\/{rel}","templated":true}]}}