{"id":699642,"date":"2025-12-22T18:02:07","date_gmt":"2025-12-22T15:02:07","guid":{"rendered":"https:\/\/nbg.eu\/product\/sadekatos\/"},"modified":"2026-04-15T14:18:10","modified_gmt":"2026-04-15T11:18:10","slug":"sadekatos","status":"publish","type":"product","link":"https:\/\/nbg.eu\/fi\/tuote\/sadekatos\/","title":{"rendered":"Eberlestock Kiikarin Sadesuoja Recon"},"content":{"rendered":"<h2>Bino Rain Fly: Kompakti ja kevyt suoja optiikallesi<\/h2>\n<p>Bino Rain Fly on monipuolinen ja kompakti ratkaisu pit\u00e4\u00e4 kiikarit kuivina ja suojassa s\u00e4\u00e4olosuhteilta. Se on suunniteltu toimimaan saumattomasti Recon Bino -suitsen kanssa ja tarjoaa luotettavan suojan ja k\u00e4yt\u00e4nn\u00f6llisyyden.<\/p>\n<p>Kest\u00e4vist\u00e4 ja kevyist\u00e4 materiaaleista valmistettu Bino Rain Fly mahtuu mukana tulevaan suojukseen, mik\u00e4 tekee siit\u00e4 helpon kantaa ja k\u00e4ytt\u00e4\u00e4 tarpeen tullen. 10 mm:n Hangar-hihna mahdollistaa sadetakille turvallisen kiinnitt\u00e4misen varusteeseesi, joten kiikarisi pysyv\u00e4t suojassa sateelta, lumelta ja muilta s\u00e4\u00e4olosuhteilta.<\/p>\n<p>T\u00e4ysipeitt\u00e4v\u00e4 suunnittelu takaa, ett\u00e4 Bino Rain Fly peitt\u00e4\u00e4 koko Recon Bino -suitsen ja tarjoaa kattavan suojan optiikallesi. Voit keskitty\u00e4 ulkoiluretkiisi huolehtimatta siit\u00e4, ett\u00e4 s\u00e4\u00e4olot heikent\u00e4isiv\u00e4t katselukokemustasi.<\/p>\n<p>Lintujen tarkkailun, mets\u00e4styksen tai luontoretkeily parissa Bino Rain Fly on v\u00e4ltt\u00e4m\u00e4t\u00f6n lis\u00e4varuste pit\u00e4m\u00e4\u00e4n kiikarisi kuivina ja hyv\u00e4ss\u00e4 kunnossa. Kompakti, kevyt ja helppo k\u00e4ytt\u00e4\u00e4, se on t\u00e4ydellinen kumppani kaikille ulkoilun harrastajille.<\/p>\n","protected":false},"excerpt":{"rendered":"<p>Kompakti, kevyt sadesuoja, joka suojaa Recon-kiikaritaskuasi.<\/p>\n","protected":false},"featured_media":700008,"template":"","meta":{"_acf_changed":false},"product_brand":[15142],"product_cat":[15207],"product_tag":[],"class_list":{"0":"post-699642","1":"product","2":"type-product","3":"status-publish","4":"has-post-thumbnail","6":"product_brand-eberlestock","7":"product_cat-binocular-harnesses-fi","9":"first","10":"instock","11":"taxable","12":"shipping-taxable","13":"purchasable","14":"product-type-variable","15":"wvs-archive-product-wrapper"},"acf":[],"_links":{"self":[{"href":"https:\/\/nbg.eu\/fi\/wp-json\/wp\/v2\/product\/699642","targetHints":{"allow":["GET"]}}],"collection":[{"href":"https:\/\/nbg.eu\/fi\/wp-json\/wp\/v2\/product"}],"about":[{"href":"https:\/\/nbg.eu\/fi\/wp-json\/wp\/v2\/types\/product"}],"wp:featuredmedia":[{"embeddable":true,"href":"https:\/\/nbg.eu\/fi\/wp-json\/wp\/v2\/media\/700008"}],"wp:attachment":[{"href":"https:\/\/nbg.eu\/fi\/wp-json\/wp\/v2\/media?parent=699642"}],"wp:term":[{"taxonomy":"product_brand","embeddable":true,"href":"https:\/\/nbg.eu\/fi\/wp-json\/wp\/v2\/product_brand?post=699642"},{"taxonomy":"product_cat","embeddable":true,"href":"https:\/\/nbg.eu\/fi\/wp-json\/wp\/v2\/product_cat?post=699642"},{"taxonomy":"product_tag","embeddable":true,"href":"https:\/\/nbg.eu\/fi\/wp-json\/wp\/v2\/product_tag?post=699642"}],"curies":[{"name":"wp","href":"https:\/\/api.w.org\/{rel}","templated":true}]}}