{"id":700377,"date":"2025-12-22T18:10:47","date_gmt":"2025-12-22T15:10:47","guid":{"rendered":"https:\/\/nbg.eu\/product\/molle-paneeli\/"},"modified":"2026-04-15T14:18:07","modified_gmt":"2026-04-15T11:18:07","slug":"molle-paneeli","status":"publish","type":"product","link":"https:\/\/nbg.eu\/fi\/tuote\/molle-paneeli\/","title":{"rendered":"Eberlestock MOLLE Paneeli Recon"},"content":{"rendered":"<h2>Recon MOLLE -paneeli &#8211; Monipuolinen lis\u00e4varuste kiikaritaskullesi<\/h2>\n<p>Recon MOLLE -paneeli on yksinkertainen mutta monipuolinen lis\u00e4ys kiikaritaskuj\u00e4rjestelm\u00e4\u00e4si. Se tarjoaa k\u00e4tev\u00e4n tavan kiinnitt\u00e4\u00e4 erilaisia taskuja, kuten Recon Bearspray -taskua tai Recon Rangefinder -taskua, vaakasuoraan kiikaritaskusi alapuolelle. T\u00e4m\u00e4 paneeli toimii my\u00f6s turvallisena alustana MOLLE-yhteensopivalle pistoolin kotelollemminalle, mahdollistaen k\u00e4siaseen turvallisen ja mukavan kuljettamisen kiikaritaskussasi.<\/p>\n<p>6 tuumaa leve\u00e4 ja 3,25 tuumaa korkea Recon MOLLE -paneeli tarjoaa kompaktin ja virtaviivaisen rakenteen, joka ei lis\u00e4\u00e4 tarpeetonta kokoa varusteeseesi. MOLLE-yhteensopiva rakenne varmistaa yhteensopivuuden laajan valikoiman lis\u00e4varusteiden kanssa, antaen sinulle joustavuutta mukauttaa asetuksesi vastaamaan omia tarpeitasi.<\/p>\n","protected":false},"excerpt":{"rendered":"<p>Monipuolinen MOLLE-paneeli, jolla voit kiinnitt\u00e4\u00e4 taskuja ja kuljettaa k\u00e4siasetta kiikarintukiaiheella.<\/p>\n","protected":false},"featured_media":700400,"template":"","meta":{"_acf_changed":false},"product_brand":[15142],"product_cat":[13223],"product_tag":[],"class_list":{"0":"post-700377","1":"product","2":"type-product","3":"status-publish","4":"has-post-thumbnail","6":"product_brand-eberlestock","7":"product_cat-pussit","9":"first","10":"instock","11":"taxable","12":"shipping-taxable","13":"purchasable","14":"product-type-variable","15":"wvs-archive-product-wrapper"},"acf":[],"_links":{"self":[{"href":"https:\/\/nbg.eu\/fi\/wp-json\/wp\/v2\/product\/700377","targetHints":{"allow":["GET"]}}],"collection":[{"href":"https:\/\/nbg.eu\/fi\/wp-json\/wp\/v2\/product"}],"about":[{"href":"https:\/\/nbg.eu\/fi\/wp-json\/wp\/v2\/types\/product"}],"wp:featuredmedia":[{"embeddable":true,"href":"https:\/\/nbg.eu\/fi\/wp-json\/wp\/v2\/media\/700400"}],"wp:attachment":[{"href":"https:\/\/nbg.eu\/fi\/wp-json\/wp\/v2\/media?parent=700377"}],"wp:term":[{"taxonomy":"product_brand","embeddable":true,"href":"https:\/\/nbg.eu\/fi\/wp-json\/wp\/v2\/product_brand?post=700377"},{"taxonomy":"product_cat","embeddable":true,"href":"https:\/\/nbg.eu\/fi\/wp-json\/wp\/v2\/product_cat?post=700377"},{"taxonomy":"product_tag","embeddable":true,"href":"https:\/\/nbg.eu\/fi\/wp-json\/wp\/v2\/product_tag?post=700377"}],"curies":[{"name":"wp","href":"https:\/\/api.w.org\/{rel}","templated":true}]}}