{"id":700829,"date":"2025-12-22T18:16:35","date_gmt":"2025-12-22T15:16:35","guid":{"rendered":"https:\/\/nbg.eu\/product\/etaisyysmittarin-pussi\/"},"modified":"2026-04-15T14:18:03","modified_gmt":"2026-04-15T11:18:03","slug":"etaisyysmittarin-pussi","status":"publish","type":"product","link":"https:\/\/nbg.eu\/fi\/tuote\/etaisyysmittarin-pussi\/","title":{"rendered":"Eberlestock Et\u00e4isyysmittarin Tasku Recon"},"content":{"rendered":"<h2>Recon-et\u00e4isyysmittarin laukku: Suojaa varusteitasi, paranna tarkkuuttasi<\/h2>\n<p>Kohota ulkoiluretki\u00e4si Recon-et\u00e4isyysmittarin laukulla, joka on suunniteltu suojaamaan olennaista et\u00e4isyysmittauslaitteeasi. T\u00e4m\u00e4 laukku on valmistettu huolellisella tarkkaavaisuudella ja tarjoaa vertaansa vailla olevan suojan ja k\u00e4yt\u00e4nn\u00f6llisyyden, varmistaen, ett\u00e4 varusteet pysyv\u00e4t turvassa ja helposti saatavilla.<\/p>\n<p>Magneettisella etukannella varustettu Recon-et\u00e4isyysmittarin laukku pit\u00e4\u00e4 p\u00f6lyn ja lian poissa, s\u00e4ilytt\u00e4en et\u00e4isyysmittarin linssin hyv\u00e4ss\u00e4 kunnossa. Jousikiinnitys mahdollistaa laitteen helppon kiinnitt\u00e4misen, ilman huolta rikkoutumisesta tai katoamisesta, pit\u00e4en k\u00e4tesi vapaina t\u00e4rke\u00e4mpiin teht\u00e4viin.<\/p>\n<p>Kompakteilla mitoilla 1,75&#8243; syvyys x 3,25&#8243; leveys x 5&#8243; korkeus, Recon-et\u00e4isyysmittarin laukku yhdistyy saumattomasti ulkoiluvarusteisiisi, tarjoten diskretin ja virtaviivaisen s\u00e4ilytysratkaisun. Oletpa intohimoinen mets\u00e4st\u00e4j\u00e4, omistautunut retkeilij\u00e4 tai intohimoinen ampuja, t\u00e4m\u00e4 monipuolinen laukku on t\u00e4ydellinen kumppani suojaamaan arvokasta et\u00e4isyysmittauslaitteeasi.<\/p>\n<p>Kohota ulkoiluel\u00e4myst\u00e4si Recon-et\u00e4isyysmittarin laukulla, parhaalla lis\u00e4varusteella vaativalle seikkailijalle, joka haluaa parhaan mahdollisen suojan ja k\u00e4yt\u00e4nn\u00f6llisyyden varusteilleen.<\/p>\n","protected":false},"excerpt":{"rendered":"<p>Recon-et\u00e4isyydenmittauskotelo suojaa laitettasi magneettisella kannella ja jousiliinan avulla turvallista ja k\u00e4tev\u00e4\u00e4 kuljettamista varten.<\/p>\n","protected":false},"featured_media":700846,"template":"","meta":{"_acf_changed":false},"product_brand":[15142],"product_cat":[13223],"product_tag":[],"class_list":{"0":"post-700829","1":"product","2":"type-product","3":"status-publish","4":"has-post-thumbnail","6":"product_brand-eberlestock","7":"product_cat-pussit","9":"first","10":"instock","11":"taxable","12":"shipping-taxable","13":"purchasable","14":"product-type-variable","15":"wvs-archive-product-wrapper"},"acf":[],"_links":{"self":[{"href":"https:\/\/nbg.eu\/fi\/wp-json\/wp\/v2\/product\/700829","targetHints":{"allow":["GET"]}}],"collection":[{"href":"https:\/\/nbg.eu\/fi\/wp-json\/wp\/v2\/product"}],"about":[{"href":"https:\/\/nbg.eu\/fi\/wp-json\/wp\/v2\/types\/product"}],"wp:featuredmedia":[{"embeddable":true,"href":"https:\/\/nbg.eu\/fi\/wp-json\/wp\/v2\/media\/700846"}],"wp:attachment":[{"href":"https:\/\/nbg.eu\/fi\/wp-json\/wp\/v2\/media?parent=700829"}],"wp:term":[{"taxonomy":"product_brand","embeddable":true,"href":"https:\/\/nbg.eu\/fi\/wp-json\/wp\/v2\/product_brand?post=700829"},{"taxonomy":"product_cat","embeddable":true,"href":"https:\/\/nbg.eu\/fi\/wp-json\/wp\/v2\/product_cat?post=700829"},{"taxonomy":"product_tag","embeddable":true,"href":"https:\/\/nbg.eu\/fi\/wp-json\/wp\/v2\/product_tag?post=700829"}],"curies":[{"name":"wp","href":"https:\/\/api.w.org\/{rel}","templated":true}]}}