{"id":701127,"date":"2025-12-22T18:40:25","date_gmt":"2025-12-22T15:40:25","guid":{"rendered":"https:\/\/nbg.eu\/product\/pikaratkaisu\/"},"modified":"2026-04-15T14:18:00","modified_gmt":"2026-04-15T11:18:00","slug":"pikaratkaisu","status":"publish","type":"product","link":"https:\/\/nbg.eu\/fi\/tuote\/pikaratkaisu\/","title":{"rendered":"Eberlestock Kotelo Recon Quickcase"},"content":{"rendered":"<h2>Quickcase: Tiivis selviytymisen kumppani<\/h2>\n<p>Quickcase on monipuolinen vetoketjullinen pussi, joka on suunniteltu kiinnittym\u00e4\u00e4n saumattomasti Recon Modular Bino -valjaaseen. T\u00e4m\u00e4 kompakti lis\u00e4varuste tarjoaa t\u00e4ydellisen ratkaisun elint\u00e4rkeiden selviytymisv\u00e4lineiden s\u00e4ilytykseen ja varmistamiseen, jotta olet aina valmis odottamattomiin tilanteisiin.<\/p>\n<p>Oikeaan kokoon mitoitettuna Quickcase tarjoaa runsaasti tilaa pienelle selviytymispakkaukselle, tehden siit\u00e4 korvaamattoman kumppanin, jos joudut erkanemaan p\u00e4\u00e4repustasi. Sen kest\u00e4v\u00e4 rakenne ja turvallinen vetoketjukiinnitys pit\u00e4v\u00e4t kriittiset tuotteesi turvassa ja helposti saatavilla silloin, kun niit\u00e4 tarvitset eniten.<\/p>\n<p>Mutta Quickcasen hy\u00f6ty ei rajoitu vain selviytymisvalmiuteen. K\u00e4yt\u00e4 sit\u00e4 k\u00e4tev\u00e4n\u00e4 s\u00e4ilytyspussina pienille esineille, pit\u00e4en ne j\u00e4rjestyksess\u00e4 ja helposti ulottuvilla liikkuessasi. Olipa kyse vaelluksesta, leirint\u00e4retkest\u00e4 tai mist\u00e4 tahansa ulkona tapahtuvasta toiminnasta, t\u00e4st\u00e4 monipuolisesta lis\u00e4varusteesta tulee korvaamaton osa varustustasi.<\/p>\n<p>Quickcase on suunniteltu liittym\u00e4\u00e4n saumattomasti Recon Modular Bino -valjaisiin, ja se kiinnittyy turvallisesti valjaan selk\u00e4puolen tarrakiinnitysl\u00e4pp\u00e4\u00e4n. T\u00e4m\u00e4 yhdist\u00e4minen mahdollistaa elint\u00e4rkeiden tarvikkeiden pit\u00e4misen k\u00e4den ulottuvilla, vapauttaen tilaa p\u00e4\u00e4repussissa ja varmistaen, ett\u00e4 sinulla on kaikki tarvittava helposti saatavilla.<\/p>\n","protected":false},"excerpt":{"rendered":"<p>Pieni vetoketjullinen pussi, joka kiinnittyy Recon Modulaarieen Kiikarikuulaharnessiin selviytymissarjaa tai pienen esineen s\u00e4ilytyst\u00e4 varten.<\/p>\n","protected":false},"featured_media":701207,"template":"","meta":{"_acf_changed":false},"product_brand":[15142],"product_cat":[13223],"product_tag":[],"class_list":{"0":"post-701127","1":"product","2":"type-product","3":"status-publish","4":"has-post-thumbnail","6":"product_brand-eberlestock","7":"product_cat-pussit","9":"first","10":"instock","11":"taxable","12":"shipping-taxable","13":"purchasable","14":"product-type-variable","15":"wvs-archive-product-wrapper"},"acf":[],"_links":{"self":[{"href":"https:\/\/nbg.eu\/fi\/wp-json\/wp\/v2\/product\/701127","targetHints":{"allow":["GET"]}}],"collection":[{"href":"https:\/\/nbg.eu\/fi\/wp-json\/wp\/v2\/product"}],"about":[{"href":"https:\/\/nbg.eu\/fi\/wp-json\/wp\/v2\/types\/product"}],"wp:featuredmedia":[{"embeddable":true,"href":"https:\/\/nbg.eu\/fi\/wp-json\/wp\/v2\/media\/701207"}],"wp:attachment":[{"href":"https:\/\/nbg.eu\/fi\/wp-json\/wp\/v2\/media?parent=701127"}],"wp:term":[{"taxonomy":"product_brand","embeddable":true,"href":"https:\/\/nbg.eu\/fi\/wp-json\/wp\/v2\/product_brand?post=701127"},{"taxonomy":"product_cat","embeddable":true,"href":"https:\/\/nbg.eu\/fi\/wp-json\/wp\/v2\/product_cat?post=701127"},{"taxonomy":"product_tag","embeddable":true,"href":"https:\/\/nbg.eu\/fi\/wp-json\/wp\/v2\/product_tag?post=701127"}],"curies":[{"name":"wp","href":"https:\/\/api.w.org\/{rel}","templated":true}]}}