{"id":701824,"date":"2025-12-23T11:39:12","date_gmt":"2025-12-23T08:39:12","guid":{"rendered":"https:\/\/nbg.eu\/product\/kasienlammittimet\/"},"modified":"2026-04-15T14:17:56","modified_gmt":"2026-04-15T11:17:56","slug":"kasienlammittimet","status":"publish","type":"product","link":"https:\/\/nbg.eu\/fi\/tuote\/kasienlammittimet\/","title":{"rendered":"Eberlestock K\u00e4sienl\u00e4mmitin Recon"},"content":{"rendered":"<h2>Recon-k\u00e4sinl\u00e4mmitin: Vaivaton l\u00e4mp\u00f6 ulkoiluretkille<\/h2>\n<p>K\u00e4sien l\u00e4mpim\u00e4n\u00e4 pit\u00e4minen ilman sormin\u00e4pp\u00e4ryytt\u00e4 haittaavia hanskoja on nyt helpompaa kuin koskaan Recon-k\u00e4sinl\u00e4mmittimen avulla. T\u00e4m\u00e4 innovatiivinen lis\u00e4varuste kiinnittyy saumattomasti Recon-moduuliseen kiikaripantaan, jolloin voit pit\u00e4\u00e4 k\u00e4det mukavasti paikallaan sek\u00e4 istuessa ett\u00e4 seisoessa. Recon-k\u00e4sinl\u00e4mmitin poistaa tarpeen k\u00e4ytt\u00e4\u00e4 pulleita k\u00e4sineit\u00e4 ja mahdollistaa hienomotoristen teht\u00e4vien helpon suorittamisen.<\/p>\n<p>Lis\u00e4ksi Recon-k\u00e4sinl\u00e4mmittimess\u00e4 on edess\u00e4 vetoketjullinen tasku, johon voit laittaa lis\u00e4\u00e4 kemiallisia k\u00e4sienl\u00e4mmittimi\u00e4. T\u00e4m\u00e4 mahdollistaa k\u00e4sinl\u00e4mmittimen k\u00e4yt\u00f6n erillisen\u00e4 Recon-moduulisesta kiikaripannasta, tarjoten luotettavan l\u00e4mm\u00f6nl\u00e4hteen aktiviteetista tai ymp\u00e4rist\u00f6st\u00e4 riippumatta. Mukana tuleva vy\u00f6 takaa turvallisen ja mukavan istuvuuden sek\u00e4 k\u00e4sien optimaalisen asennon maksimaaliselle tehokkuudelle ja mukavuudelle.<\/p>\n<p>Linnunhavainnoinnin, mets\u00e4styksen tai vain luonnossa liikkumisen yhteydess\u00e4 Recon-k\u00e4sinl\u00e4mmitin on t\u00e4ydellinen kumppani pit\u00e4m\u00e4\u00e4n k\u00e4tesi l\u00e4mpimin\u00e4 ja sormesi vikkelin\u00e4. Koe ulkona liikkumisen mukavuus ja k\u00e4yt\u00e4nn\u00f6llisyys t\u00e4m\u00e4n monipuolisen ja innovatiivisen lis\u00e4varusteen avulla.<\/p>\n","protected":false},"excerpt":{"rendered":"<p>Recon-k\u00e4sinl\u00e4mmitin pit\u00e4\u00e4 k\u00e4det l\u00e4mpimin\u00e4 ilman k\u00e4sineit\u00e4, ja se kiinnittyy Recon-valjaisiin.<\/p>\n","protected":false},"featured_media":701887,"template":"","meta":{"_acf_changed":false},"product_brand":[15142],"product_cat":[13233],"product_tag":[],"class_list":{"0":"post-701824","1":"product","2":"type-product","3":"status-publish","4":"has-post-thumbnail","6":"product_brand-eberlestock","7":"product_cat-varusteet","9":"first","10":"instock","11":"taxable","12":"shipping-taxable","13":"purchasable","14":"product-type-variable","15":"wvs-archive-product-wrapper"},"acf":[],"_links":{"self":[{"href":"https:\/\/nbg.eu\/fi\/wp-json\/wp\/v2\/product\/701824","targetHints":{"allow":["GET"]}}],"collection":[{"href":"https:\/\/nbg.eu\/fi\/wp-json\/wp\/v2\/product"}],"about":[{"href":"https:\/\/nbg.eu\/fi\/wp-json\/wp\/v2\/types\/product"}],"wp:featuredmedia":[{"embeddable":true,"href":"https:\/\/nbg.eu\/fi\/wp-json\/wp\/v2\/media\/701887"}],"wp:attachment":[{"href":"https:\/\/nbg.eu\/fi\/wp-json\/wp\/v2\/media?parent=701824"}],"wp:term":[{"taxonomy":"product_brand","embeddable":true,"href":"https:\/\/nbg.eu\/fi\/wp-json\/wp\/v2\/product_brand?post=701824"},{"taxonomy":"product_cat","embeddable":true,"href":"https:\/\/nbg.eu\/fi\/wp-json\/wp\/v2\/product_cat?post=701824"},{"taxonomy":"product_tag","embeddable":true,"href":"https:\/\/nbg.eu\/fi\/wp-json\/wp\/v2\/product_tag?post=701824"}],"curies":[{"name":"wp","href":"https:\/\/api.w.org\/{rel}","templated":true}]}}