{"id":702130,"date":"2025-12-23T11:44:19","date_gmt":"2025-12-23T08:44:19","guid":{"rendered":"https:\/\/nbg.eu\/product\/bravo-modulaarinen-kiikaripaketti-suuri\/"},"modified":"2026-04-15T14:17:53","modified_gmt":"2026-04-15T11:17:53","slug":"bravo-modulaarinen-kiikaripaketti-suuri","status":"publish","type":"product","link":"https:\/\/nbg.eu\/fi\/tuote\/bravo-modulaarinen-kiikaripaketti-suuri\/","title":{"rendered":"Eberlestock Kiikari Reppu Bravo Modular, Large"},"content":{"rendered":"<h2>Bravo Modulaarinen Bino Pack-Large: Mukautuva optiikan kuljetus ulkoiluretkillesi<\/h2>\n<p>Modulaarisuus etusijalla suunniteltu BRAVO MODULAARINEN BINO PACK rakentuu rintarihmapohjalle, joka mukautuu tarpeisiisi lis\u00e4varusteilla. Siin\u00e4 on magneettinen vapaa eteenp\u00e4in-vedett\u00e4v\u00e4 p\u00e4\u00e4sy kiikaritaskuun, tilava edess\u00e4 oleva vetoketjutasku ja joustava sivutaskut. Sis\u00e4iset kiikarien kiinnittimet pit\u00e4v\u00e4t kiikarit turvallisesti paikallaan, kun taas matalat MOLLE-yhteensopivat siivekkeet ja takapaneeli mahdollistavat saumattoman kiinnitt\u00e4misen taskuihin ja lis\u00e4varusteisiin.<\/p>\n<p>Kest\u00e4v\u00e4st\u00e4 500D Ripstop Nylonista ja N140D-materiaaleista valmistettu Bravo Modulaarinen Bino Pack-Large tarjoaa luotettavan suorituskyvyn luonnossa. Painaen vain 14oz, t\u00e4m\u00e4 monipuolinen pakki tarjoaa mukavan ja muokattavan kantoratkaisun optiikoillesi ja v\u00e4ltt\u00e4m\u00e4tt\u00f6mille tarvikkeillesi.<\/p>\n<p>Sis\u00e4mittojen ollessa 9&#8243;K x 5,5&#8243;L x 2,5&#8243;S ja ulkomittojen ollessa 9,5&#8243;K x 6,25&#8243;L x 3,5&#8243;S, Bravo Modulaarinen Bino Pack-Large tarjoaa runsaasti tilaa kiikareilleen ja muille v\u00e4ltt\u00e4m\u00e4tt\u00f6mille kohteille. S\u00e4\u00e4dett\u00e4v\u00e4 eteenp\u00e4in vedett\u00e4v\u00e4 harnessi ja matalat MOLLE-yhteensopivat siivekkeet takaavat turvallisen ja mukautetun istuvuuden, mik\u00e4 mahdollistaa pakkauksen sopeuttamisen tarpeisiisi.<\/p>\n<p>Kohota ulkoiluel\u00e4myst\u00e4si Bravo Modulaarisella Bino Pack-Largella, monipuolisella ja mukautuvalla ratkaisulla kiikareidesi ja v\u00e4ltt\u00e4m\u00e4tt\u00f6mien tarvikkeidesi kuljettamiseen. Tutustu saatavilla oleviin lis\u00e4varusteisiin muokataksesi pakkaasi ja maksimoidaksesi sen toiminnallisuuden, tehden siit\u00e4 t\u00e4ydellisen kumppanin seuraavalle seikkailulle.<\/p>\n","protected":false},"excerpt":{"rendered":"<p>Modulaarinen rintareppu, jossa on magneettivapaa kiikaripussi, etutasku ja venytt\u00e4v\u00e4t sivut.<\/p>\n","protected":false},"featured_media":702213,"template":"","meta":{"_acf_changed":false},"product_brand":[15142],"product_cat":[15207],"product_tag":[],"class_list":{"0":"post-702130","1":"product","2":"type-product","3":"status-publish","4":"has-post-thumbnail","6":"product_brand-eberlestock","7":"product_cat-binocular-harnesses-fi","9":"first","10":"instock","11":"taxable","12":"shipping-taxable","13":"purchasable","14":"product-type-variable","15":"wvs-archive-product-wrapper"},"acf":[],"_links":{"self":[{"href":"https:\/\/nbg.eu\/fi\/wp-json\/wp\/v2\/product\/702130","targetHints":{"allow":["GET"]}}],"collection":[{"href":"https:\/\/nbg.eu\/fi\/wp-json\/wp\/v2\/product"}],"about":[{"href":"https:\/\/nbg.eu\/fi\/wp-json\/wp\/v2\/types\/product"}],"wp:featuredmedia":[{"embeddable":true,"href":"https:\/\/nbg.eu\/fi\/wp-json\/wp\/v2\/media\/702213"}],"wp:attachment":[{"href":"https:\/\/nbg.eu\/fi\/wp-json\/wp\/v2\/media?parent=702130"}],"wp:term":[{"taxonomy":"product_brand","embeddable":true,"href":"https:\/\/nbg.eu\/fi\/wp-json\/wp\/v2\/product_brand?post=702130"},{"taxonomy":"product_cat","embeddable":true,"href":"https:\/\/nbg.eu\/fi\/wp-json\/wp\/v2\/product_cat?post=702130"},{"taxonomy":"product_tag","embeddable":true,"href":"https:\/\/nbg.eu\/fi\/wp-json\/wp\/v2\/product_tag?post=702130"}],"curies":[{"name":"wp","href":"https:\/\/api.w.org\/{rel}","templated":true}]}}