{"id":702953,"date":"2025-12-23T11:50:14","date_gmt":"2025-12-23T08:50:14","guid":{"rendered":"https:\/\/nbg.eu\/product\/bravo-modulaarinen-kiikarilaukku-pieni\/"},"modified":"2026-04-15T14:17:49","modified_gmt":"2026-04-15T11:17:49","slug":"bravo-modulaarinen-kiikarilaukku-pieni","status":"publish","type":"product","link":"https:\/\/nbg.eu\/fi\/tuote\/bravo-modulaarinen-kiikarilaukku-pieni\/","title":{"rendered":"Eberlestock Kiikari Reppu Bravo Modular, Small"},"content":{"rendered":"<h2>Bravo Modular Bino Pack-Small: Monipuolinen ja turvallinen kiikareiden s\u00e4ilytys<\/h2>\n<p>Suunniteltu modulaarisuus etusijalla, BRAVO MODULAR BINO PACK on rakennettu rinnaliivi-alustalle, joka mukautuu tarpeisiisi lis\u00e4varustesarjalla. Siin\u00e4 on magneettinen vapaa eteenp\u00e4in-vetop\u00e4\u00e4sy kiikaritaskuun, tilava etutaskutasku ja joustavat sivutaskut. Sis\u00e4iset kiinnittimet pit\u00e4v\u00e4t kiikarisi turvassa, kun taas matalaprofiiliset MOLLE-yhteensopivat siivet ja takapaneeli mahdollistavat tyytyv\u00e4isen lis\u00e4taskujen ja lis\u00e4varusteiden kiinnitt\u00e4misen.<\/p>\n<p>Kest\u00e4v\u00e4ll\u00e4 500D Ripstop Nylon ja N140D-kankailla valmistettuna Bravo Modular Bino Pack-Small tarjoaa kevyen ja kest\u00e4v\u00e4n ratkaisun ulkoilmaharrastajille, mets\u00e4st\u00e4jille ja taktiisille toimijoille.<\/p>\n<p>Keskeiset ominaisuudet sis\u00e4lt\u00e4v\u00e4t magneettivapaan sulkeutuvan, nopean p\u00e4\u00e4syn, yhteensopivuuden kahdeksan saatavilla olevan lis\u00e4varusteen kanssa, ison etutaskun vetoketjun, kaksi joustavaa sivutaskua, s\u00e4\u00e4dett\u00e4v\u00e4n eteen-vetohihnaston ja matalaprofiiliset MOLLE-yhteensopivat siivet laitteiston mukauttamiseen. Oletpa lintujen tarkkailija, vaeltaja tai taktiset toimet, Bravo Modular Bino Pack-Small tarjoaa monipuolisen ja turvallisen ratkaisun kiikareiden s\u00e4ilytykseen.<\/p>\n","protected":false},"excerpt":{"rendered":"<p>Modulaarinen kiikarin reppu, jossa on magneettivapaa sulkija, MOLLE-yhteensopivat siivekkeet ja s\u00e4\u00e4dett\u00e4v\u00e4 valjassysteemi.<\/p>\n","protected":false},"featured_media":703018,"template":"","meta":{"_acf_changed":false},"product_brand":[15142],"product_cat":[15207],"product_tag":[],"class_list":{"0":"post-702953","1":"product","2":"type-product","3":"status-publish","4":"has-post-thumbnail","6":"product_brand-eberlestock","7":"product_cat-binocular-harnesses-fi","9":"first","10":"instock","11":"taxable","12":"shipping-taxable","13":"purchasable","14":"product-type-variable","15":"wvs-archive-product-wrapper"},"acf":[],"_links":{"self":[{"href":"https:\/\/nbg.eu\/fi\/wp-json\/wp\/v2\/product\/702953","targetHints":{"allow":["GET"]}}],"collection":[{"href":"https:\/\/nbg.eu\/fi\/wp-json\/wp\/v2\/product"}],"about":[{"href":"https:\/\/nbg.eu\/fi\/wp-json\/wp\/v2\/types\/product"}],"wp:featuredmedia":[{"embeddable":true,"href":"https:\/\/nbg.eu\/fi\/wp-json\/wp\/v2\/media\/703018"}],"wp:attachment":[{"href":"https:\/\/nbg.eu\/fi\/wp-json\/wp\/v2\/media?parent=702953"}],"wp:term":[{"taxonomy":"product_brand","embeddable":true,"href":"https:\/\/nbg.eu\/fi\/wp-json\/wp\/v2\/product_brand?post=702953"},{"taxonomy":"product_cat","embeddable":true,"href":"https:\/\/nbg.eu\/fi\/wp-json\/wp\/v2\/product_cat?post=702953"},{"taxonomy":"product_tag","embeddable":true,"href":"https:\/\/nbg.eu\/fi\/wp-json\/wp\/v2\/product_tag?post=702953"}],"curies":[{"name":"wp","href":"https:\/\/api.w.org\/{rel}","templated":true}]}}