{"id":703293,"date":"2025-12-23T12:02:01","date_gmt":"2025-12-23T09:02:01","guid":{"rendered":"https:\/\/nbg.eu\/product\/bando-bag-xl\/"},"modified":"2026-04-15T14:17:46","modified_gmt":"2026-04-15T11:17:46","slug":"bando-bag-xl","status":"publish","type":"product","link":"https:\/\/nbg.eu\/fi\/tuote\/bando-bag-xl\/","title":{"rendered":"Eberlestock Laukku Bando XL"},"content":{"rendered":"<h2>Bando-laukku-XL: Monipuolinen ja k\u00e4tev\u00e4 EDC-kantolaukku<\/h2>\n<p>Bando-laukku-XL on kevyt ja k\u00e4tev\u00e4 tapa kuljettaa p\u00e4ivitt\u00e4isi\u00e4 k\u00e4ytt\u00f6tarvikkeita (EDC). Bando-laukku-XL:n t\u00e4ysvetoinen takatasku on kooltaan 6&#8243;k x 11&#8243;l x 3&#8243;s, mik\u00e4 on riitt\u00e4v\u00e4n suuri useimpien t\u00e4yskehyksisten k\u00e4siaseiden ja pienempien ampuma-aseiden s\u00e4ilytt\u00e4miseen. P\u00e4\u00e4lokerossa on sis\u00e4inen verkkomallinen vetoketjullinen tasku ja kaksi avonaista taskua lis\u00e4j\u00e4rjest\u00e4mist\u00e4 varten, ja pieni vetoketjullinen etutasku on t\u00e4ydellinen avaimille, johdoille tai muille pienille esineille.<\/p>\n<p>Bando-laukku-XL:n s\u00e4\u00e4dett\u00e4v\u00e4 vy\u00f6hihna mahdollistaa muokattavan istuvuuden 31,5 tuumasta 44 tuumaan. Bando-laukku-XL sis\u00e4lt\u00e4\u00e4 my\u00f6s integroidun hihnan, joka mahdollistaa kiristyssidoksen kuljettamisen p\u00e4\u00e4taskun l\u00e4p\u00e4n alapuolella, mik\u00e4 tarjoaa helpon p\u00e4\u00e4syn t\u00e4h\u00e4n t\u00e4rke\u00e4\u00e4n ensiapuv\u00e4lineeseen.<\/p>\n<h2>T\u00e4rkeimm\u00e4t ominaisuudet:<\/h2>\n<ul>\n<li>-T\u00e4ysvetoinen takatasku (6&#8243;k x 11&#8243;l x 3&#8243;s) k\u00e4siaseen s\u00e4ilytt\u00e4miseen<\/li>\n<li>-Sis\u00e4inen verkkomallinen vetoketjullinen tasku ja kaksi avonaista taskua j\u00e4rjest\u00e4mist\u00e4 varten<\/li>\n<li>-Pieni vetoketjullinen etutasku avaimille, johdoille ja muille pienille esineille<\/li>\n<li>-S\u00e4\u00e4dett\u00e4v\u00e4 vy\u00f6hihna (31,5&#8243;-44&#8243;)<\/li>\n<li>-Integroitu hihna kiristyssidoksen kuljettamiseen<\/li>\n<\/ul>\n","protected":false},"excerpt":{"rendered":"<p>Kevyt, vetoketjullinen EDC-laukku, jossa on 6&#8243;korkea x 11&#8243;leve\u00e4 x 3&#8243;syv\u00e4 tasku t\u00e4ysikokoisia sivuasek\u00e4siaseita varten.<\/p>\n","protected":false},"featured_media":703413,"template":"","meta":{"_acf_changed":false},"product_brand":[15142],"product_cat":[13165],"product_tag":[],"class_list":{"0":"post-703293","1":"product","2":"type-product","3":"status-publish","4":"has-post-thumbnail","6":"product_brand-eberlestock","7":"product_cat-ampumalaukut","9":"first","10":"instock","11":"taxable","12":"shipping-taxable","13":"purchasable","14":"product-type-variable","15":"wvs-archive-product-wrapper"},"acf":[],"_links":{"self":[{"href":"https:\/\/nbg.eu\/fi\/wp-json\/wp\/v2\/product\/703293","targetHints":{"allow":["GET"]}}],"collection":[{"href":"https:\/\/nbg.eu\/fi\/wp-json\/wp\/v2\/product"}],"about":[{"href":"https:\/\/nbg.eu\/fi\/wp-json\/wp\/v2\/types\/product"}],"wp:featuredmedia":[{"embeddable":true,"href":"https:\/\/nbg.eu\/fi\/wp-json\/wp\/v2\/media\/703413"}],"wp:attachment":[{"href":"https:\/\/nbg.eu\/fi\/wp-json\/wp\/v2\/media?parent=703293"}],"wp:term":[{"taxonomy":"product_brand","embeddable":true,"href":"https:\/\/nbg.eu\/fi\/wp-json\/wp\/v2\/product_brand?post=703293"},{"taxonomy":"product_cat","embeddable":true,"href":"https:\/\/nbg.eu\/fi\/wp-json\/wp\/v2\/product_cat?post=703293"},{"taxonomy":"product_tag","embeddable":true,"href":"https:\/\/nbg.eu\/fi\/wp-json\/wp\/v2\/product_tag?post=703293"}],"curies":[{"name":"wp","href":"https:\/\/api.w.org\/{rel}","templated":true}]}}