{"id":704055,"date":"2025-12-23T12:03:47","date_gmt":"2025-12-23T09:03:47","guid":{"rendered":"https:\/\/nbg.eu\/product\/bando-laukku\/"},"modified":"2026-04-15T14:17:42","modified_gmt":"2026-04-15T11:17:42","slug":"bando-laukku","status":"publish","type":"product","link":"https:\/\/nbg.eu\/fi\/tuote\/bando-laukku\/","title":{"rendered":"Eberlestock Laukku Bando"},"content":{"rendered":"<h2>Bando-laukku: K\u00e4tev\u00e4 ja kevyt EDC-kantamus<\/h2>\n<p>Bando-laukku on kevyt ja k\u00e4tev\u00e4 tapa kuljettaa EDC-tavaroitasi. Bando-laukun t\u00e4ysvetoketjullinen takatasku on kooltaan 5.5&#8243;h x 9.5&#8243;w x 1&#8243;d, mik\u00e4 on riitt\u00e4v\u00e4n iso suojakoteloille kuten Glock-19 ja vastaavan kokoisille. P\u00e4\u00e4osastossa on sis\u00e4inen verkkotasku vetoketjulla ja kaksi aukkotaskua lis\u00e4j\u00e4rjestelyyn. Pieni vetoketjullinen etutasku on t\u00e4ydellinen avaimille, johdoille tai muille pienille esineille. Vy\u00f6t\u00e4r\u00f6hihnan pituus on s\u00e4\u00e4dett\u00e4viss\u00e4 v\u00e4lill\u00e4 31.5&#8243; &#8211; 44&#8243;.<\/p>\n<h2>T\u00e4rkeimm\u00e4t ominaisuudet<\/h2>\n<ul>\n<li>T\u00e4ysvetoketjullinen takatasku<\/li>\n<li>Sis\u00e4inen verkkotasku vetoketjulla<\/li>\n<li>Kaksi sis\u00e4ist\u00e4 aukkotaskua<\/li>\n<li>Pieni vetoketjullinen etutasku<\/li>\n<li>S\u00e4\u00e4dett\u00e4v\u00e4 vy\u00f6t\u00e4r\u00f6hihna (31.5&#8243;-44&#8243;)<\/li>\n<li>Integroitu suojukka kiristyssiteelle<\/li>\n<\/ul>\n","protected":false},"excerpt":{"rendered":"<p>Bando-laukku on kevyt ja k\u00e4tev\u00e4 tapa kuljettaa EDC-tuotteita. Sopii useimpiin kompakteista t\u00e4ysikokoihin k\u00e4siaseisiin.<\/p>\n","protected":false},"featured_media":704101,"template":"","meta":{"_acf_changed":false},"product_brand":[15142],"product_cat":[13165],"product_tag":[],"class_list":{"0":"post-704055","1":"product","2":"type-product","3":"status-publish","4":"has-post-thumbnail","6":"product_brand-eberlestock","7":"product_cat-ampumalaukut","9":"first","10":"instock","11":"taxable","12":"shipping-taxable","13":"purchasable","14":"product-type-variable","15":"wvs-archive-product-wrapper"},"acf":[],"_links":{"self":[{"href":"https:\/\/nbg.eu\/fi\/wp-json\/wp\/v2\/product\/704055","targetHints":{"allow":["GET"]}}],"collection":[{"href":"https:\/\/nbg.eu\/fi\/wp-json\/wp\/v2\/product"}],"about":[{"href":"https:\/\/nbg.eu\/fi\/wp-json\/wp\/v2\/types\/product"}],"wp:featuredmedia":[{"embeddable":true,"href":"https:\/\/nbg.eu\/fi\/wp-json\/wp\/v2\/media\/704101"}],"wp:attachment":[{"href":"https:\/\/nbg.eu\/fi\/wp-json\/wp\/v2\/media?parent=704055"}],"wp:term":[{"taxonomy":"product_brand","embeddable":true,"href":"https:\/\/nbg.eu\/fi\/wp-json\/wp\/v2\/product_brand?post=704055"},{"taxonomy":"product_cat","embeddable":true,"href":"https:\/\/nbg.eu\/fi\/wp-json\/wp\/v2\/product_cat?post=704055"},{"taxonomy":"product_tag","embeddable":true,"href":"https:\/\/nbg.eu\/fi\/wp-json\/wp\/v2\/product_tag?post=704055"}],"curies":[{"name":"wp","href":"https:\/\/api.w.org\/{rel}","templated":true}]}}