{"id":704245,"date":"2025-12-23T12:08:03","date_gmt":"2025-12-23T09:08:03","guid":{"rendered":"https:\/\/nbg.eu\/product\/rosvojoukko\/"},"modified":"2026-04-24T15:09:48","modified_gmt":"2026-04-24T12:09:48","slug":"rosvojoukko","status":"publish","type":"product","link":"https:\/\/nbg.eu\/fi\/tuote\/rosvojoukko\/","title":{"rendered":"Eberlestock Bandit Reppu"},"content":{"rendered":"<h2>Bandit-reppu &#8211; Monipuolinen kumppani p\u00e4iv\u00e4n mittaisiin seikkailuihin<\/h2>\n<p>Bandit\u2122 on kaikkein monipuolisin pakkauksemme arkip\u00e4iv\u00e4isen k\u00e4yt\u00f6n valikoimassa ja se on suunniteltu p\u00e4iv\u00e4nmittaisille mets\u00e4stys- ja vaellusretkille. Ulkopinnan hy\u00f6tykentt\u00e4 on varustettu laser-leikatuilla MOLLE-hihnoilla, jotka mahdollistavat yhteensopivien lis\u00e4varusteiden ja taskujen kiinnitt\u00e4misen sek\u00e4 takin tai varusteen kuljettamisen helppoon k\u00e4ytt\u00f6\u00f6n. Sivupuristintaskot voivat pit\u00e4\u00e4 vesipulloja ja pidempi\u00e4 esineit\u00e4, kuten jalustaa, kiikaritukea tai vaellussauvoja.<\/p>\n<p>Hy\u00f6tykent\u00e4n hihnat kiinnitt\u00e4v\u00e4t varusteet tiukasti sivuille tai auttavat tiivist\u00e4m\u00e4\u00e4n osittain t\u00e4ytetty\u00e4 reppua. Yl\u00e4luukun sis\u00e4ll\u00e4 on pienten esineiden j\u00e4rjest\u00e4ji\u00e4, kuten vetoketjullinen verkkotelo ja lehti\u00f6ntasku.<\/p>\n<p>Yhteensopiva vakiohihnavy\u00f6n kanssa, mik\u00e4 auttaa painonjakautumisessa raskaimmille kuormille.<\/p>\n<h2>Mitat<\/h2>\n<p>Tilavuus: 835 c.i. \/ 13,68L<br \/>\nPaino: 2,50 lbs<br \/>\nMitat: 18,25K x 7L x 6,5S<\/p>\n<h2>Ominaisuudet<\/h2>\n<p>Laser-leikattu MOLLE-paneeli edess\u00e4 ulkovarusteiden kiinnitt\u00e4miseen<br \/>\nYl\u00e4osassa oleva j\u00e4rjestelytasku, jossa on verkkolieppu lis\u00e4varusteille<br \/>\nS\u00e4\u00e4dett\u00e4v\u00e4 hartiaremmi<br \/>\nPaikka s\u00e4\u00e4dett\u00e4v\u00e4lle lantiovy\u00f6lle painon kantamiseen<br \/>\nP\u00e4\u00e4osasto aukeaa p\u00e4\u00e4lt\u00e4 pohjaan asti t\u00e4yteen k\u00e4ytt\u00f6\u00f6n<br \/>\nSis\u00e4inen kiinnike 2L:n tai 3L:n Source\u00ae-juomapussin kiinnitt\u00e4miseen<\/p>\n","protected":false},"excerpt":{"rendered":"<p>Jokap\u00e4iv\u00e4isen k\u00e4ytt\u00f6si valikoiman monipuolisin paketti, Bandit\u2122 on tarkoituksenmukaisesti rakennettu p\u00e4iv\u00e4kestoisiin mets\u00e4stys- ja vaellusretkiin. Ulkopinta-alan hy\u00f6typaneelissa on laser-leikattu MOLLE-kudontaa, mik\u00e4 mahdollistaa yhteensopivien lis\u00e4varusteiden ja taskujen kiinnitt\u00e4misen sek\u00e4 takin tai varusteen nopean k\u00e4ytt\u00f6\u00f6noton. Sivun venyv\u00e4t taskut voivat pit\u00e4\u00e4 sis\u00e4ll\u00e4\u00e4n vesipulloja ja pidempi\u00e4 esineit\u00e4 kuten jalustaa, kaukoputkea tai trekki-sauvoja.<\/p>\n","protected":false},"featured_media":704270,"template":"","meta":{"_acf_changed":false},"product_brand":[15142],"product_cat":[13169],"product_tag":[],"class_list":{"0":"post-704245","1":"product","2":"type-product","3":"status-publish","4":"has-post-thumbnail","6":"product_brand-eberlestock","7":"product_cat-reput","9":"first","10":"instock","11":"taxable","12":"shipping-taxable","13":"purchasable","14":"product-type-variable","15":"wvs-archive-product-wrapper"},"acf":[],"_links":{"self":[{"href":"https:\/\/nbg.eu\/fi\/wp-json\/wp\/v2\/product\/704245","targetHints":{"allow":["GET"]}}],"collection":[{"href":"https:\/\/nbg.eu\/fi\/wp-json\/wp\/v2\/product"}],"about":[{"href":"https:\/\/nbg.eu\/fi\/wp-json\/wp\/v2\/types\/product"}],"wp:featuredmedia":[{"embeddable":true,"href":"https:\/\/nbg.eu\/fi\/wp-json\/wp\/v2\/media\/704270"}],"wp:attachment":[{"href":"https:\/\/nbg.eu\/fi\/wp-json\/wp\/v2\/media?parent=704245"}],"wp:term":[{"taxonomy":"product_brand","embeddable":true,"href":"https:\/\/nbg.eu\/fi\/wp-json\/wp\/v2\/product_brand?post=704245"},{"taxonomy":"product_cat","embeddable":true,"href":"https:\/\/nbg.eu\/fi\/wp-json\/wp\/v2\/product_cat?post=704245"},{"taxonomy":"product_tag","embeddable":true,"href":"https:\/\/nbg.eu\/fi\/wp-json\/wp\/v2\/product_tag?post=704245"}],"curies":[{"name":"wp","href":"https:\/\/api.w.org\/{rel}","templated":true}]}}