{"id":704623,"date":"2025-12-23T12:15:29","date_gmt":"2025-12-23T09:15:29","guid":{"rendered":"https:\/\/nbg.eu\/product\/puukon-paketti\/"},"modified":"2026-04-15T14:17:38","modified_gmt":"2026-04-15T11:17:38","slug":"puukon-paketti","status":"publish","type":"product","link":"https:\/\/nbg.eu\/fi\/tuote\/puukon-paketti\/","title":{"rendered":"Eberlestock Reppu Switchblade"},"content":{"rendered":"<h2>Switchblade-reppu: Maksimaalinen tila ja huomaamaton kuljetus<\/h2>\n<p>Switchblade\u2122-reppu on suunniteltu pit\u00e4m\u00e4\u00e4n matalan profiilin, samalla kun tarjoaa maksimaalisen tilan ja j\u00e4rjestelm\u00e4llisyyden. Avaa yl\u00e4kannen tasku p\u00e4\u00e4st\u00e4ksesi k\u00e4siksi kahteen lipastolaukkuun ja muihin pieniin j\u00e4rjestelyominaisuuksiin. Sis\u00e4ll\u00e4 l\u00f6yd\u00e4t asiakirjajakajan, joka sopii t\u00e4ydellisesti iPad:lle, kannettavalle tietokoneelle tai jopa lyhyt piipuiselle kiv\u00e4\u00e4rillle.<\/p>\n<p>Repun etupuolella on ylisuuri tasku, josta t\u00e4rke\u00e4t esineet ovat nopeasti saatavilla. Molemmilla sivuilla on kaksi narukiinnitteist\u00e4 kahvitustaskua sek\u00e4 litte\u00e4 sivuvetoketjullinen tasku. Repussa on my\u00f6s piilotettu, magneettisesti avautuva pikalukuinen CCW-tasku diskreetti\u00e4 piilossa kantamista varten.<\/p>\n<p>Kokonaistilavuudeltaan 1 785 kuutiotuumaa (29,3 litraa) ja painoltaan vain 3,60 paunaa, Switchblade\u2122 tarjoaa runsaasti tilaa ja kuljetettavuutta. P\u00e4\u00e4kassin mitat ovat 20,5 korkeus x 12 leveys x 8 syvyys tuumaa, tehden siit\u00e4 monipuolisen valinnan p\u00e4ivitt\u00e4iseen k\u00e4ytt\u00f6\u00f6n tai taktisiin operaatioihin.<\/p>\n<p>Ominaisuuksiin kuuluvat harvinaiset maanmagneettisesti avautuvat taskut nopeaan k\u00e4siksi p\u00e4\u00e4syyn k\u00e4siasek\u00e4tk\u00f6ihin, silmukka-tarrakankainen PALS-pohjainen kiinnitysverkko MOLLE- tai tarrapohjaisille lis\u00e4varusteille, sek\u00e4 sis\u00e4taskut juomapussille, lippasllle ja pienille j\u00e4rjest\u00e4j\u00e4kohteille. Irrotettava valjaat ja lantiovy\u00f6yhteensopivuus lis\u00e4\u00e4v\u00e4t repun muokattavuutta.<\/p>\n<p>Switchblade\u2122 esittelee my\u00f6s uuden MOLLE-10-verkon, joka tarjoaa 60% painons\u00e4\u00e4st\u00f6n verrattuna tavalliseen 25 mm MOLLE-matriisiin, sek\u00e4 kaksik\u00e4tisen piilotetun kotelointiratkaisun sopivaksi useimmille k\u00e4siaseille, mukaan lukien t\u00e4yskokoiset puoliautomaaatit. S\u00e4\u00e4lt\u00e4 suojautumiseen voit k\u00e4ytt\u00e4\u00e4 Pient\u00e4 K\u00e4\u00e4nnett\u00e4v\u00e4\u00e4 Sadesuojaa.<\/p>\n","protected":false},"excerpt":{"rendered":"<p>Switchblade\u2122 pit\u00e4\u00e4 matalan profiilin, maksimaalisella tilalla ja j\u00e4rjestyksell\u00e4. Avaa yl\u00e4nurkan tasku ja sielt\u00e4 l\u00f6yd\u00e4t kaksi patruunapussia ja muita pieni\u00e4 j\u00e4rjestelytoimintoja. Sis\u00e4lt\u00e4 l\u00f6yd\u00e4t asiakirjanjakajan iPadille, kannettavalle tai jopa lyhytt\u00f6iselle aseelle. Repun etupuolella on ylisuurippo tasku nopeaan p\u00e4\u00e4syyn t\u00e4rkeisiin esineisiin. Molemmilla sivuilla on kahvipidike-vetonarukset, sek\u00e4 tasainen sivuveto-tasku. Siin\u00e4 on my\u00f6s k\u00e4tketty, magneettinen avoin, nopea p\u00e4\u00e4sy CCW-tasku.<\/p>\n","protected":false},"featured_media":704696,"template":"","meta":{"_acf_changed":false},"product_brand":[15142],"product_cat":[13169],"product_tag":[],"class_list":{"0":"post-704623","1":"product","2":"type-product","3":"status-publish","4":"has-post-thumbnail","6":"product_brand-eberlestock","7":"product_cat-reput","9":"first","10":"instock","11":"taxable","12":"shipping-taxable","13":"purchasable","14":"product-type-variable","15":"wvs-archive-product-wrapper"},"acf":[],"_links":{"self":[{"href":"https:\/\/nbg.eu\/fi\/wp-json\/wp\/v2\/product\/704623","targetHints":{"allow":["GET"]}}],"collection":[{"href":"https:\/\/nbg.eu\/fi\/wp-json\/wp\/v2\/product"}],"about":[{"href":"https:\/\/nbg.eu\/fi\/wp-json\/wp\/v2\/types\/product"}],"wp:featuredmedia":[{"embeddable":true,"href":"https:\/\/nbg.eu\/fi\/wp-json\/wp\/v2\/media\/704696"}],"wp:attachment":[{"href":"https:\/\/nbg.eu\/fi\/wp-json\/wp\/v2\/media?parent=704623"}],"wp:term":[{"taxonomy":"product_brand","embeddable":true,"href":"https:\/\/nbg.eu\/fi\/wp-json\/wp\/v2\/product_brand?post=704623"},{"taxonomy":"product_cat","embeddable":true,"href":"https:\/\/nbg.eu\/fi\/wp-json\/wp\/v2\/product_cat?post=704623"},{"taxonomy":"product_tag","embeddable":true,"href":"https:\/\/nbg.eu\/fi\/wp-json\/wp\/v2\/product_tag?post=704623"}],"curies":[{"name":"wp","href":"https:\/\/api.w.org\/{rel}","templated":true}]}}