{"id":719768,"date":"2026-01-26T13:11:03","date_gmt":"2026-01-26T10:11:03","guid":{"rendered":"https:\/\/nbg.eu\/product\/miehekas-huippu-oranssi-14c28n\/"},"modified":"2026-05-13T16:41:37","modified_gmt":"2026-05-13T13:41:37","slug":"miehekas-huippu-oranssi-14c28n","status":"publish","type":"product","link":"https:\/\/nbg.eu\/fi\/tuote\/miehekas-huippu-oranssi-14c28n\/","title":{"rendered":"Manly HUIPPU ORANSSI 14C28N"},"content":{"rendered":"<h2>Manly PEAK ORANGE 14C28N -taittoviikka<\/h2>\n<p>Manly PEAK ORANGE 14C28N -taittoviikassa on k\u00e4\u00e4nnett\u00e4v\u00e4 klippi, joka soveltuu sek\u00e4 oikea- ett\u00e4 vasenk\u00e4tisille k\u00e4ytt\u00e4jille. Vahva lukitusj\u00e4rjestelm\u00e4 takaa turvallisen ja luotettavan suorituskyvyn.<\/p>\n<p>Tarkasti valmistettu PEAK ORANGE 14C28N -viikka sis\u00e4lt\u00e4\u00e4 9,4 cm:n 14C28N-ter\u00e4ksisen ter\u00e4n ja kest\u00e4v\u00e4n G10-kahvan, joka takaa mukavan ja luotettavan otteen. Kokonaispituus on 22 cm, joten se on monipuolinen valinta erilaisiin teht\u00e4viin. Painoltaan 115 g se on tasapainoinen ja helppok\u00e4ytt\u00f6inen.<\/p>\n<p>Yhdell\u00e4 k\u00e4dell\u00e4 toimiva Nail Nick -avaamismekanismi ja Backlock-lukitusj\u00e4rjestelm\u00e4 pit\u00e4v\u00e4t ter\u00e4n turvallisesti paikallaan k\u00e4yt\u00f6n aikana. Tyylikk\u00e4\u00e4n oranssi v\u00e4ri antaa PEAK ORANGE 14C28N -viikalle persoonallisen ilmeen.<\/p>\n","protected":false},"excerpt":{"rendered":"<p>Kaksipuoleinen klipsi, ambidektrinen. Takapuolinen lukitusmekanismi. PEAK ORANGE 14C28N.<\/p>\n","protected":false},"featured_media":719815,"template":"","meta":{"_acf_changed":false},"product_brand":[15081],"product_cat":[15378,15357],"product_tag":[],"class_list":{"0":"post-719768","1":"product","2":"type-product","3":"status-publish","4":"has-post-thumbnail","6":"product_brand-manly-knives","7":"product_cat-folding-knives-fi","8":"product_cat-knives-fi","10":"first","11":"outofstock","12":"taxable","13":"shipping-taxable","14":"purchasable","15":"product-type-simple"},"acf":[],"_links":{"self":[{"href":"https:\/\/nbg.eu\/fi\/wp-json\/wp\/v2\/product\/719768","targetHints":{"allow":["GET"]}}],"collection":[{"href":"https:\/\/nbg.eu\/fi\/wp-json\/wp\/v2\/product"}],"about":[{"href":"https:\/\/nbg.eu\/fi\/wp-json\/wp\/v2\/types\/product"}],"wp:featuredmedia":[{"embeddable":true,"href":"https:\/\/nbg.eu\/fi\/wp-json\/wp\/v2\/media\/719815"}],"wp:attachment":[{"href":"https:\/\/nbg.eu\/fi\/wp-json\/wp\/v2\/media?parent=719768"}],"wp:term":[{"taxonomy":"product_brand","embeddable":true,"href":"https:\/\/nbg.eu\/fi\/wp-json\/wp\/v2\/product_brand?post=719768"},{"taxonomy":"product_cat","embeddable":true,"href":"https:\/\/nbg.eu\/fi\/wp-json\/wp\/v2\/product_cat?post=719768"},{"taxonomy":"product_tag","embeddable":true,"href":"https:\/\/nbg.eu\/fi\/wp-json\/wp\/v2\/product_tag?post=719768"}],"curies":[{"name":"wp","href":"https:\/\/api.w.org\/{rel}","templated":true}]}}