{"id":720000,"date":"2024-08-17T16:59:32","date_gmt":"2024-08-17T13:59:32","guid":{"rendered":"https:\/\/nbg.eu\/product\/grips-kmr-l-modulaarinen-hiekkapaperi-lyhyt-orcalle-emiq-titanille\/"},"modified":"2026-04-16T16:54:47","modified_gmt":"2026-04-16T13:54:47","slug":"grips-kmr-l-modulaarinen-hiekkapaperi-lyhyt-orcalle-emiq-titanille","status":"publish","type":"product","link":"https:\/\/nbg.eu\/fi\/tuote\/grips-kmr-l-modulaarinen-hiekkapaperi-lyhyt-orcalle-emiq-titanille\/","title":{"rendered":"KMR Kahvat L Modular Sandpaper Lyhyet Orca, EMIQ Titaani"},"content":{"rendered":"<h2>Grips KMR L Modular Hiekkapaperi Lyhyt Orca, Emiq Titan<\/h2>\n<p>Paranna ampumakokemustasi Grips KMR L Modular Hiekkapaperi Lyhyt -kahvalla Orcaan ja Emiq Titaniin. T\u00e4m\u00e4 kahva on valmistettu laadukkaasta anodisoitusta duralumiinista ja tarjoaa vertaansa vailla olevan kest\u00e4vyyden ja tyylikk\u00e4\u00e4n, modernin ulkon\u00e4\u00f6n. Suunniteltu k\u00e4ytett\u00e4v\u00e4ksi lipasjohdattimen kanssa, lyhyt pituus tarjoaa parannetun hallinnan ja liikkuvuuden, tehden siit\u00e4 t\u00e4ydellisen valinnan monenlaisiin ampumak\u00e4ytt\u00f6tarkoituksiin.<\/p>\n<p>Modulaarinen suunnittelu mahdollistaa helpon muokattavuuden, jotta voit mukauttaa kahvaa omiin tarpeisiisi. Hiekkapaperin kaltaisella pinnalla varustettu kahva tarjoaa tukevan ja luottamusta her\u00e4tt\u00e4v\u00e4n otteen, varmistaen optimaalisen vakauden ja hallinnan ampumissessioissasi. Mukana tulevat Torx-ruuvit tekev\u00e4t asennuksesta vaivatonta, jolloin kahva integroituu helposti Orca- tai Emiq Titan -alustaan.<\/p>\n<p>Kohota ampumakokemustasi Grips KMR L Modular Hiekkapaperi Lyhyt -kahvalla. T\u00e4m\u00e4 kahva on valmistettu tarkkuudella ja huolella yksityiskohtiin, tehden siit\u00e4 v\u00e4ltt\u00e4m\u00e4tt\u00f6m\u00e4n lis\u00e4varusteen jokaiselle vakavalle ampujalle. P\u00e4ivit\u00e4 varustettasi t\u00e4n\u00e4\u00e4n ja koe, kuinka laatu ja suunnittelu voivat vaikuttaa.<\/p>\n","protected":false},"excerpt":{"rendered":"<p>Grips KMR L Modulaarinen Hiekkapaperi Lyhyt Orca:lle, Emiq Titan. Anodisoitu duralumiini, lipastuksen ohjaimella, Torx-ruuveilla, KMR-logolla.<\/p>\n","protected":false},"featured_media":720020,"template":"","meta":{"_acf_changed":false},"product_brand":[11494],"product_cat":[13175,14875],"product_tag":[],"class_list":{"0":"post-720000","1":"product","2":"type-product","3":"status-publish","4":"has-post-thumbnail","6":"product_brand-kmr-precision","7":"product_cat-kmr-osat","8":"product_cat-pistol-grips-fi","10":"first","11":"instock","12":"taxable","13":"shipping-taxable","14":"product-type-simple"},"acf":[],"_links":{"self":[{"href":"https:\/\/nbg.eu\/fi\/wp-json\/wp\/v2\/product\/720000","targetHints":{"allow":["GET"]}}],"collection":[{"href":"https:\/\/nbg.eu\/fi\/wp-json\/wp\/v2\/product"}],"about":[{"href":"https:\/\/nbg.eu\/fi\/wp-json\/wp\/v2\/types\/product"}],"wp:featuredmedia":[{"embeddable":true,"href":"https:\/\/nbg.eu\/fi\/wp-json\/wp\/v2\/media\/720020"}],"wp:attachment":[{"href":"https:\/\/nbg.eu\/fi\/wp-json\/wp\/v2\/media?parent=720000"}],"wp:term":[{"taxonomy":"product_brand","embeddable":true,"href":"https:\/\/nbg.eu\/fi\/wp-json\/wp\/v2\/product_brand?post=720000"},{"taxonomy":"product_cat","embeddable":true,"href":"https:\/\/nbg.eu\/fi\/wp-json\/wp\/v2\/product_cat?post=720000"},{"taxonomy":"product_tag","embeddable":true,"href":"https:\/\/nbg.eu\/fi\/wp-json\/wp\/v2\/product_tag?post=720000"}],"curies":[{"name":"wp","href":"https:\/\/api.w.org\/{rel}","templated":true}]}}