{"id":720217,"date":"2025-05-21T16:04:06","date_gmt":"2025-05-21T13:04:06","guid":{"rendered":"https:\/\/nbg.eu\/product\/magasiini-kmr-l-02-orca-40-sw-18-patruunaa\/"},"modified":"2026-04-16T16:49:33","modified_gmt":"2026-04-16T13:49:33","slug":"magasiini-kmr-l-02-orca-40-sw-18-patruunaa","status":"publish","type":"product","link":"https:\/\/nbg.eu\/fi\/tuote\/magasiini-kmr-l-02-orca-40-sw-18-patruunaa\/","title":{"rendered":"KMR Lipas L-02 ORCA .40 S&amp;W 18 Ptr."},"content":{"rendered":"<h2>LEHTI KMR L-02 ORCA &#8211; Paranna ampumatehoa<\/h2>\n<p>Esittelemme LEHTI KMR L-02 ORCA:n, suuren kapasiteetin lehden, joka on suunniteltu parantamaan ampumakokemustasi. Kaliiberi on tehokas .40 S&amp;W, ja t\u00e4ss\u00e4 lehdess\u00e4 on huomattava 18 patruunan kapasiteetti, joka tarjoaa sinulle lis\u00e4\u00e4 ampumatehoa ja v\u00e4hent\u00e4\u00e4 latauksen tarvetta.<\/p>\n<p>T\u00e4m\u00e4 lehti on valmistettu tarkkuudella ja huolellisuudella, ja se on olennainen lis\u00e4varuste ampujille, jotka vaativat parasta. Sen kest\u00e4v\u00e4 rakenne takaa luotettavan suorituskyvyn, jopa vaativimmissa oloissa.<\/p>\n<p>Muotoilultaan tyylik\u00e4s ja ergonominen LEHTI KMR L-02 ORCA sopii t\u00e4ydellisesti aseesi, tarjoten mukavan ja tukevan otteen. Sen suuri kapasiteetti mahdollistaa pidemm\u00e4n toiminta-ajan ennen uudelleenlatausta, parantaen taktista etuasi.<\/p>\n<p>Koe LEHTI KMR L-02 ORCA:n voima ja monipuolisuus, suuri kapasiteetti .40 S&amp;W-aseen lehti.<\/p>\n<p>Viitenumero: 1152-02403-0001.<\/p>\n","protected":false},"excerpt":{"rendered":"<p>LEHTI KMR L-02 ORCA, cal. 40 S&amp;W, 18 patruunaa, suuren kapasiteetin lipas tehokkaampaan tulivoimaan.<\/p>\n","protected":false},"featured_media":365267,"template":"","meta":{"_acf_changed":false},"product_brand":[11494],"product_cat":[13175,13171],"product_tag":[],"class_list":{"0":"post-720217","1":"product","2":"type-product","3":"status-publish","4":"has-post-thumbnail","6":"product_brand-kmr-precision","7":"product_cat-kmr-osat","8":"product_cat-pistoolin-osat","10":"first","11":"instock","12":"taxable","13":"shipping-taxable","14":"product-type-simple"},"acf":[],"_links":{"self":[{"href":"https:\/\/nbg.eu\/fi\/wp-json\/wp\/v2\/product\/720217","targetHints":{"allow":["GET"]}}],"collection":[{"href":"https:\/\/nbg.eu\/fi\/wp-json\/wp\/v2\/product"}],"about":[{"href":"https:\/\/nbg.eu\/fi\/wp-json\/wp\/v2\/types\/product"}],"wp:featuredmedia":[{"embeddable":true,"href":"https:\/\/nbg.eu\/fi\/wp-json\/wp\/v2\/media\/365267"}],"wp:attachment":[{"href":"https:\/\/nbg.eu\/fi\/wp-json\/wp\/v2\/media?parent=720217"}],"wp:term":[{"taxonomy":"product_brand","embeddable":true,"href":"https:\/\/nbg.eu\/fi\/wp-json\/wp\/v2\/product_brand?post=720217"},{"taxonomy":"product_cat","embeddable":true,"href":"https:\/\/nbg.eu\/fi\/wp-json\/wp\/v2\/product_cat?post=720217"},{"taxonomy":"product_tag","embeddable":true,"href":"https:\/\/nbg.eu\/fi\/wp-json\/wp\/v2\/product_tag?post=720217"}],"curies":[{"name":"wp","href":"https:\/\/api.w.org\/{rel}","templated":true}]}}