{"id":720263,"date":"2025-03-04T21:36:59","date_gmt":"2025-03-04T18:36:59","guid":{"rendered":"https:\/\/nbg.eu\/product\/kasiturvakytkimen-asettaminen-kmr-27-littea-vasenkatinen\/"},"modified":"2026-04-16T16:50:00","modified_gmt":"2026-04-16T13:50:00","slug":"kasiturvakytkimen-asettaminen-kmr-27-littea-vasenkatinen","status":"publish","type":"product","link":"https:\/\/nbg.eu\/fi\/tuote\/kasiturvakytkimen-asettaminen-kmr-27-littea-vasenkatinen\/","title":{"rendered":"KMR Manuaalinen Varmistinsarja 27 Litte\u00e4, Vasenk\u00e4tinen"},"content":{"rendered":"<h2>MANUAALINEN TURVAJOUKKO KMR 27 FLAT, VASENK\u00c4TINEN<\/h2>\n<p>MANUAALINEN TURVAJOUKKO KMR 27 FLAT, VASENK\u00c4TINEN on korkealaatuinen turvallisuuslaite, joka on suunniteltu vasenk\u00e4tisille k\u00e4ytt\u00e4jille. T\u00e4m\u00e4 sarja on matalaprofiilinen, jolloin se on siisti, huomaamaton ja helppok\u00e4ytt\u00f6inen. Tarkasti suunniteltu turvasarja tarjoaa luotettavan suojan vahingossa laukeamista vastaan, parantaen ampuma-aseen yleist\u00e4 turvallisuutta.<\/p>\n<p>MANUAALINEN TURVAJOUKKO KMR 27 FLAT, VASENK\u00c4TINEN on suunniteltu sopimaan saumattomasti moniin ampuma-aseisiin, tarjoten monipuolisen ja luotettavan turvallisuusratkaisun. Matala profiili minimoi kiinni tarttumisen tai h\u00e4iritsemisen riskin, taaten sujuvan ja h\u00e4iritsem\u00e4tt\u00f6m\u00e4n k\u00e4ytt\u00e4j\u00e4kokemuksen. Oletpa sitten kokenut ampuja tai aloittelija, t\u00e4m\u00e4 turvasarja on olennainen lis\u00e4 ampuma-aseen varusteisiin.<\/p>\n","protected":false},"excerpt":{"rendered":"<p>Manuaalinen turvakokoonpano KMR 27, litte\u00e4, vasenk\u00e4tinen malli luotettavaan k\u00e4ytt\u00f6\u00f6n.<\/p>\n","protected":false},"featured_media":236766,"template":"","meta":{"_acf_changed":false},"product_brand":[11494],"product_cat":[13175],"product_tag":[],"class_list":{"0":"post-720263","1":"product","2":"type-product","3":"status-publish","4":"has-post-thumbnail","6":"product_brand-kmr-precision","7":"product_cat-kmr-osat","9":"first","10":"instock","11":"taxable","12":"shipping-taxable","13":"purchasable","14":"product-type-simple"},"acf":[],"_links":{"self":[{"href":"https:\/\/nbg.eu\/fi\/wp-json\/wp\/v2\/product\/720263","targetHints":{"allow":["GET"]}}],"collection":[{"href":"https:\/\/nbg.eu\/fi\/wp-json\/wp\/v2\/product"}],"about":[{"href":"https:\/\/nbg.eu\/fi\/wp-json\/wp\/v2\/types\/product"}],"wp:featuredmedia":[{"embeddable":true,"href":"https:\/\/nbg.eu\/fi\/wp-json\/wp\/v2\/media\/236766"}],"wp:attachment":[{"href":"https:\/\/nbg.eu\/fi\/wp-json\/wp\/v2\/media?parent=720263"}],"wp:term":[{"taxonomy":"product_brand","embeddable":true,"href":"https:\/\/nbg.eu\/fi\/wp-json\/wp\/v2\/product_brand?post=720263"},{"taxonomy":"product_cat","embeddable":true,"href":"https:\/\/nbg.eu\/fi\/wp-json\/wp\/v2\/product_cat?post=720263"},{"taxonomy":"product_tag","embeddable":true,"href":"https:\/\/nbg.eu\/fi\/wp-json\/wp\/v2\/product_tag?post=720263"}],"curies":[{"name":"wp","href":"https:\/\/api.w.org\/{rel}","templated":true}]}}