{"id":721227,"date":"2024-08-18T11:07:42","date_gmt":"2024-08-18T08:07:42","guid":{"rendered":"https:\/\/nbg.eu\/product\/otekruvi-m35-torx-kmr\/"},"modified":"2026-04-16T16:53:59","modified_gmt":"2026-04-16T13:53:59","slug":"otekruvi-m35-torx-kmr","status":"publish","type":"product","link":"https:\/\/nbg.eu\/fi\/tuote\/otekruvi-m35-torx-kmr\/","title":{"rendered":"KMR Kahvaruuvi M3.5 Torx"},"content":{"rendered":"<h2>Kiinnitysruuvi M3,5 Torx KMR<\/h2>\n<p>T\u00e4m\u00e4 kiinnitysruuvi on valmistettu tarkkuudella ja yksityiskohtiin kiinnitt\u00e4en huomiota. Se takaa luotettavan ja tukevan otteen, parantaen Weapons KMR:n suorituskyky\u00e4 ja toiminnallisuutta. Torx-muotoilu tarjoaa turvallisen ja vakaan liitoksen, est\u00e4en tahattoman l\u00f6ystymisen tai siirtymisen k\u00e4yt\u00f6n aikana.<\/p>\n<p>Oletpa sitten kokenut ampuja tai taktinen harrastaja, t\u00e4m\u00e4 on v\u00e4ltt\u00e4m\u00e4t\u00f6n lis\u00e4varuste Weapons KMR:n eheyden ja luotettavuuden yll\u00e4pit\u00e4miseksi. Paranna ampumiskokemustasi t\u00e4ll\u00e4 keskeisell\u00e4 komponentilla, joka on suunniteltu sulautumaan saumattomasti valitsemaasi KMR-malliin.<\/p>\n<p>Weapons KMR:<\/p>\n<p>KMR L-02 EMIQ<\/p>\n<p>KMR L-02 EMIQ (OR)<\/p>\n<p>KMR L-02 ORCA FROM 2024<\/p>\n<p>KMR L-02 ORCA UNTIL 2023<\/p>\n<p>KMR L-02 SPECTRA FROM 2024<\/p>\n<p>KMR L-02 SPECTRA UNTIL 2023<\/p>\n<p>KMR L-02 UMBRA (OR) SR<\/p>\n<p>KMR S-01 LANCE (OR)<\/p>\n<p>KMR S-02 FROM 2024<\/p>\n<p>KMR S-02 UNTIL 2023<\/p>\n<p>KMR W-02 CUDA (OR)<\/p>\n<p>KMR W-02 UMBRA<\/p>\n<p>KMR W-02 UMBRA (OR)<\/p>\n","protected":false},"excerpt":{"rendered":"<p>Ote-ruuvi M3,5 Torx KMR aseille, jotka ovat yhteensopivia KMR-mallien kanssa.<\/p>\n","protected":false},"featured_media":25287,"template":"","meta":{"_acf_changed":false},"product_brand":[11494],"product_cat":[13175,14875],"product_tag":[],"class_list":{"0":"post-721227","1":"product","2":"type-product","3":"status-publish","4":"has-post-thumbnail","6":"product_brand-kmr-precision","7":"product_cat-kmr-osat","8":"product_cat-pistol-grips-fi","10":"first","11":"instock","12":"taxable","13":"shipping-taxable","14":"product-type-simple"},"acf":[],"_links":{"self":[{"href":"https:\/\/nbg.eu\/fi\/wp-json\/wp\/v2\/product\/721227","targetHints":{"allow":["GET"]}}],"collection":[{"href":"https:\/\/nbg.eu\/fi\/wp-json\/wp\/v2\/product"}],"about":[{"href":"https:\/\/nbg.eu\/fi\/wp-json\/wp\/v2\/types\/product"}],"wp:featuredmedia":[{"embeddable":true,"href":"https:\/\/nbg.eu\/fi\/wp-json\/wp\/v2\/media\/25287"}],"wp:attachment":[{"href":"https:\/\/nbg.eu\/fi\/wp-json\/wp\/v2\/media?parent=721227"}],"wp:term":[{"taxonomy":"product_brand","embeddable":true,"href":"https:\/\/nbg.eu\/fi\/wp-json\/wp\/v2\/product_brand?post=721227"},{"taxonomy":"product_cat","embeddable":true,"href":"https:\/\/nbg.eu\/fi\/wp-json\/wp\/v2\/product_cat?post=721227"},{"taxonomy":"product_tag","embeddable":true,"href":"https:\/\/nbg.eu\/fi\/wp-json\/wp\/v2\/product_tag?post=721227"}],"curies":[{"name":"wp","href":"https:\/\/api.w.org\/{rel}","templated":true}]}}