{"id":721341,"date":"2026-01-19T18:48:05","date_gmt":"2026-01-19T15:48:05","guid":{"rendered":"https:\/\/nbg.eu\/product\/rh-crocy-lisakoukku\/"},"modified":"2026-02-27T16:26:25","modified_gmt":"2026-02-27T13:26:25","slug":"rh-crocy-lisakoukku","status":"publish","type":"product","link":"https:\/\/nbg.eu\/fi\/tuote\/rh-crocy-lisakoukku\/","title":{"rendered":"RH Crocy lis\u00e4koukku"},"content":{"rendered":"<h2>RH Crocy lis\u00e4koukku<\/h2>\n<p>RH Crocy lis\u00e4koukku tarjoaa lis\u00e4kiinnityksen vy\u00f6h\u00f6n Crocy AIWB -koteloj\u00e4rjestelm\u00e4lle, parantaen vakautta ja painojakaumaa AIWB-kantamisessa.<\/p>\n<h3>T\u00e4rkeimm\u00e4t ominaisuudet:<\/h3>\n<ul>\n<li>Ter\u00e4srakenne kest\u00e4vyyden takaamiseksi<\/li>\n<li>Yhteensopiva 40 mm vy\u00f6n kanssa<\/li>\n<li>Lis\u00e4\u00e4 toisen kiinnityskohdan Crocy-j\u00e4rjestelm\u00e4\u00e4n<\/li>\n<li>Parantaa kotelon vakautta ja v\u00e4hent\u00e4\u00e4 liikett\u00e4<\/li>\n<li>Helppo asentaa Crocy-koteloon<\/li>\n<\/ul>\n","protected":false},"excerpt":{"rendered":"<p>RH Crocy lis\u00e4koukku: Ter\u00e4skoukku parempaan vakauteen Crocy AIWB -j\u00e4rjestelm\u00e4ss\u00e4.<\/p>\n","protected":false},"featured_media":721342,"template":"","meta":{"_acf_changed":false},"product_brand":[11633],"product_cat":[13206],"product_tag":[],"class_list":{"0":"post-721341","1":"product","2":"type-product","3":"status-publish","4":"has-post-thumbnail","6":"product_brand-rh-holsters","7":"product_cat-kotelotarvikkeet","9":"first","10":"instock","11":"taxable","12":"shipping-taxable","13":"purchasable","14":"product-type-simple"},"acf":[],"_links":{"self":[{"href":"https:\/\/nbg.eu\/fi\/wp-json\/wp\/v2\/product\/721341","targetHints":{"allow":["GET"]}}],"collection":[{"href":"https:\/\/nbg.eu\/fi\/wp-json\/wp\/v2\/product"}],"about":[{"href":"https:\/\/nbg.eu\/fi\/wp-json\/wp\/v2\/types\/product"}],"wp:featuredmedia":[{"embeddable":true,"href":"https:\/\/nbg.eu\/fi\/wp-json\/wp\/v2\/media\/721342"}],"wp:attachment":[{"href":"https:\/\/nbg.eu\/fi\/wp-json\/wp\/v2\/media?parent=721341"}],"wp:term":[{"taxonomy":"product_brand","embeddable":true,"href":"https:\/\/nbg.eu\/fi\/wp-json\/wp\/v2\/product_brand?post=721341"},{"taxonomy":"product_cat","embeddable":true,"href":"https:\/\/nbg.eu\/fi\/wp-json\/wp\/v2\/product_cat?post=721341"},{"taxonomy":"product_tag","embeddable":true,"href":"https:\/\/nbg.eu\/fi\/wp-json\/wp\/v2\/product_tag?post=721341"}],"curies":[{"name":"wp","href":"https:\/\/api.w.org\/{rel}","templated":true}]}}