{"id":721391,"date":"2026-01-19T18:48:06","date_gmt":"2026-01-19T15:48:06","guid":{"rendered":"https:\/\/nbg.eu\/product\/rh-crocy-lipastaskun-pidike\/"},"modified":"2026-02-27T16:44:20","modified_gmt":"2026-02-27T13:44:20","slug":"rh-crocy-lipastaskun-pidike","status":"publish","type":"product","link":"https:\/\/nbg.eu\/fi\/tuote\/rh-crocy-lipastaskun-pidike\/","title":{"rendered":"RH Crocy lipastaskun pidike"},"content":{"rendered":"<h2>RH Crocy lipastaskun pidike<\/h2>\n<p>RH Crocy lipastaskun pidike on omistettu AIWB-lipastaskun pidike, joka on suunniteltu k\u00e4ytett\u00e4v\u00e4ksi RH Crocy -koteloj\u00e4rjestelm\u00e4n kanssa. Kiinnittyy Crocy Gizmo -liitoskappaleen kautta tai sit\u00e4 voidaan k\u00e4ytt\u00e4\u00e4 itsen\u00e4isesti ter\u00e4skoukun avulla.<\/p>\n<h3>T\u00e4rkeimm\u00e4t ominaisuudet:<\/h3>\n<ul>\n<li>Ter\u00e4skoukku turvalliseen vy\u00f6kiinnitykseen<\/li>\n<li>Yhteensopiva 40 mm vy\u00f6n kanssa<\/li>\n<li>S\u00e4\u00e4dett\u00e4v\u00e4 pito s\u00e4\u00e4t\u00f6ruuvien avulla<\/li>\n<li>Kydex-rakenne tarkkaan lipasv\u00e4lyksen sopivuuteen<\/li>\n<li>Suunniteltu AIWB-kantamiseen<\/li>\n<li>Yhteensopiva Crocy Gizmo -kappaleen kanssa modulaariseen kotelointegrointiin<\/li>\n<\/ul>\n","protected":false},"excerpt":{"rendered":"<p>RH Crocy lipastaskun pidike: AIWB lipastaskun pidike ter\u00e4skoukulla ja s\u00e4\u00e4dett\u00e4v\u00e4ll\u00e4 pidolla.<\/p>\n","protected":false},"featured_media":721392,"template":"","meta":{"_acf_changed":false},"product_brand":[11633],"product_cat":[13206],"product_tag":[],"class_list":{"0":"post-721391","1":"product","2":"type-product","3":"status-publish","4":"has-post-thumbnail","6":"product_brand-rh-holsters","7":"product_cat-kotelotarvikkeet","9":"first","10":"instock","11":"taxable","12":"shipping-taxable","13":"purchasable","14":"product-type-simple"},"acf":[],"_links":{"self":[{"href":"https:\/\/nbg.eu\/fi\/wp-json\/wp\/v2\/product\/721391","targetHints":{"allow":["GET"]}}],"collection":[{"href":"https:\/\/nbg.eu\/fi\/wp-json\/wp\/v2\/product"}],"about":[{"href":"https:\/\/nbg.eu\/fi\/wp-json\/wp\/v2\/types\/product"}],"wp:featuredmedia":[{"embeddable":true,"href":"https:\/\/nbg.eu\/fi\/wp-json\/wp\/v2\/media\/721392"}],"wp:attachment":[{"href":"https:\/\/nbg.eu\/fi\/wp-json\/wp\/v2\/media?parent=721391"}],"wp:term":[{"taxonomy":"product_brand","embeddable":true,"href":"https:\/\/nbg.eu\/fi\/wp-json\/wp\/v2\/product_brand?post=721391"},{"taxonomy":"product_cat","embeddable":true,"href":"https:\/\/nbg.eu\/fi\/wp-json\/wp\/v2\/product_cat?post=721391"},{"taxonomy":"product_tag","embeddable":true,"href":"https:\/\/nbg.eu\/fi\/wp-json\/wp\/v2\/product_tag?post=721391"}],"curies":[{"name":"wp","href":"https:\/\/api.w.org\/{rel}","templated":true}]}}