{"id":722419,"date":"2026-03-06T17:29:34","date_gmt":"2026-03-06T14:29:34","guid":{"rendered":"https:\/\/nbg.eu\/product\/eberlestock-cirrus-ultralight-kuivapussi-dry-earth\/"},"modified":"2026-04-15T14:17:28","modified_gmt":"2026-04-15T11:17:28","slug":"eberlestock-cirrus-ultralight-kuivapussi-dry-earth","status":"publish","type":"product","link":"https:\/\/nbg.eu\/fi\/tuote\/eberlestock-cirrus-ultralight-kuivapussi-dry-earth\/","title":{"rendered":"Eberlestock Kuivas\u00e4kki Cirrus Ultralight, Dry Earth"},"content":{"rendered":"<h2>Eberlestock Cirrus ultrakevyt kuivapussi<\/h2>\n<p>Cirrus-ultrakevyt kuivapussisarja tarjoaa luotettavan vedenpit\u00e4v\u00e4n suojan varusteillesi kevyess\u00e4, kompaktissa muodossa. Olitpa j\u00e4rjestelem\u00e4ss\u00e4 reppusi sis\u00e4lt\u00f6\u00e4 monip\u00e4iv\u00e4ist\u00e4 mets\u00e4stysretke\u00e4 varten tai suojaamassa kriittist\u00e4 elektroniikkaa joenylityksess\u00e4, Cirrus-kuivapussit tarjoavat luotettavan suorituskyvyn ilman turhaa painoa.<\/p>\n<h3>Vedenpit\u00e4v\u00e4 rullattava rakenne<\/h3>\n<p>Jokaisessa pussissa on rullattava sulkija yksinkertaisella D-renkaalla lis\u00e4turvaksi, joka takaa vedenpit\u00e4v\u00e4n tiivisteen sadetta, lunta ja upotusta vastaan. Ultrakevyt rakenne lis\u00e4\u00e4 minimaalisen painon kuormaasi tarjoten samalla vakavasti otettavaa suojaa.<\/p>\n<h3>Vaivaton j\u00e4rjestely<\/h3>\n<p>Kontrastiset mustat kokomerkit jokaisessa pussissa mahdollistavat nopean tunnistamisen k\u00e4ytett\u00e4ess\u00e4 useita kokoja yhdess\u00e4. K\u00e4yt\u00e4 niit\u00e4 vaatteiden, ruoan, elektroniikan, optiikan ja muiden varusteiden erotteluun ilman reppussa penkomista.<\/p>\n<h3>Saatavilla olevat koot<\/h3>\n<ul>\n<li><strong>5-Liter<\/strong> \u2014 Ihanteellinen pienelle elektroniikalle, ensiapuv\u00e4lineille tai v\u00e4lipaloille<\/li>\n<li><strong>10-Liter<\/strong> \u2014 Erinomainen p\u00e4iv\u00e4n vaatekerran tai optiikkatarvikkeiden s\u00e4ilytykseen<\/li>\n<li><strong>20-Liter<\/strong> \u2014 Mahtuu t\u00e4ydellinen vaatekerta tai makuupussin sis\u00e4lakana<\/li>\n<li><strong>35-Liter<\/strong> \u2014 Riitt\u00e4v\u00e4n suuri makuupussille tai t\u00e4ydelle varustesetille<\/li>\n<\/ul>\n<table>\n<thead>\n<tr>\n<th>Tekniset tiedot<\/th>\n<th>Tarkemmat tiedot<\/th>\n<\/tr>\n<\/thead>\n<tbody>\n<tr>\n<td>Sulkija<\/td>\n<td>Roll-top with D-loop<\/td>\n<\/tr>\n<tr>\n<td>Materiaali<\/td>\n<td>Ultralight waterproof nylon<\/td>\n<\/tr>\n<tr>\n<td>Saatavilla olevat koot<\/td>\n<td>5L, 10L, 20L, 35L<\/td>\n<\/tr>\n<tr>\n<td>V\u00e4ri<\/td>\n<td>Dry Earth<\/td>\n<\/tr>\n<\/tbody>\n<\/table>\n","protected":false},"excerpt":{"rendered":"<p>Eberlestock Cirrus Ultralight kuivapussi pit\u00e4\u00e4 varusteesi kuivana, puhtaana ja suojattuna s\u00e4\u00e4olosuhteilta. Rullattava sulkija D-lenkill\u00e4 ja kontrastiv\u00e4riset kokomerkinn\u00e4t helpottavat tunnistamista useita pusseja k\u00e4ytett\u00e4ess\u00e4.<\/p>\n","protected":false},"featured_media":722420,"template":"","meta":{"_acf_changed":false},"product_brand":[15142],"product_cat":[13233],"product_tag":[],"class_list":{"0":"post-722419","1":"product","2":"type-product","3":"status-publish","4":"has-post-thumbnail","6":"product_brand-eberlestock","7":"product_cat-varusteet","9":"first","10":"instock","11":"taxable","12":"shipping-taxable","13":"purchasable","14":"product-type-variable","15":"wvs-archive-product-wrapper"},"acf":[],"_links":{"self":[{"href":"https:\/\/nbg.eu\/fi\/wp-json\/wp\/v2\/product\/722419","targetHints":{"allow":["GET"]}}],"collection":[{"href":"https:\/\/nbg.eu\/fi\/wp-json\/wp\/v2\/product"}],"about":[{"href":"https:\/\/nbg.eu\/fi\/wp-json\/wp\/v2\/types\/product"}],"wp:featuredmedia":[{"embeddable":true,"href":"https:\/\/nbg.eu\/fi\/wp-json\/wp\/v2\/media\/722420"}],"wp:attachment":[{"href":"https:\/\/nbg.eu\/fi\/wp-json\/wp\/v2\/media?parent=722419"}],"wp:term":[{"taxonomy":"product_brand","embeddable":true,"href":"https:\/\/nbg.eu\/fi\/wp-json\/wp\/v2\/product_brand?post=722419"},{"taxonomy":"product_cat","embeddable":true,"href":"https:\/\/nbg.eu\/fi\/wp-json\/wp\/v2\/product_cat?post=722419"},{"taxonomy":"product_tag","embeddable":true,"href":"https:\/\/nbg.eu\/fi\/wp-json\/wp\/v2\/product_tag?post=722419"}],"curies":[{"name":"wp","href":"https:\/\/api.w.org\/{rel}","templated":true}]}}