{"id":722954,"date":"2026-03-06T17:38:33","date_gmt":"2026-03-06T14:38:33","guid":{"rendered":"https:\/\/nbg.eu\/product\/eberlestock-fury-rintalaukku\/"},"modified":"2026-04-15T14:17:17","modified_gmt":"2026-04-15T11:17:17","slug":"eberlestock-fury-rintalaukku","status":"publish","type":"product","link":"https:\/\/nbg.eu\/fi\/tuote\/eberlestock-fury-rintalaukku\/","title":{"rendered":"Eberlestock Rintalaukku Fury"},"content":{"rendered":"<h2>Eberlestock Fury rintapakkaus<\/h2>\n<p>Fury on monik\u00e4ytt\u00f6inen, matalaprofiilinen ratkaisu olennaisen varustuksen kantamiseen vaativissa ymp\u00e4rist\u00f6iss\u00e4. Suunniteltu taktiseen k\u00e4ytt\u00f6\u00f6n, mets\u00e4stykseen ja ulkoiluun, Fury tarjoaa modulaarisen s\u00e4ilytystilan tinkim\u00e4tt\u00e4 mukavuudesta tai liikkuvuudesta.<\/p>\n<h3>Kompakti mutta tehokas<\/h3>\n<p>Mitoiltaan 6 tuumaa korkea, 8 tuumaa leve\u00e4 ja 2,5 tuumaa syv\u00e4, Fury tarjoaa runsaasti tilaa et\u00e4isyysmittarille, houkutuskutsuille, k\u00e4dess\u00e4 pidett\u00e4ville l\u00e4mp\u00f6kameroille tai jopa kompaktille pistoolille kuten Glock 19.<\/p>\n<h3>Hengitt\u00e4v\u00e4 mukavuus<\/h3>\n<p>Ilmaverkkovaljassysteemi parantaa mukavuutta ja hengitt\u00e4vyytt\u00e4 edist\u00e4m\u00e4ll\u00e4 ilmavirtausta ja v\u00e4hent\u00e4m\u00e4ll\u00e4 kosteuden kertymist\u00e4 pitk\u00e4aikaisessa k\u00e4yt\u00f6ss\u00e4.<\/p>\n<h3>T\u00e4ysin modulaarinen<\/h3>\n<p>Laserleikkauat MOLLE-kiinnitysliuskat ulkopuolella ja p\u00e4\u00e4osaston sis\u00e4ll\u00e4 mahdollistavat t\u00e4ydellisen muokattavuuden. Etuosan vetoketjullinen j\u00e4rjestelytasku tarjoaa nopean p\u00e4\u00e4syn tarpeellisiin tavaroihin. Alasvedett\u00e4v\u00e4 tarrapaneeli on yhteensopiva Eberlestock MOLLE-paneelien, k\u00e4sienl\u00e4mmittimien ja Quickcase-tarvikkeiden kanssa.<\/p>\n<p>Valmistettu kest\u00e4v\u00e4st\u00e4 500D ripstop-nailonista. Yhteensopiva Eberlestock Bino Rain Fly -sadesuojan kanssa.<\/p>\n<table>\n<thead>\n<tr>\n<th>Tekniset tiedot<\/th>\n<th>Tarkemmat tiedot<\/th>\n<\/tr>\n<\/thead>\n<tbody>\n<tr>\n<td>Mitat<\/td>\n<td>6&#8243; H x 8&#8243; W x 2.5&#8243; D<\/td>\n<\/tr>\n<tr>\n<td>Materiaali<\/td>\n<td>500D Ripstop Nylon<\/td>\n<\/tr>\n<tr>\n<td>Valjaat<\/td>\n<td>Pehmustettu ilmaverkko<\/td>\n<\/tr>\n<tr>\n<td>Kiinnitys<\/td>\n<td>Laserleikkaatu MOLLE<\/td>\n<\/tr>\n<\/tbody>\n<\/table>\n","protected":false},"excerpt":{"rendered":"<p>Eberlestock Fury Chest Pack on monik\u00e4ytt\u00f6inen, keskikokoinen taktinen rintapakkaus mitoiltaan 6&#8243; x 8&#8243; x 2.5&#8243;. Valmistettu 500D ripstop-nailonista ilmaverkkovaljailla, laserleikkaulla MOLLE:lla ja yhteensopivuudella lis\u00e4varusepaneelien kanssa.<\/p>\n","protected":false},"featured_media":722955,"template":"","meta":{"_acf_changed":false},"product_brand":[15142],"product_cat":[13179,13233],"product_tag":[],"class_list":{"0":"post-722954","1":"product","2":"type-product","3":"status-publish","4":"has-post-thumbnail","6":"product_brand-eberlestock","7":"product_cat-rintavyoet","8":"product_cat-varusteet","10":"first","11":"instock","12":"taxable","13":"shipping-taxable","14":"purchasable","15":"product-type-variable","16":"wvs-archive-product-wrapper"},"acf":[],"_links":{"self":[{"href":"https:\/\/nbg.eu\/fi\/wp-json\/wp\/v2\/product\/722954","targetHints":{"allow":["GET"]}}],"collection":[{"href":"https:\/\/nbg.eu\/fi\/wp-json\/wp\/v2\/product"}],"about":[{"href":"https:\/\/nbg.eu\/fi\/wp-json\/wp\/v2\/types\/product"}],"wp:featuredmedia":[{"embeddable":true,"href":"https:\/\/nbg.eu\/fi\/wp-json\/wp\/v2\/media\/722955"}],"wp:attachment":[{"href":"https:\/\/nbg.eu\/fi\/wp-json\/wp\/v2\/media?parent=722954"}],"wp:term":[{"taxonomy":"product_brand","embeddable":true,"href":"https:\/\/nbg.eu\/fi\/wp-json\/wp\/v2\/product_brand?post=722954"},{"taxonomy":"product_cat","embeddable":true,"href":"https:\/\/nbg.eu\/fi\/wp-json\/wp\/v2\/product_cat?post=722954"},{"taxonomy":"product_tag","embeddable":true,"href":"https:\/\/nbg.eu\/fi\/wp-json\/wp\/v2\/product_tag?post=722954"}],"curies":[{"name":"wp","href":"https:\/\/api.w.org\/{rel}","templated":true}]}}