{"id":723955,"date":"2026-03-10T16:14:33","date_gmt":"2026-03-10T13:14:33","guid":{"rendered":"https:\/\/nbg.eu\/product\/area-419-can-koozie-kiinnitettava-pimeanakosuojus\/"},"modified":"2026-03-10T17:17:06","modified_gmt":"2026-03-10T14:17:06","slug":"area-419-can-koozie-kiinnitettava-pimeanakosuojus","status":"publish","type":"product","link":"https:\/\/nbg.eu\/fi\/tuote\/area-419-can-koozie-kiinnitettava-pimeanakosuojus\/","title":{"rendered":"Area 419 Can Koozie \/ Kiinnitett\u00e4v\u00e4 Pime\u00e4n\u00e4k\u00f6suojus"},"content":{"rendered":"<h2>Area 419 Can Koozie \/ Clip-on Pime\u00e4n\u00e4k\u00f6suoja<\/h2>\n<p>Area 419:n suunnittelema neopreenisuojus palvelee taktista tarkoitusta: napsauta se kiikarin objektiivip\u00e4\u00e4h\u00e4n silloittamaan v\u00e4li kiikarin ja clip-on pime\u00e4n\u00e4k\u00f6laitteen v\u00e4lill\u00e4, est\u00e4en p\u00f6lyn ja hajavaloa.<\/p>\n<h3>Clip-on Pime\u00e4n\u00e4k\u00f6suoja<\/h3>\n<p>Suojus venyy kiikarin objektiivin yli tarjoten tiiviin, valotiiviin sillan clip-on NV-laitteelle \u2014 poistaa raon, josta ymp\u00e4rist\u00f6n valo ja p\u00f6ly p\u00e4\u00e4sev\u00e4t sis\u00e4\u00e4n. Ampujat k\u00e4ytt\u00e4v\u00e4t sit\u00e4 my\u00f6s tehokkaana aurinkosuojana objektiivin h\u00e4ik\u00e4isy\u00e4 vastaan ilman tarranauhoja tai k\u00f6mpel\u00f6it\u00e4 lis\u00e4varusteita.<\/p>\n<h3>Tekniset tiedot<\/h3>\n<table>\n<tbody>\n<tr>\n<td><strong>Materiaali<\/strong><\/td>\n<td>Neoprene<\/td>\n<\/tr>\n<tr>\n<td><strong>Paino<\/strong><\/td>\n<td>0.1 lbs<\/td>\n<\/tr>\n<tr>\n<td><strong>Mitat<\/strong><\/td>\n<td>2 x 2 x 0.5 in<\/td>\n<\/tr>\n<tr>\n<td><strong>Valmistettu<\/strong><\/td>\n<td>USA<\/td>\n<\/tr>\n<\/tbody>\n<\/table>\n","protected":false},"excerpt":{"rendered":"<p>Neopreeninen clip-on suojus, joka on suunniteltu silloittamaan v\u00e4li kiikarin objektiivin ja clip-on pime\u00e4n\u00e4k\u00f6laitteen v\u00e4lill\u00e4. Est\u00e4\u00e4 p\u00f6lyn, hajavaloa ja poistaa objektiivin h\u00e4ik\u00e4isyn. Toimii my\u00f6s tehokkaana aurinkosuojana p\u00e4iv\u00e4ammunnassa.<\/p>\n","protected":false},"featured_media":723956,"template":"","meta":{"_acf_changed":false},"product_brand":[11033],"product_cat":[13201,13233],"product_tag":[],"class_list":{"0":"post-723955","1":"product","2":"type-product","3":"status-publish","4":"has-post-thumbnail","6":"product_brand-area-419","7":"product_cat-taehtaeyksen-lisaevarusteet","8":"product_cat-varusteet","10":"first","11":"instock","12":"taxable","13":"shipping-taxable","14":"purchasable","15":"product-type-simple"},"acf":[],"_links":{"self":[{"href":"https:\/\/nbg.eu\/fi\/wp-json\/wp\/v2\/product\/723955","targetHints":{"allow":["GET"]}}],"collection":[{"href":"https:\/\/nbg.eu\/fi\/wp-json\/wp\/v2\/product"}],"about":[{"href":"https:\/\/nbg.eu\/fi\/wp-json\/wp\/v2\/types\/product"}],"wp:featuredmedia":[{"embeddable":true,"href":"https:\/\/nbg.eu\/fi\/wp-json\/wp\/v2\/media\/723956"}],"wp:attachment":[{"href":"https:\/\/nbg.eu\/fi\/wp-json\/wp\/v2\/media?parent=723955"}],"wp:term":[{"taxonomy":"product_brand","embeddable":true,"href":"https:\/\/nbg.eu\/fi\/wp-json\/wp\/v2\/product_brand?post=723955"},{"taxonomy":"product_cat","embeddable":true,"href":"https:\/\/nbg.eu\/fi\/wp-json\/wp\/v2\/product_cat?post=723955"},{"taxonomy":"product_tag","embeddable":true,"href":"https:\/\/nbg.eu\/fi\/wp-json\/wp\/v2\/product_tag?post=723955"}],"curies":[{"name":"wp","href":"https:\/\/api.w.org\/{rel}","templated":true}]}}