{"id":723964,"date":"2026-03-10T16:14:51","date_gmt":"2026-03-10T13:14:51","guid":{"rendered":"https:\/\/nbg.eu\/product\/area-419-tikka-t1x-parannettu-kiikarikisko\/"},"modified":"2026-03-11T13:19:37","modified_gmt":"2026-03-11T10:19:37","slug":"area-419-tikka-t1x-parannettu-kiikarikisko","status":"publish","type":"product","link":"https:\/\/nbg.eu\/fi\/tuote\/area-419-tikka-t1x-parannettu-kiikarikisko\/","title":{"rendered":"Area 419 Tikka T1X Parannettu Kiikarikisko"},"content":{"rendered":"<h2>Area 419 Tikka T1X Parannettu Kiikarikisko<\/h2>\n<p>Area 419 Tikka T1X Improved Scope Rail on tarkkuuskoneistettu Picatinny-kisko, joka on suunniteltu maksimaalisen tarkkuuden ja luotettavuuden takaamiseksi Tikka T1X rimfire -kiv\u00e4\u00e4rillesi. Valmistettu 7075-alumiinista 4-akselisella HAAS VMC:ll\u00e4 se takaa moitteettoman yhteensopivuuden ja t\u00e4ydellisen geometrian kaikkiin pitk\u00e4n matkan sovelluksiin.<\/p>\n<h3>Tarkkuuskoneistus, Nolla Kompromisseja<\/h3>\n<p>Kaikki kiskon kulmat on py\u00f6ristetty ja ter\u00e4v\u00e4t reunat viistetty \u2014 ei yht\u00e4\u00e4n ter\u00e4v\u00e4\u00e4 kohtaa. MIL-STD-1913 Picatinny -urat on py\u00f6ristetty urien v\u00e4lill\u00e4 virheett\u00f6m\u00e4n kontaktin takaamiseksi optikan pohjan kanssa ja maksimaalisen k\u00e4ytt\u00f6mukavuuden saavuttamiseksi.<\/p>\n<h3>Virheet\u00f6n Asennus<\/h3>\n<p>Kaikki ruuvit ovat identtisi\u00e4 T10 Torx -ruuveja samalla pituudella \u2014 ei arvailua eik\u00e4 virheit\u00e4 asennuksessa. MOA-kulma on taattu spesifikaation mukaiseksi edistyneen kiinnityksen ansiosta koneistuksen aikana.<\/p>\n<h3>Tekniset tiedot<\/h3>\n<table>\n<tbody>\n<tr>\n<td><strong>Materiaali<\/strong><\/td>\n<td>7075 Aluminum<\/td>\n<\/tr>\n<tr>\n<td><strong>Pintak\u00e4sittely<\/strong><\/td>\n<td>Type III Hardcoat Black Anodize<\/td>\n<\/tr>\n<tr>\n<td><strong>Standardi<\/strong><\/td>\n<td>MIL-STD-1913 Picatinny<\/td>\n<\/tr>\n<tr>\n<td><strong>Yhteensopivuus<\/strong><\/td>\n<td>Tikka T1X<\/td>\n<\/tr>\n<tr>\n<td><strong>Ruuvit<\/strong><\/td>\n<td>T10 Torx<\/td>\n<\/tr>\n<tr>\n<td><strong>Kiristysmomentti<\/strong><\/td>\n<td>15 in\/lb<\/td>\n<\/tr>\n<tr>\n<td><strong>Paino<\/strong><\/td>\n<td>0.2 lbs<\/td>\n<\/tr>\n<tr>\n<td><strong>Mitat<\/strong><\/td>\n<td>8.25 x 1 x 1 in<\/td>\n<\/tr>\n<tr>\n<td><strong>Valmistettu<\/strong><\/td>\n<td>USA<\/td>\n<\/tr>\n<\/tbody>\n<\/table>\n","protected":false},"excerpt":{"rendered":"<p>CNC-koneistettu MIL-STD-1913 Picatinny kiikarikisko suunniteltu erityisesti Tikka T1X:lle. Valmistettu 7075-alumiinista 4-akselisella HAAS VMC:ll\u00e4 Type III Hardcoat Black Anodize -pintak\u00e4sittelyll\u00e4. Saatavana 15 MOA ja 30 MOA versioina.<\/p>\n","protected":false},"featured_media":723965,"template":"","meta":{"_acf_changed":false},"product_brand":[11033],"product_cat":[13239,13225],"product_tag":[],"class_list":{"0":"post-723964","1":"product","2":"type-product","3":"status-publish","4":"has-post-thumbnail","6":"product_brand-area-419","7":"product_cat-kiskot","8":"product_cat-kivaeaeri","10":"first","11":"instock","12":"taxable","13":"shipping-taxable","14":"purchasable","15":"product-type-variable","16":"wvs-archive-product-wrapper"},"acf":[],"_links":{"self":[{"href":"https:\/\/nbg.eu\/fi\/wp-json\/wp\/v2\/product\/723964","targetHints":{"allow":["GET"]}}],"collection":[{"href":"https:\/\/nbg.eu\/fi\/wp-json\/wp\/v2\/product"}],"about":[{"href":"https:\/\/nbg.eu\/fi\/wp-json\/wp\/v2\/types\/product"}],"wp:featuredmedia":[{"embeddable":true,"href":"https:\/\/nbg.eu\/fi\/wp-json\/wp\/v2\/media\/723965"}],"wp:attachment":[{"href":"https:\/\/nbg.eu\/fi\/wp-json\/wp\/v2\/media?parent=723964"}],"wp:term":[{"taxonomy":"product_brand","embeddable":true,"href":"https:\/\/nbg.eu\/fi\/wp-json\/wp\/v2\/product_brand?post=723964"},{"taxonomy":"product_cat","embeddable":true,"href":"https:\/\/nbg.eu\/fi\/wp-json\/wp\/v2\/product_cat?post=723964"},{"taxonomy":"product_tag","embeddable":true,"href":"https:\/\/nbg.eu\/fi\/wp-json\/wp\/v2\/product_tag?post=723964"}],"curies":[{"name":"wp","href":"https:\/\/api.w.org\/{rel}","templated":true}]}}