{"id":732208,"date":"2026-02-06T17:03:24","date_gmt":"2026-02-06T14:03:24","guid":{"rendered":"https:\/\/nbg.eu\/product\/microtech-ultratech-ex-zbp-bayonet-signature-series-stonewash-full-serrated-2\/"},"modified":"2026-03-30T15:21:29","modified_gmt":"2026-03-30T12:21:29","slug":"microtech-ultratech-ex-zbp-bayonet-signature-series-stonewash-full-serrated-2","status":"publish","type":"product","link":"https:\/\/nbg.eu\/fi\/tuote\/microtech-ultratech-ex-zbp-bayonet-signature-series-stonewash-full-serrated-2\/","title":{"rendered":"Microtech Ultratech EX-ZBP Bajonet Signature Series Stonewash Full sahalaitainen"},"content":{"rendered":"<h2>Yleiskatsaus<\/h2>\n<p>Microtech Ultratech EX-ZBP Bayonet Signature -sarja edustaa automaattisen OTF-veitsitekniikan huippua. T\u00e4ss\u00e4 Signature-sarjan mallissa yhdistyv\u00e4t vallankumouksellinen Zero Blade Play (ZBP) -tekniikka ja erottuva kivipesupinnoite, t\u00e4ysin sahalaitainen bajonettiter\u00e4 Bohler M390MK -ter\u00e4ksest\u00e4. ZBP-j\u00e4rjestelm\u00e4 eliminoi k\u00e4yt\u00e4nn\u00f6llisesti katsoen kaiken ter\u00e4n liikkeen, kun se on k\u00e4yt\u00f6ss\u00e4, ja tarjoaa lukitun-auki-tuntuman, joka kilpailee kiinte\u00e4n ter\u00e4n kanssa. T\u00e4ydelliset hammastukset tarjoavat aggressiivista leikkausvoimaa kovien materiaalien avulla, kun taas ainutlaatuinen bajonettiprofiili tarjoaa poikkeuksellisen l\u00e4vistyskyvyn.<\/p>\n<h3>Zero Blade Play (ZBP) -tekniikka<\/h3>\n<p>Ultratech EX-ZBP sis\u00e4lt\u00e4\u00e4 Microtechin edistyneen Zero Blade Play -j\u00e4rjestelm\u00e4n, joka k\u00e4yt\u00e4nn\u00f6ss\u00e4 eliminoi kaiken ter\u00e4n liikkeen, kun se on k\u00e4yt\u00f6ss\u00e4, ja antaa ter\u00e4n, joka tuntuu yht\u00e4 kiinte\u00e4lt\u00e4 kuin kiinte\u00e4 ter\u00e4. T\u00e4m\u00e4 suunnittelusaavutus asettaa kultaisen standardin OTF-tarkkuudelle.<\/p>\n<h3>Signature-sarjan bajonettiter\u00e4<\/h3>\n<p>Erottuva bajonettiter\u00e4profiili tarjoaa ainutlaatuisen yhdistelm\u00e4n l\u00e4vistyskyky\u00e4 ja viipalointitehokkuutta. T\u00e4ysin sahalaitainen reuna tarjoaa aggressiivista leikkausvoimaa kuitumateriaalien, k\u00f6yden, nauhan ja turvav\u00f6iden kautta.<\/p>\n<h3>M390MK Super Steel<\/h3>\n<p>Bohler M390MK on legendaarisen M390-ter\u00e4ksen patentoitu muunnos, joka on valmistettu yksinomaan Microtechille. Se tarjoaa poikkeuksellisen tasapainon kovuuden (60\u201362 HRC), reunan pysyvyyden, sitkeyden ja korroosionkest\u00e4vyyden v\u00e4lill\u00e4.<\/p>\n<h3>Premium-komponentit<\/h3>\n<ul>\n<li>Bohler M390MK bajonettiter\u00e4 kivipesulla<\/li>\n<li>6061-T6 lentokoneluokan alumiinikahva<\/li>\n<li>Zero Blade Play (ZBP) -k\u00e4ytt\u00f6\u00f6nottoj\u00e4rjestelm\u00e4<\/li>\n<li>Signature-sarjan nimi ja merkinn\u00e4t<\/li>\n<li>Jyrsitty titaaninen taskupidike keraamisilla palloilla<\/li>\n<li>Ruostumattomasta ter\u00e4ksest\u00e4 valmistettu lasinmurtaja<\/li>\n<li>Torx-laitteisto kaikkialla<\/li>\n<\/ul>\n<h3>Tekniset tiedot<\/h3>\n<table class=\"shop_attributes\">\n<tbody>\n<tr>\n<td><strong>Tyyppi<\/strong><\/td>\n<td>Edess\u00e4 oleva automaatti<\/td>\n<\/tr>\n<tr>\n<td><strong>Ter\u00e4n pituus<\/strong><\/td>\n<td>3,50&#8243;<\/td>\n<\/tr>\n<tr>\n<td><strong>Kokonaispituus<\/strong><\/td>\n<td>8,50&#8243;<\/td>\n<\/tr>\n<tr>\n<td><strong>Kahvan pituus<\/strong><\/td>\n<td>5,00&#8243;<\/td>\n<\/tr>\n<tr>\n<td><strong>ter\u00e4s<\/strong><\/td>\n<td>Bohler M390MK<\/td>\n<\/tr>\n<tr>\n<td><strong>K\u00e4sittelymateriaali<\/strong><\/td>\n<td>6061-T6 alumiini<\/td>\n<\/tr>\n<tr>\n<td><strong>Paino<\/strong><\/td>\n<td>3,50 unssia<\/td>\n<\/tr>\n<tr>\n<td><strong>Taskupidike<\/strong><\/td>\n<td>Jyrsitty titaani keraamisella pidikkeell\u00e4<\/td>\n<\/tr>\n<tr>\n<td><strong>Laitteisto<\/strong><\/td>\n<td>Torx-ruuvit<\/td>\n<\/tr>\n<tr>\n<td><strong>Lasinrikottaja<\/strong><\/td>\n<td>Ruostumaton ter\u00e4s<\/td>\n<\/tr>\n<tr>\n<td><strong>Alkuper\u00e4maa<\/strong><\/td>\n<td>USA<\/td>\n<\/tr>\n<tr>\n<td><strong>Kahvojen v\u00e4ri<\/strong><\/td>\n<td>Musta<\/td>\n<\/tr>\n<tr>\n<td><strong>ter\u00e4n viimeistely<\/strong><\/td>\n<td>Stonewash<\/td>\n<\/tr>\n<tr>\n<td><strong>Blade-tyyli<\/strong><\/td>\n<td>Bajonetti<\/td>\n<\/tr>\n<tr>\n<td><strong>Reunatyyppi<\/strong><\/td>\n<td>T\u00e4ysin sahalaitainen<\/td>\n<\/tr>\n<tr>\n<td><strong>Sarja<\/strong><\/td>\n<td>Signature-sarja<\/td>\n<\/tr>\n<\/tbody>\n<\/table>\n","protected":false},"excerpt":{"rendered":"<p>Ultratech EX-ZBP Bayonet Signature Series on huippuluokan OTF-automaatti, jossa on Microtechin Zero Blade Play -tekniikka ja kivipest\u00e4v\u00e4 t\u00e4ysin sahalaitainen bajonettiter\u00e4 M390MK-ter\u00e4ksest\u00e4. Signature-sarjan nimitys. 3,50&#8243; ter\u00e4, 8,50&#8243; haalari.<\/p>\n","protected":false},"featured_media":731256,"template":"","meta":{"_acf_changed":false},"product_brand":[15521],"product_cat":[15357,15994],"product_tag":[],"class_list":{"0":"post-732208","1":"product","2":"type-product","3":"status-publish","4":"has-post-thumbnail","6":"product_brand-microtech","7":"product_cat-knives-fi","8":"product_cat-otf-knives-fi","10":"first","11":"outofstock","12":"taxable","13":"shipping-taxable","14":"purchasable","15":"product-type-simple"},"acf":[],"_links":{"self":[{"href":"https:\/\/nbg.eu\/fi\/wp-json\/wp\/v2\/product\/732208","targetHints":{"allow":["GET"]}}],"collection":[{"href":"https:\/\/nbg.eu\/fi\/wp-json\/wp\/v2\/product"}],"about":[{"href":"https:\/\/nbg.eu\/fi\/wp-json\/wp\/v2\/types\/product"}],"wp:featuredmedia":[{"embeddable":true,"href":"https:\/\/nbg.eu\/fi\/wp-json\/wp\/v2\/media\/731256"}],"wp:attachment":[{"href":"https:\/\/nbg.eu\/fi\/wp-json\/wp\/v2\/media?parent=732208"}],"wp:term":[{"taxonomy":"product_brand","embeddable":true,"href":"https:\/\/nbg.eu\/fi\/wp-json\/wp\/v2\/product_brand?post=732208"},{"taxonomy":"product_cat","embeddable":true,"href":"https:\/\/nbg.eu\/fi\/wp-json\/wp\/v2\/product_cat?post=732208"},{"taxonomy":"product_tag","embeddable":true,"href":"https:\/\/nbg.eu\/fi\/wp-json\/wp\/v2\/product_tag?post=732208"}],"curies":[{"name":"wp","href":"https:\/\/api.w.org\/{rel}","templated":true}]}}