{"id":732214,"date":"2026-03-13T17:31:30","date_gmt":"2026-03-13T14:31:30","guid":{"rendered":"https:\/\/nbg.eu\/product\/microtech-utx-85-gen-iv-t-e-apocalyptic-standard-tan-2\/"},"modified":"2026-03-30T15:36:54","modified_gmt":"2026-03-30T12:36:54","slug":"microtech-utx-85-gen-iv-t-e-apocalyptic-standard-tan-2","status":"publish","type":"product","link":"https:\/\/nbg.eu\/fi\/tuote\/microtech-utx-85-gen-iv-t-e-apocalyptic-standard-tan-2\/","title":{"rendered":"Microtech UTX-85 Gen IV T\/E Apocalyptic Standard Tan"},"content":{"rendered":"<h2>Yleiskatsaus<\/h2>\n<p>Microtech UTX-85 Gen IV on kompakti voimanpes\u00e4, joka on suunniteltu 85 % Ultratechin lippulaivan koosta, joten se on ihanteellinen p\u00e4ivitt\u00e4iseen OTF-automaattik\u00e4ytt\u00f6\u00f6n. T\u00e4ss\u00e4 Tan-versiossa on Apocalyptic-viimeistelyn tantoter\u00e4, jossa on tavallinen tasainen reuna Bohler M390MK -ter\u00e4ksest\u00e4. Pienemm\u00e4st\u00e4 jalanj\u00e4ljest\u00e4\u00e4n huolimatta UTX-85 Gen IV perii kaiken edistyneen tekniikan isommalta sisarukseltaan, mukaan lukien Dual Fuel Drive Trainin ja Crud Kutter -itsepuhdistusmekanismin, joka tarjoaa t\u00e4ysikokoisen suorituskyvyn taskuyst\u00e4v\u00e4llisess\u00e4 paketissa.<\/p>\n<h3>Kompakti EDC-muotoilu<\/h3>\n<p>UTX-85 Gen IV on 85 % Ultratechin koosta ja painaa vain 3,1 unssia, joten se mahtuu mukavasti mihin tahansa taskuun s\u00e4ilytt\u00e4en samalla suuremman vastineensa t\u00e4yden toiminnallisuuden ja rakennuslaadun. Ergonominen kahvaprofiili takaa turvallisen otteen kaikenkokoisille k\u00e4sille.<\/p>\n<h3>Kaksipolttoainevetoinen juna<\/h3>\n<p>Gen IV voimansiirto k\u00e4ytt\u00e4\u00e4 kaksoisjousij\u00e4rjestelm\u00e4\u00e4, joka takaa tasaisen terien k\u00e4yt\u00f6n ja v\u00e4hent\u00e4\u00e4 sis\u00e4ist\u00e4 kulumista. Kompakti mekanismi tarjoaa tehokkaan ja luotettavan toiminnan tuhansia kertoja.<\/p>\n<h3>Crud Kutter -itsepuhdistusj\u00e4rjestelm\u00e4<\/h3>\n<p>Integroitu roskien siirtoj\u00e4rjestelm\u00e4 pit\u00e4\u00e4 ter\u00e4n radan puhtaana liasta ja taskunukasta, mik\u00e4 varmistaa luotettavan k\u00e4yt\u00f6n silloin, kun sit\u00e4 eniten tarvitset.<\/p>\n<h3>Premium-komponentit<\/h3>\n<ul>\n<li>Bohler M390MK tanto-ter\u00e4<\/li>\n<li>6061-T6 lentokoneluokan alumiinikahva<\/li>\n<li>Kaksipolttoainevetoisen junan k\u00e4ytt\u00f6\u00f6nottoj\u00e4rjestelm\u00e4<\/li>\n<li>Crud Kutter itsepuhdistuva kytkinmekanismi<\/li>\n<li>Jyrsitty titaaninen taskupidike keraamisilla palloilla<\/li>\n<li>Lasinrikottaja<\/li>\n<li>Torx-laitteisto kaikkialla<\/li>\n<\/ul>\n<h3>Tekniset tiedot<\/h3>\n<table class=\"shop_attributes\">\n<tbody>\n<tr>\n<td><strong>Tyyppi<\/strong><\/td>\n<td>Edess\u00e4 oleva automaatti<\/td>\n<\/tr>\n<tr>\n<td><strong>Ter\u00e4n pituus<\/strong><\/td>\n<td>3,10&#8243;<\/td>\n<\/tr>\n<tr>\n<td><strong>Kokonaispituus<\/strong><\/td>\n<td>7,65&#8243;<\/td>\n<\/tr>\n<tr>\n<td><strong>ter\u00e4s<\/strong><\/td>\n<td>Bohler M390MK<\/td>\n<\/tr>\n<tr>\n<td><strong>K\u00e4sittelymateriaali<\/strong><\/td>\n<td>6061-T6 alumiini<\/td>\n<\/tr>\n<tr>\n<td><strong>Paino<\/strong><\/td>\n<td>3,10 unssia<\/td>\n<\/tr>\n<tr>\n<td><strong>Taskupidike<\/strong><\/td>\n<td>Jyrsitty titaani keraamisella pidikkeell\u00e4<\/td>\n<\/tr>\n<tr>\n<td><strong>Laitteisto<\/strong><\/td>\n<td>Torx-ruuvit<\/td>\n<\/tr>\n<tr>\n<td><strong>Lasinrikottaja<\/strong><\/td>\n<td>Kyll\u00e4<\/td>\n<\/tr>\n<tr>\n<td><strong>Alkuper\u00e4maa<\/strong><\/td>\n<td>USA<\/td>\n<\/tr>\n<tr>\n<td><strong>Kahvojen v\u00e4ri<\/strong><\/td>\n<td>rusketus<\/td>\n<\/tr>\n<tr>\n<td><strong>ter\u00e4n viimeistely<\/strong><\/td>\n<td>Apokalyptinen<\/td>\n<\/tr>\n<tr>\n<td><strong>Reunatyyppi<\/strong><\/td>\n<td>Tavallinen<\/td>\n<\/tr>\n<\/tbody>\n<\/table>\n","protected":false},"excerpt":{"rendered":"<p>Kompakti UTX-85 Gen IV OTF-automaattinen veitsi ruskeanv\u00e4rinen Apocalyptic-viimeistelyll\u00e4 M390MK tantoter\u00e4ll\u00e4. 85 % Ultratech-kokoa ja Dual Fuel Drive Train. 3,10&#8243; ter\u00e4, kokonaispituus 7,65&#8243;, 3,1 unssia.<\/p>\n","protected":false},"featured_media":731280,"template":"","meta":{"_acf_changed":false},"product_brand":[15521],"product_cat":[15357,15994],"product_tag":[],"class_list":{"0":"post-732214","1":"product","2":"type-product","3":"status-publish","4":"has-post-thumbnail","6":"product_brand-microtech","7":"product_cat-knives-fi","8":"product_cat-otf-knives-fi","10":"first","11":"outofstock","12":"taxable","13":"shipping-taxable","14":"purchasable","15":"product-type-simple"},"acf":[],"_links":{"self":[{"href":"https:\/\/nbg.eu\/fi\/wp-json\/wp\/v2\/product\/732214","targetHints":{"allow":["GET"]}}],"collection":[{"href":"https:\/\/nbg.eu\/fi\/wp-json\/wp\/v2\/product"}],"about":[{"href":"https:\/\/nbg.eu\/fi\/wp-json\/wp\/v2\/types\/product"}],"wp:featuredmedia":[{"embeddable":true,"href":"https:\/\/nbg.eu\/fi\/wp-json\/wp\/v2\/media\/731280"}],"wp:attachment":[{"href":"https:\/\/nbg.eu\/fi\/wp-json\/wp\/v2\/media?parent=732214"}],"wp:term":[{"taxonomy":"product_brand","embeddable":true,"href":"https:\/\/nbg.eu\/fi\/wp-json\/wp\/v2\/product_brand?post=732214"},{"taxonomy":"product_cat","embeddable":true,"href":"https:\/\/nbg.eu\/fi\/wp-json\/wp\/v2\/product_cat?post=732214"},{"taxonomy":"product_tag","embeddable":true,"href":"https:\/\/nbg.eu\/fi\/wp-json\/wp\/v2\/product_tag?post=732214"}],"curies":[{"name":"wp","href":"https:\/\/api.w.org\/{rel}","templated":true}]}}