{"id":732218,"date":"2026-03-13T17:31:55","date_gmt":"2026-03-13T14:31:55","guid":{"rendered":"https:\/\/nbg.eu\/product\/microtech-l-u-d-t-t-e-gen-iii-apocalyptic-standard-od-green-2\/"},"modified":"2026-03-16T12:32:21","modified_gmt":"2026-03-16T09:32:21","slug":"microtech-l-u-d-t-t-e-gen-iii-apocalyptic-standard-od-green-2","status":"publish","type":"product","link":"https:\/\/nbg.eu\/fi\/tuote\/microtech-l-u-d-t-t-e-gen-iii-apocalyptic-standard-od-green-2\/","title":{"rendered":"Microtech L.U.D.T. T\/E Gen III Apocalyptic Standard OD vihre\u00e4"},"content":{"rendered":"<h2>Yleiskatsaus<\/h2>\n<p>Microtech L.U.D.T. Gen III on tehokas automaattinen kansio, joka her\u00e4tt\u00e4\u00e4 klassisen UDT-tyylin mullistavilla p\u00e4ivityksill\u00e4 muotoon ja toimintaan. T\u00e4ss\u00e4 OD Green -versiossa on Apocalyptic-viimeistelyn tantoter\u00e4, jossa on tavallinen sile\u00e4 reuna ja joka on taottu Bohler M390MK -ter\u00e4ksest\u00e4. Gen III -iteraatio tuo takaisin kahvan upotukset 3M Traction Tape -teipill\u00e4 optimaalisen otteen takaamiseksi, 24 piidioksidilaakerit takaavat luokkansa tasaisen toiminnan, ja tavallisia Torx-ruuveja helpottaa kentt\u00e4huolto.<\/p>\n<h3>24 piikarbidilaakeria<\/h3>\n<p>LUDT Gen III -toimintaj\u00e4rjestelm\u00e4 k\u00e4ytt\u00e4\u00e4 24:t\u00e4 tarkkuuspiikarbidilaakeria ja tarjoaa sulavimman ja hienostunemman automaattisen taittotoiminnon, jonka Microtech on koskaan valmistanut. Laakerij\u00e4rjestelm\u00e4 eliminoi k\u00e4yt\u00e4nn\u00f6ss\u00e4 kitkan salamannopean k\u00e4ytt\u00f6\u00f6noton ansiosta.<\/p>\n<h3>3M Traction Tape Inlays<\/h3>\n<p>Gen III:n k\u00e4densijan sis\u00e4osien palautus k\u00e4ytt\u00e4\u00e4 teollisuusluokan 3M Traction Tape -teippi\u00e4, joka tarjoaa poikkeuksellisen pidon m\u00e4riss\u00e4, \u00f6ljyisiss\u00e4 tai hansikkaissa olosuhteissa lis\u00e4\u00e4m\u00e4tt\u00e4 kahvaprofiiliin massaa.<\/p>\n<h3>Vedenkest\u00e4v\u00e4 rakenne<\/h3>\n<p>Ankariin ymp\u00e4rist\u00f6ihin tarkoitetussa LUDT Gen III:ssa on s\u00e4\u00e4nkest\u00e4v\u00e4 rakenne, joka vastustaa kosteuden tunkeutumista ja tekee siit\u00e4 luotettavan sateessa, lumessa ja meriymp\u00e4rist\u00f6ss\u00e4.<\/p>\n<h3>Premium-komponentit<\/h3>\n<ul>\n<li>Bohler M390MK tanto-ter\u00e4<\/li>\n<li>6061-T6 alumiinikahva, jossa 3M Traction Tape -uurteet<\/li>\n<li>24 piidioksidikarbidilaakerij\u00e4rjestelm\u00e4<\/li>\n<li>Tip-up kantotaskupidike<\/li>\n<li>Yleinen Torx-laitteisto helpottaa yll\u00e4pitoa<\/li>\n<li>Vedenkest\u00e4v\u00e4 rakenne<\/li>\n<\/ul>\n<h3>Tekniset tiedot<\/h3>\n<table class=\"shop_attributes\">\n<tbody>\n<tr>\n<td><strong>Tyyppi<\/strong><\/td>\n<td>Automaattinen kansio<\/td>\n<\/tr>\n<tr>\n<td><strong>Ter\u00e4n pituus<\/strong><\/td>\n<td>3,50&#8243;<\/td>\n<\/tr>\n<tr>\n<td><strong>Kokonaispituus<\/strong><\/td>\n<td>8,00&#8243;<\/td>\n<\/tr>\n<tr>\n<td><strong>Kahvan pituus<\/strong><\/td>\n<td>4,50&#8243;<\/td>\n<\/tr>\n<tr>\n<td><strong>ter\u00e4s<\/strong><\/td>\n<td>Bohler M390MK<\/td>\n<\/tr>\n<tr>\n<td><strong>K\u00e4sittelymateriaali<\/strong><\/td>\n<td>6061-T6 alumiinia 3M Traction Tape Inlays -upoksilla<\/td>\n<\/tr>\n<tr>\n<td><strong>Paino<\/strong><\/td>\n<td>3,60 unssia<\/td>\n<\/tr>\n<tr>\n<td><strong>Taskupidike<\/strong><\/td>\n<td>Tip-Up Carry<\/td>\n<\/tr>\n<tr>\n<td><strong>Laakerit<\/strong><\/td>\n<td>24 piidioksidi<\/td>\n<\/tr>\n<tr>\n<td><strong>Alkuper\u00e4maa<\/strong><\/td>\n<td>USA<\/td>\n<\/tr>\n<tr>\n<td><strong>Kahvojen v\u00e4ri<\/strong><\/td>\n<td>OD vihre\u00e4<\/td>\n<\/tr>\n<tr>\n<td><strong>ter\u00e4n viimeistely<\/strong><\/td>\n<td>Apokalyptinen<\/td>\n<\/tr>\n<tr>\n<td><strong>Reunatyyppi<\/strong><\/td>\n<td>Tavallinen<\/td>\n<\/tr>\n<\/tbody>\n<\/table>\n","protected":false},"excerpt":{"rendered":"<p>L.U.D.T. Gen III automaattinen taitto OD vihre\u00e4ll\u00e4 Apocalyptic-viimeistelyll\u00e4 M390MK tanto-ter\u00e4ll\u00e4. Sis\u00e4lt\u00e4\u00e4 24 silikakarbidilaakeria ja 3M Traction Tape -upotet. 3,50 tuuman ter\u00e4, kokonaispituus 8,00 tuumaa.<\/p>\n","protected":false},"featured_media":731296,"template":"","meta":{"_acf_changed":false},"product_brand":[15521],"product_cat":[15378,15357],"product_tag":[],"class_list":{"0":"post-732218","1":"product","2":"type-product","3":"status-publish","4":"has-post-thumbnail","6":"product_brand-microtech","7":"product_cat-folding-knives-fi","8":"product_cat-knives-fi","10":"first","11":"instock","12":"taxable","13":"shipping-taxable","14":"purchasable","15":"product-type-simple"},"acf":[],"_links":{"self":[{"href":"https:\/\/nbg.eu\/fi\/wp-json\/wp\/v2\/product\/732218","targetHints":{"allow":["GET"]}}],"collection":[{"href":"https:\/\/nbg.eu\/fi\/wp-json\/wp\/v2\/product"}],"about":[{"href":"https:\/\/nbg.eu\/fi\/wp-json\/wp\/v2\/types\/product"}],"wp:featuredmedia":[{"embeddable":true,"href":"https:\/\/nbg.eu\/fi\/wp-json\/wp\/v2\/media\/731296"}],"wp:attachment":[{"href":"https:\/\/nbg.eu\/fi\/wp-json\/wp\/v2\/media?parent=732218"}],"wp:term":[{"taxonomy":"product_brand","embeddable":true,"href":"https:\/\/nbg.eu\/fi\/wp-json\/wp\/v2\/product_brand?post=732218"},{"taxonomy":"product_cat","embeddable":true,"href":"https:\/\/nbg.eu\/fi\/wp-json\/wp\/v2\/product_cat?post=732218"},{"taxonomy":"product_tag","embeddable":true,"href":"https:\/\/nbg.eu\/fi\/wp-json\/wp\/v2\/product_tag?post=732218"}],"curies":[{"name":"wp","href":"https:\/\/api.w.org\/{rel}","templated":true}]}}