{"id":732221,"date":"2026-03-13T17:32:11","date_gmt":"2026-03-13T14:32:11","guid":{"rendered":"https:\/\/nbg.eu\/product\/microtech-combat-troodon-lt-s-e-apocalyptic-standard-2\/"},"modified":"2026-03-30T15:30:13","modified_gmt":"2026-03-30T12:30:13","slug":"microtech-combat-troodon-lt-s-e-apocalyptic-standard-2","status":"publish","type":"product","link":"https:\/\/nbg.eu\/fi\/tuote\/microtech-combat-troodon-lt-s-e-apocalyptic-standard-2\/","title":{"rendered":"Microtech Combat Troodon LT S\/E Apocalyptic Standard"},"content":{"rendered":"<h2>Yleiskatsaus<\/h2>\n<p>Microtech Combat Troodon LT on legendaarisen Combat Troodonin kevyempi variantti, joka on rakennettu lainvalvonta-, sotilas- ja ensiapusovellusten k\u00e4ytt\u00f6\u00f6n. T\u00e4ss\u00e4 mallissa on Apocalyptic-viimeistely yksireunainen Bohler M390MK -ter\u00e4ksinen pudotuspisteter\u00e4, jossa on tavallinen sile\u00e4 reuna. Gen III:n uudelleensuunnittelussa on uusi kaksipolttoainek\u00e4ytt\u00f6inen voimansiirtoj\u00e4rjestelm\u00e4, joka mahdollistaa vaivattoman k\u00e4ytt\u00f6\u00f6noton, paranneltu painiketaskurakenne, joka minimoi kitkan ja helpottaa roskien siirtymist\u00e4, sek\u00e4 aggressiiviset jimping- ja rungon urat takaavat poikkeuksellisen pidon taktisissa tilanteissa.<\/p>\n<h3>Kaksoispolttoainej\u00e4rjestelm\u00e4<\/h3>\n<p>Combat Troodonin uudelleen suunniteltu voimansiirto mahdollistaa vaivattoman k\u00e4ytt\u00f6\u00f6noton kriittisiss\u00e4 tilanteissa ja k\u00e4ytt\u00e4j\u00e4yst\u00e4v\u00e4llisen purkamisen huoltoa varten. Kaksoisjousirakenne ajaa ter\u00e4\u00e4 eteenp\u00e4in voimakkaasti, mutta pysyy sujuvana toiminnassa.<\/p>\n<h3>Parannettu painiketaskusuunnittelu<\/h3>\n<p>Gen III -painiketasku minimoi kitkan k\u00e4yt\u00f6n aikana ja helpottaa roskien tehokasta syrj\u00e4ytt\u00e4mist\u00e4, mik\u00e4 v\u00e4hent\u00e4\u00e4 dramaattisesti toistuvan huollon ja puhdistuksen tarvetta kentt\u00e4olosuhteissa.<\/p>\n<h3>Taktinen ergonomia<\/h3>\n<p>Syv\u00e4 jimppaus ja tarkasti jyrsityt urat k\u00e4densijan rungossa tarjoavat poikkeuksellisen ostosmahdollisuuden m\u00e4riss\u00e4, \u00f6ljyisiss\u00e4 tai hansikkaissa olosuhteissa. Titaaninen taskupidike, jossa on keraaminen pidike, varmistaa turvallisuuden ja nopean saavutettavuuden.<\/p>\n<h3>Premium-komponentit<\/h3>\n<ul>\n<li>Bohler M390MK pudotuspisteter\u00e4 Apocalyptic viimeistelyll\u00e4<\/li>\n<li>6061-T6 alumiinikahva syv\u00e4ll\u00e4 kaiverruksella<\/li>\n<li>Kaksipolttoaineen voimansiirron k\u00e4ytt\u00f6\u00f6nottoj\u00e4rjestelm\u00e4<\/li>\n<li>Titaaninen taskupidike keraamisella pidikkeell\u00e4<\/li>\n<li>Ruostumattomasta ter\u00e4ksest\u00e4 valmistettu lasinmurtaja<\/li>\n<li>K\u00e4\u00e4nnett\u00e4v\u00e4 taskupidike<\/li>\n<\/ul>\n<h3>Tekniset tiedot<\/h3>\n<table class=\"shop_attributes\">\n<tbody>\n<tr>\n<td><strong>Tyyppi<\/strong><\/td>\n<td>Edess\u00e4 oleva automaatti<\/td>\n<\/tr>\n<tr>\n<td><strong>Ter\u00e4n pituus<\/strong><\/td>\n<td>4,00&#8243;<\/td>\n<\/tr>\n<tr>\n<td><strong>Kokonaispituus<\/strong><\/td>\n<td>9,50&#8243;<\/td>\n<\/tr>\n<tr>\n<td><strong>Kahvan pituus<\/strong><\/td>\n<td>5,50&#8243;<\/td>\n<\/tr>\n<tr>\n<td><strong>ter\u00e4s<\/strong><\/td>\n<td>Bohler M390MK<\/td>\n<\/tr>\n<tr>\n<td><strong>K\u00e4sittelymateriaali<\/strong><\/td>\n<td>6061-T6 alumiini (musta)<\/td>\n<\/tr>\n<tr>\n<td><strong>Paino<\/strong><\/td>\n<td>~5,0 unssia<\/td>\n<\/tr>\n<tr>\n<td><strong>Blade-tyyli<\/strong><\/td>\n<td>Pudotuspiste (S\/E)<\/td>\n<\/tr>\n<tr>\n<td><strong>ter\u00e4n viimeistely<\/strong><\/td>\n<td>Apokalyptinen<\/td>\n<\/tr>\n<tr>\n<td><strong>Reunatyyppi<\/strong><\/td>\n<td>Tavallinen<\/td>\n<\/tr>\n<tr>\n<td><strong>Taskupidike<\/strong><\/td>\n<td>Titaania keraamisella pidikkeell\u00e4<\/td>\n<\/tr>\n<tr>\n<td><strong>Lasinrikottaja<\/strong><\/td>\n<td>Ruostumaton ter\u00e4s<\/td>\n<\/tr>\n<tr>\n<td><strong>Alkuper\u00e4maa<\/strong><\/td>\n<td>USA<\/td>\n<\/tr>\n<\/tbody>\n<\/table>\n","protected":false},"excerpt":{"rendered":"<p>Combat Troodon LT OTF automaattinen Apocalyptic-viimeistelyn yksireunainen M390MK pudotuspisteter\u00e4. Kahden polttoaineen voimansiirto, titaanipidike, lasinmurtaja. 4,00&#8243; ter\u00e4, kokonaispituus 9,50&#8243;, ~5,0 unssia.<\/p>\n","protected":false},"featured_media":731306,"template":"","meta":{"_acf_changed":false},"product_brand":[15521],"product_cat":[15357,15994],"product_tag":[],"class_list":{"0":"post-732221","1":"product","2":"type-product","3":"status-publish","4":"has-post-thumbnail","6":"product_brand-microtech","7":"product_cat-knives-fi","8":"product_cat-otf-knives-fi","10":"first","11":"outofstock","12":"taxable","13":"shipping-taxable","14":"purchasable","15":"product-type-simple"},"acf":[],"_links":{"self":[{"href":"https:\/\/nbg.eu\/fi\/wp-json\/wp\/v2\/product\/732221","targetHints":{"allow":["GET"]}}],"collection":[{"href":"https:\/\/nbg.eu\/fi\/wp-json\/wp\/v2\/product"}],"about":[{"href":"https:\/\/nbg.eu\/fi\/wp-json\/wp\/v2\/types\/product"}],"wp:featuredmedia":[{"embeddable":true,"href":"https:\/\/nbg.eu\/fi\/wp-json\/wp\/v2\/media\/731306"}],"wp:attachment":[{"href":"https:\/\/nbg.eu\/fi\/wp-json\/wp\/v2\/media?parent=732221"}],"wp:term":[{"taxonomy":"product_brand","embeddable":true,"href":"https:\/\/nbg.eu\/fi\/wp-json\/wp\/v2\/product_brand?post=732221"},{"taxonomy":"product_cat","embeddable":true,"href":"https:\/\/nbg.eu\/fi\/wp-json\/wp\/v2\/product_cat?post=732221"},{"taxonomy":"product_tag","embeddable":true,"href":"https:\/\/nbg.eu\/fi\/wp-json\/wp\/v2\/product_tag?post=732221"}],"curies":[{"name":"wp","href":"https:\/\/api.w.org\/{rel}","templated":true}]}}