{"id":732223,"date":"2026-03-13T17:32:22","date_gmt":"2026-03-13T14:32:22","guid":{"rendered":"https:\/\/nbg.eu\/product\/microtech-scarab-ii-gen-iii-t-e-dlc-shadow-signature-series-2\/"},"modified":"2026-03-30T15:41:09","modified_gmt":"2026-03-30T12:41:09","slug":"microtech-scarab-ii-gen-iii-t-e-dlc-shadow-signature-series-2","status":"publish","type":"product","link":"https:\/\/nbg.eu\/fi\/tuote\/microtech-scarab-ii-gen-iii-t-e-dlc-shadow-signature-series-2\/","title":{"rendered":"Microtech Scarab II Gen III T\/E DLC Shadow Signature -sarja"},"content":{"rendered":"<h2>Yleiskatsaus<\/h2>\n<p>Microtech Scarab II Gen III on Microtechin nykyisen malliston suurin kaksitoiminen OTF-veitsi, jossa on levein saatavilla oleva ter\u00e4 ja vaikuttava 9,70 tuuman kokonaispituus. T\u00e4ss\u00e4 Black DLC Shadow -versiossa on DLC-pinnoitettu tanto-ter\u00e4 Bohler M390MK -ter\u00e4ksest\u00e4. Vallankumouksellinen kaksoispolttoainek\u00e4ytt\u00f6inen voimansiirto tehostaa jopa tehoa. veden alla, kun taas muotoiltu kahva, jossa on kuvioidut lis\u00e4kkeet, tarjoaa turvallisen ja mukavan otteen pidemp\u00e4\u00e4n k\u00e4ytt\u00f6\u00f6n.<\/p>\n<h3>Suurin kaksitoiminen OTF<\/h3>\n<p>Noin 5,9 unssia ja l\u00e4hes 4 tuuman ter\u00e4ll\u00e4 painava Scarab II hallitsee valtaa. Sen leve\u00e4 tanto-ter\u00e4profiili tarjoaa poikkeuksellisen leikkaustehon ja k\u00e4rjen lujuuden vaativiin teht\u00e4viin.<\/p>\n<h3>Kaksoispolttoaineinen voimansiirto<\/h3>\n<p>Kaksoisjousirakenne tuottaa tarpeeksi voimaa, jotta ter\u00e4 toimii luotettavasti jopa veteen upotettuna, joten Scarab II on yksi luotettavimmista koskaan valmistetuista OTF-veitsist\u00e4.<\/p>\n<h3>Takaportin suunnittelu<\/h3>\n<p>Harkisti suunniteltu takaportti mahdollistaa veitsen avaamisen vaivattomasti vaikeissakin olosuhteissa, ja ter\u00e4ss\u00e4 ja takap\u00e4\u00e4ss\u00e4 on leikkaukset l\u00e4pivirtausta varten.<\/p>\n<h3>Premium-komponentit<\/h3>\n<ul>\n<li>Bohler M390MK leve\u00e4 tanto-ter\u00e4<\/li>\n<li>6061-T6 alumiininen muotoiltu kahva<\/li>\n<li>Kaksipolttoainek\u00e4ytt\u00f6inen voimansiirto, jossa vedenalainen k\u00e4ytt\u00f6\u00f6nottomahdollisuus<\/li>\n<li>Kuvioidut pitoosat parantavat pitoa<\/li>\n<li>Takaportti luotettavaa toimintaa varten<\/li>\n<li>L\u00e4pivirtaava muotoilu kohokuvioiduilla leikkauksilla<\/li>\n<li>DLC-pinnoitettu laitteisto ja taskupidike<\/li>\n<li>Signature-sarjan syv\u00e4kaiverrettu Scarab-logo<\/li>\n<\/ul>\n<h3>Tekniset tiedot<\/h3>\n<table class=\"shop_attributes\">\n<tbody>\n<tr>\n<td><strong>Tyyppi<\/strong><\/td>\n<td>Edess\u00e4 oleva automaatti<\/td>\n<\/tr>\n<tr>\n<td><strong>Ter\u00e4n pituus<\/strong><\/td>\n<td>3,95&#8243;<\/td>\n<\/tr>\n<tr>\n<td><strong>Kokonaispituus<\/strong><\/td>\n<td>9,70&#8243;<\/td>\n<\/tr>\n<tr>\n<td><strong>ter\u00e4s<\/strong><\/td>\n<td>Bohler M390MK (DLC-pinnoitettu)<\/td>\n<\/tr>\n<tr>\n<td><strong>K\u00e4sittelymateriaali<\/strong><\/td>\n<td>6061-T6 alumiini (musta DLC Shadow)<\/td>\n<\/tr>\n<tr>\n<td><strong>Paino<\/strong><\/td>\n<td>~5,9 unssia<\/td>\n<\/tr>\n<tr>\n<td><strong>Blade-tyyli<\/strong><\/td>\n<td>Tanto (T\/E)<\/td>\n<\/tr>\n<tr>\n<td><strong>ter\u00e4n viimeistely<\/strong><\/td>\n<td>DLC Shadow<\/td>\n<\/tr>\n<tr>\n<td><strong>Laitteisto<\/strong><\/td>\n<td>DLC-p\u00e4\u00e4llystetty<\/td>\n<\/tr>\n<tr>\n<td><strong>Reunatyyppi<\/strong><\/td>\n<td>Tavallinen<\/td>\n<\/tr>\n<tr>\n<td><strong>Sarja<\/strong><\/td>\n<td>Signature-sarja<\/td>\n<\/tr>\n<tr>\n<td><strong>Alkuper\u00e4maa<\/strong><\/td>\n<td>USA<\/td>\n<\/tr>\n<\/tbody>\n<\/table>\n","protected":false},"excerpt":{"rendered":"<p>Scarab II Gen III Signature Series, jossa t\u00e4ysi DLC Shadow -viimeistely \u2013 DLC-pinnoitettu M390MK tanto-ter\u00e4, DLC-laitteisto ja musta alumiinikahva. Microtechin suurin OTF. 3,95 tuuman ter\u00e4, kokonaispituus 9,70 tuumaa.<\/p>\n","protected":false},"featured_media":731312,"template":"","meta":{"_acf_changed":false},"product_brand":[15521],"product_cat":[15357,15994],"product_tag":[],"class_list":{"0":"post-732223","1":"product","2":"type-product","3":"status-publish","4":"has-post-thumbnail","6":"product_brand-microtech","7":"product_cat-knives-fi","8":"product_cat-otf-knives-fi","10":"first","11":"outofstock","12":"taxable","13":"shipping-taxable","14":"purchasable","15":"product-type-simple"},"acf":[],"_links":{"self":[{"href":"https:\/\/nbg.eu\/fi\/wp-json\/wp\/v2\/product\/732223","targetHints":{"allow":["GET"]}}],"collection":[{"href":"https:\/\/nbg.eu\/fi\/wp-json\/wp\/v2\/product"}],"about":[{"href":"https:\/\/nbg.eu\/fi\/wp-json\/wp\/v2\/types\/product"}],"wp:featuredmedia":[{"embeddable":true,"href":"https:\/\/nbg.eu\/fi\/wp-json\/wp\/v2\/media\/731312"}],"wp:attachment":[{"href":"https:\/\/nbg.eu\/fi\/wp-json\/wp\/v2\/media?parent=732223"}],"wp:term":[{"taxonomy":"product_brand","embeddable":true,"href":"https:\/\/nbg.eu\/fi\/wp-json\/wp\/v2\/product_brand?post=732223"},{"taxonomy":"product_cat","embeddable":true,"href":"https:\/\/nbg.eu\/fi\/wp-json\/wp\/v2\/product_cat?post=732223"},{"taxonomy":"product_tag","embeddable":true,"href":"https:\/\/nbg.eu\/fi\/wp-json\/wp\/v2\/product_tag?post=732223"}],"curies":[{"name":"wp","href":"https:\/\/api.w.org\/{rel}","templated":true}]}}