{"id":732225,"date":"2026-03-13T17:32:35","date_gmt":"2026-03-13T14:32:35","guid":{"rendered":"https:\/\/nbg.eu\/product\/microtech-socom-elite-s-e-manual-tactical-standard-black-2\/"},"modified":"2026-03-16T12:32:55","modified_gmt":"2026-03-16T09:32:55","slug":"microtech-socom-elite-s-e-manual-tactical-standard-black-2","status":"publish","type":"product","link":"https:\/\/nbg.eu\/fi\/tuote\/microtech-socom-elite-s-e-manual-tactical-standard-black-2\/","title":{"rendered":"Microtech Socom Elite S\/E Manual Tactical Standard Black"},"content":{"rendered":"<h2>Yleiskatsaus<\/h2>\n<p>Microtech Socom Elite on pysynyt yhten\u00e4 suosituimmista taktisista taittoveist\u00e4 vuodesta 1996 l\u00e4htien, ja t\u00e4m\u00e4 manuaalinen taktinen muunnos jatkaa t\u00e4t\u00e4 perint\u00f6\u00e4. Socom Eliten ergonominen kahva, jossa on kaksis\u00e4vyinen musta taktinen M390-ter\u00e4, jossa on tavallinen sile\u00e4 reuna, muotoutuu luonnollisesti k\u00e4teen, kun taas integroitu lasinmurtaja ja suuri peukalontappi tarjoavat k\u00e4yt\u00e4nn\u00f6llist\u00e4 k\u00e4ytt\u00f6\u00e4 ja helpon k\u00e4yt\u00f6n yhdell\u00e4 k\u00e4dell\u00e4, jopa k\u00e4sineit\u00e4 k\u00e4ytett\u00e4ess\u00e4.<\/p>\n<h3>Todistettu taktinen suunnittelu<\/h3>\n<p>Vuodesta 1996 l\u00e4htien Socom Elite\u00e4 on jalostettu armeijan, lainvalvontaviranomaisten ja siviilik\u00e4ytt\u00e4jien vuosikymmenien todellisen palautteen avulla. Kahvan geometria tarjoaa luonnollisen ja turvallisen otteen, joka v\u00e4hent\u00e4\u00e4 v\u00e4symyst\u00e4 pitk\u00e4aikaisen k\u00e4yt\u00f6n aikana.<\/p>\n<h3>Integroitu lasinmurtaja<\/h3>\n<p>Kahvan pohjaan rakennettu karkaistu lasinmurtaja tarjoaa h\u00e4t\u00e4poistumismahdollisuuden, joten Socom Elite on monipuolinen ty\u00f6kalu leikkausteht\u00e4vien lis\u00e4ksi.<\/p>\n<h3>k\u00e4sineyst\u00e4v\u00e4llinen toiminta<\/h3>\n<p>Ylisuuret peukalon nastat ja kuvioidut k\u00e4densijat alumiinikahvavaa&#8217;oissa varmistavat positiivisen hallinnan ja helpon k\u00e4ytt\u00f6\u00f6noton jopa taktisissa k\u00e4sineiss\u00e4 tai m\u00e4riss\u00e4 olosuhteissa.<\/p>\n<h3>Premium-komponentit<\/h3>\n<ul>\n<li>Bohler M390 -ter\u00e4<\/li>\n<li>6061-T6-alumiininen kahva, jossa kahvakuoret<\/li>\n<li>Integroitu lasinmurtaja<\/li>\n<li>Iso peukalontappi hansikkaiden k\u00e4ytt\u00f6\u00f6n<\/li>\n<li>Taskupidike<\/li>\n<\/ul>\n<h3>Tekniset tiedot<\/h3>\n<table class=\"shop_attributes\">\n<tbody>\n<tr>\n<td><strong>Tyyppi<\/strong><\/td>\n<td>Manuaalinen kansio<\/td>\n<\/tr>\n<tr>\n<td><strong>Ter\u00e4n pituus<\/strong><\/td>\n<td>4,00&#8243;<\/td>\n<\/tr>\n<tr>\n<td><strong>Kokonaispituus<\/strong><\/td>\n<td>9,125&#8243;<\/td>\n<\/tr>\n<tr>\n<td><strong>Kahvan pituus<\/strong><\/td>\n<td>5,125&#8243;<\/td>\n<\/tr>\n<tr>\n<td><strong>ter\u00e4s<\/strong><\/td>\n<td>Bohler M390<\/td>\n<\/tr>\n<tr>\n<td><strong>K\u00e4sittelymateriaali<\/strong><\/td>\n<td>6061-T6 alumiini (musta)<\/td>\n<\/tr>\n<tr>\n<td><strong>Paino<\/strong><\/td>\n<td>4,60 unssia<\/td>\n<\/tr>\n<tr>\n<td><strong>Blade-tyyli<\/strong><\/td>\n<td>Pudotuspiste (S\/E)<\/td>\n<\/tr>\n<tr>\n<td><strong>ter\u00e4n viimeistely<\/strong><\/td>\n<td>Taktinen musta (kaksis\u00e4vyinen)<\/td>\n<\/tr>\n<tr>\n<td><strong>Reunatyyppi<\/strong><\/td>\n<td>Tavallinen<\/td>\n<\/tr>\n<tr>\n<td><strong>Lukitse<\/strong><\/td>\n<td>Liner Lock<\/td>\n<\/tr>\n<tr>\n<td><strong>Lasinrikottaja<\/strong><\/td>\n<td>Integroitu<\/td>\n<\/tr>\n<tr>\n<td><strong>Alkuper\u00e4maa<\/strong><\/td>\n<td>USA<\/td>\n<\/tr>\n<\/tbody>\n<\/table>\n","protected":false},"excerpt":{"rendered":"<p>Socom Elite manuaalinen kansio kaksis\u00e4vyisell\u00e4 mustalla taktisella M390 yksireunaisella ter\u00e4ll\u00e4. Ikoninen muotoilu vuodesta 1996, jossa vuorauslukko, lasinmurtaja ja iso peukalontappi. 4,00&#8243; ter\u00e4, kokonaispituus 9,125&#8243;, 4,6 unssia.<\/p>\n","protected":false},"featured_media":731320,"template":"","meta":{"_acf_changed":false},"product_brand":[15521],"product_cat":[15378,15357],"product_tag":[],"class_list":{"0":"post-732225","1":"product","2":"type-product","3":"status-publish","4":"has-post-thumbnail","6":"product_brand-microtech","7":"product_cat-folding-knives-fi","8":"product_cat-knives-fi","10":"first","11":"instock","12":"taxable","13":"shipping-taxable","14":"purchasable","15":"product-type-simple"},"acf":[],"_links":{"self":[{"href":"https:\/\/nbg.eu\/fi\/wp-json\/wp\/v2\/product\/732225","targetHints":{"allow":["GET"]}}],"collection":[{"href":"https:\/\/nbg.eu\/fi\/wp-json\/wp\/v2\/product"}],"about":[{"href":"https:\/\/nbg.eu\/fi\/wp-json\/wp\/v2\/types\/product"}],"wp:featuredmedia":[{"embeddable":true,"href":"https:\/\/nbg.eu\/fi\/wp-json\/wp\/v2\/media\/731320"}],"wp:attachment":[{"href":"https:\/\/nbg.eu\/fi\/wp-json\/wp\/v2\/media?parent=732225"}],"wp:term":[{"taxonomy":"product_brand","embeddable":true,"href":"https:\/\/nbg.eu\/fi\/wp-json\/wp\/v2\/product_brand?post=732225"},{"taxonomy":"product_cat","embeddable":true,"href":"https:\/\/nbg.eu\/fi\/wp-json\/wp\/v2\/product_cat?post=732225"},{"taxonomy":"product_tag","embeddable":true,"href":"https:\/\/nbg.eu\/fi\/wp-json\/wp\/v2\/product_tag?post=732225"}],"curies":[{"name":"wp","href":"https:\/\/api.w.org\/{rel}","templated":true}]}}