{"id":732227,"date":"2026-03-13T17:32:48","date_gmt":"2026-03-13T14:32:48","guid":{"rendered":"https:\/\/nbg.eu\/product\/microtech-stitch-s-e-tactical-partial-serrated-2\/"},"modified":"2026-03-16T12:33:04","modified_gmt":"2026-03-16T09:33:04","slug":"microtech-stitch-s-e-tactical-partial-serrated-2","status":"publish","type":"product","link":"https:\/\/nbg.eu\/fi\/tuote\/microtech-stitch-s-e-tactical-partial-serrated-2\/","title":{"rendered":"Microtech Stitch S\/E Tactical Osittain hammastettu"},"content":{"rendered":"<h2>Yleiskatsaus<\/h2>\n<p>Microtech Stitch on tuotannon mestariteos, joka on syntynyt Marfione Custom Knivesin ja Borka Bladesin yhteisty\u00f6st\u00e4. T\u00e4ss\u00e4 taktisessa versiossa on DLC-pinnoitettu osittain sahalaitainen keih\u00e4\u00e4nk\u00e4rki Bohler M390 -ter\u00e4ksest\u00e4, joka on sijoitettu voimakkaasti jyrsittyyn ja uurrettuun 6061-T6 alumiinikahvaan, jossa on musta Mil-Spec Hardcoat anodisoitu viimeistely. 6,3 unssilla Stitch tarjoaa huomattavan voimakkuuden ja l\u00e4sn\u00e4olon, ja runsas choil ja peukaloramppi tarjoavat useita turvallisia pitovaihtoehtoja tarkkaan hallintaan.<\/p>\n<h3>Marfione x Borka -yhteisty\u00f6<\/h3>\n<p>Stitch edustaa kahden legendaarisen valmistajan r\u00e4\u00e4t\u00e4l\u00f6idyn veitsiyhteisty\u00f6n tuotantoa. Jokainen yksityiskohta erottuvasta ter\u00e4profiilista aggressiiviseen kahvajyrsint\u00e4\u00e4n heijastaa vuosikymmenten yhdistetty\u00e4 veitsenvalmistuksen asiantuntemusta.<\/p>\n<h3>Mil-Spec Hardcoat Construction<\/h3>\n<p>Juuri jyrsitty alumiinikahva on varustettu Mil-Spec Type III Hardcoat -anodisuksella poikkeuksellisen kulumisen ja korroosionkest\u00e4vyyden takaamiseksi. Syv\u00e4 uurrettu kuvio tarjoaa turvallisen pitopinnan ilman upotteita.<\/p>\n<h3>Monipuolinen ter\u00e4geometria<\/h3>\n<p>Keih\u00e4\u00e4nk\u00e4rjen ter\u00e4profiili, jossa on huomattava kulma ja peukalon ramppi, tarjoaa useita pitoasentoja erilaisiin leikkausteht\u00e4viin tarkkuusty\u00f6st\u00e4 aggressiiviseen viipalointiin, jossa on osittain sahalaitainen osa.<\/p>\n<h3>Premium-komponentit<\/h3>\n<ul>\n<li>Bohler M390 -keih\u00e4\u00e4nk\u00e4rki DLC-pinnoitteella<\/li>\n<li>6061-T6 alumiinikahva Mil-Spec Hardcoat -anodisuksella<\/li>\n<li>Syv\u00e4 uurrettu kuvio turvallisen otteen takaamiseksi<\/li>\n<li>Jimped alumiininen backspacer<\/li>\n<li>Tip-up kantotaskupidike<\/li>\n<li>Automaattinen k\u00e4ytt\u00f6\u00f6notto painikkeella<\/li>\n<\/ul>\n<h3>Tekniset tiedot<\/h3>\n<table class=\"shop_attributes\">\n<tbody>\n<tr>\n<td><strong>Tyyppi<\/strong><\/td>\n<td>Automaattinen (OTS)<\/td>\n<\/tr>\n<tr>\n<td><strong>Ter\u00e4n pituus<\/strong><\/td>\n<td>3,75&#8243;<\/td>\n<\/tr>\n<tr>\n<td><strong>Kokonaispituus<\/strong><\/td>\n<td>8,51&#8243;<\/td>\n<\/tr>\n<tr>\n<td><strong>Suljettu pituus<\/strong><\/td>\n<td>5,00&#8243;<\/td>\n<\/tr>\n<tr>\n<td><strong>Ter\u00e4n paksuus<\/strong><\/td>\n<td>0,197&#8243;<\/td>\n<\/tr>\n<tr>\n<td><strong>ter\u00e4s<\/strong><\/td>\n<td>Bohler M390<\/td>\n<\/tr>\n<tr>\n<td><strong>K\u00e4sittelymateriaali<\/strong><\/td>\n<td>6061-T6 alumiini (Mil-Spec Hardcoat)<\/td>\n<\/tr>\n<tr>\n<td><strong>Kahvojen paksuus<\/strong><\/td>\n<td>0,62&#8243;<\/td>\n<\/tr>\n<tr>\n<td><strong>Paino<\/strong><\/td>\n<td>6,30 unssia<\/td>\n<\/tr>\n<tr>\n<td><strong>Blade-tyyli<\/strong><\/td>\n<td>Keih\u00e4\u00e4nk\u00e4rki (S\/E)<\/td>\n<\/tr>\n<tr>\n<td><strong>ter\u00e4n viimeistely<\/strong><\/td>\n<td>Musta DLC<\/td>\n<\/tr>\n<tr>\n<td><strong>Reunatyyppi<\/strong><\/td>\n<td>Osittain hammastettu<\/td>\n<\/tr>\n<tr>\n<td><strong>Alkuper\u00e4maa<\/strong><\/td>\n<td>USA<\/td>\n<\/tr>\n<\/tbody>\n<\/table>\n","protected":false},"excerpt":{"rendered":"<p>Ompele automaattinen veitsi, jossa on DLC-pinnoitettu osittain sahalaitainen M390-keih\u00e4\u00e4nk\u00e4rki. Yhteisty\u00f6 Marfione Customin ja Borka Bladesin v\u00e4lill\u00e4. Py\u00e4llystetty alumiinikahva, 3,75&#8243; ter\u00e4, 8,51&#8243; haalari, 6,3 unssia.<\/p>\n","protected":false},"featured_media":731328,"template":"","meta":{"_acf_changed":false},"product_brand":[15521],"product_cat":[15378,15357],"product_tag":[],"class_list":{"0":"post-732227","1":"product","2":"type-product","3":"status-publish","4":"has-post-thumbnail","6":"product_brand-microtech","7":"product_cat-folding-knives-fi","8":"product_cat-knives-fi","10":"first","11":"instock","12":"taxable","13":"shipping-taxable","14":"purchasable","15":"product-type-simple"},"acf":[],"_links":{"self":[{"href":"https:\/\/nbg.eu\/fi\/wp-json\/wp\/v2\/product\/732227","targetHints":{"allow":["GET"]}}],"collection":[{"href":"https:\/\/nbg.eu\/fi\/wp-json\/wp\/v2\/product"}],"about":[{"href":"https:\/\/nbg.eu\/fi\/wp-json\/wp\/v2\/types\/product"}],"wp:featuredmedia":[{"embeddable":true,"href":"https:\/\/nbg.eu\/fi\/wp-json\/wp\/v2\/media\/731328"}],"wp:attachment":[{"href":"https:\/\/nbg.eu\/fi\/wp-json\/wp\/v2\/media?parent=732227"}],"wp:term":[{"taxonomy":"product_brand","embeddable":true,"href":"https:\/\/nbg.eu\/fi\/wp-json\/wp\/v2\/product_brand?post=732227"},{"taxonomy":"product_cat","embeddable":true,"href":"https:\/\/nbg.eu\/fi\/wp-json\/wp\/v2\/product_cat?post=732227"},{"taxonomy":"product_tag","embeddable":true,"href":"https:\/\/nbg.eu\/fi\/wp-json\/wp\/v2\/product_tag?post=732227"}],"curies":[{"name":"wp","href":"https:\/\/api.w.org\/{rel}","templated":true}]}}